{"id":2,"date":"2023-01-19T09:08:36","date_gmt":"2023-01-19T08:08:36","guid":{"rendered":"http:\/\/zswolagulowska.adamow.pl\/?page_id=2"},"modified":"2025-01-02T11:18:45","modified_gmt":"2025-01-02T10:18:45","slug":"przykladowa-strona","status":"publish","type":"page","link":"https:\/\/zswolagulowska.adamow.pl\/?page_id=2","title":{"rendered":"Przyk\u0142adowa strona"},"content":{"rendered":"\r\n<p style=\"font-weight: 400;\">Kliknij odpowiedni\u0105 pozycj\u0119 w zak\u0142adce<\/p>\r\n","protected":false},"excerpt":{"rendered":"<p>Kliknij odpowiedni\u0105 pozycj\u0119 w zak\u0142adce<\/p>\n","protected":false},"author":1,"featured_media":0,"parent":0,"menu_order":0,"comment_status":"closed","ping_status":"open","template":"","meta":{"footnotes":""},"class_list":["post-2","page","type-page","status-publish","hentry"],"yoast_head":"<!-- This site is optimized with the Yoast SEO plugin v26.6 - https:\/\/yoast.com\/wordpress\/plugins\/seo\/ -->\n<title>Przyk\u0142adowa strona - Zesp\u00f3\u0142 Szk\u00f3\u0142 im. gen. Franciszka Kleeberga w Woli Gu\u0142owskiej<\/title>\n<meta name=\"robots\" content=\"index, follow, max-snippet:-1, max-image-preview:large, max-video-preview:-1\" \/>\n<link rel=\"canonical\" href=\"https:\/\/zswolagulowska.adamow.pl\/?page_id=2\" \/>\n<meta property=\"og:locale\" content=\"pl_PL\" \/>\n<meta property=\"og:type\" content=\"article\" \/>\n<meta property=\"og:title\" content=\"Przyk\u0142adowa strona - Zesp\u00f3\u0142 Szk\u00f3\u0142 im. gen. Franciszka Kleeberga w Woli Gu\u0142owskiej\" \/>\n<meta property=\"og:description\" content=\"Kliknij odpowiedni\u0105 pozycj\u0119 w zak\u0142adce\" \/>\n<meta property=\"og:url\" content=\"https:\/\/zswolagulowska.adamow.pl\/?page_id=2\" \/>\n<meta property=\"og:site_name\" content=\"Zesp\u00f3\u0142 Szk\u00f3\u0142 im. gen. Franciszka Kleeberga w Woli Gu\u0142owskiej\" \/>\n<meta property=\"article:modified_time\" content=\"2025-01-02T10:18:45+00:00\" \/>\n<meta name=\"twitter:card\" content=\"summary_large_image\" \/>\n<meta name=\"twitter:label1\" content=\"Szacowany czas czytania\" \/>\n\t<meta name=\"twitter:data1\" content=\"1 minuta\" \/>\n<script type=\"application\/ld+json\" class=\"yoast-schema-graph\">{\"@context\":\"https:\/\/schema.org\",\"@graph\":[{\"@type\":\"WebPage\",\"@id\":\"https:\/\/zswolagulowska.adamow.pl\/?page_id=2\",\"url\":\"https:\/\/zswolagulowska.adamow.pl\/?page_id=2\",\"name\":\"Przyk\u0142adowa strona - Zesp\u00f3\u0142 Szk\u00f3\u0142 im. gen. Franciszka Kleeberga w Woli Gu\u0142owskiej\",\"isPartOf\":{\"@id\":\"https:\/\/zswolagulowska.adamow.pl\/#website\"},\"datePublished\":\"2023-01-19T08:08:36+00:00\",\"dateModified\":\"2025-01-02T10:18:45+00:00\",\"breadcrumb\":{\"@id\":\"https:\/\/zswolagulowska.adamow.pl\/?page_id=2#breadcrumb\"},\"inLanguage\":\"pl-PL\",\"potentialAction\":[{\"@type\":\"ReadAction\",\"target\":[\"https:\/\/zswolagulowska.adamow.pl\/?page_id=2\"]}]},{\"@type\":\"BreadcrumbList\",\"@id\":\"https:\/\/zswolagulowska.adamow.pl\/?page_id=2#breadcrumb\",\"itemListElement\":[{\"@type\":\"ListItem\",\"position\":1,\"name\":\"Home\",\"item\":\"https:\/\/zswolagulowska.adamow.pl\/\"},{\"@type\":\"ListItem\",\"position\":2,\"name\":\"Przyk\u0142adowa strona\"}]},{\"@type\":\"WebSite\",\"@id\":\"https:\/\/zswolagulowska.adamow.pl\/#website\",\"url\":\"https:\/\/zswolagulowska.adamow.pl\/\",\"name\":\"Zesp\u00f3\u0142 Szk\u00f3\u0142 im. gen Franciszka Kleeberga w Woli Gu\u0142owskiej\",\"description\":\"&quot;Uczymy si\u0119 nie dla szko\u0142y, lecz dla \u017cycia.&quot;\",\"publisher\":{\"@id\":\"https:\/\/zswolagulowska.adamow.pl\/#organization\"},\"potentialAction\":[{\"@type\":\"SearchAction\",\"target\":{\"@type\":\"EntryPoint\",\"urlTemplate\":\"https:\/\/zswolagulowska.adamow.pl\/?s={search_term_string}\"},\"query-input\":{\"@type\":\"PropertyValueSpecification\",\"valueRequired\":true,\"valueName\":\"search_term_string\"}}],\"inLanguage\":\"pl-PL\"},{\"@type\":\"Organization\",\"@id\":\"https:\/\/zswolagulowska.adamow.pl\/#organization\",\"name\":\"Zesp\u00f3\u0142 Szk\u00f3\u0142 im. gen Franciszka Kleeberga w Woli Gu\u0142owskiej\",\"url\":\"https:\/\/zswolagulowska.adamow.pl\/\",\"logo\":{\"@type\":\"ImageObject\",\"inLanguage\":\"pl-PL\",\"@id\":\"https:\/\/zswolagulowska.adamow.pl\/#\/schema\/logo\/image\/\",\"url\":\"https:\/\/zswolagulowska.adamow.pl\/wp-content\/uploads\/2023\/01\/cropped-cropped-cropped-logo-1-1.png\",\"contentUrl\":\"https:\/\/zswolagulowska.adamow.pl\/wp-content\/uploads\/2023\/01\/cropped-cropped-cropped-logo-1-1.png\",\"width\":420,\"height\":403,\"caption\":\"Zesp\u00f3\u0142 Szk\u00f3\u0142 im. gen Franciszka Kleeberga w Woli Gu\u0142owskiej\"},\"image\":{\"@id\":\"https:\/\/zswolagulowska.adamow.pl\/#\/schema\/logo\/image\/\"}}]}<\/script>\n<!-- \/ Yoast SEO plugin. -->","yoast_head_json":{"title":"Przyk\u0142adowa strona - Zesp\u00f3\u0142 Szk\u00f3\u0142 im. gen. Franciszka Kleeberga w Woli Gu\u0142owskiej","robots":{"index":"index","follow":"follow","max-snippet":"max-snippet:-1","max-image-preview":"max-image-preview:large","max-video-preview":"max-video-preview:-1"},"canonical":"https:\/\/zswolagulowska.adamow.pl\/?page_id=2","og_locale":"pl_PL","og_type":"article","og_title":"Przyk\u0142adowa strona - Zesp\u00f3\u0142 Szk\u00f3\u0142 im. gen. Franciszka Kleeberga w Woli Gu\u0142owskiej","og_description":"Kliknij odpowiedni\u0105 pozycj\u0119 w zak\u0142adce","og_url":"https:\/\/zswolagulowska.adamow.pl\/?page_id=2","og_site_name":"Zesp\u00f3\u0142 Szk\u00f3\u0142 im. gen. Franciszka Kleeberga w Woli Gu\u0142owskiej","article_modified_time":"2025-01-02T10:18:45+00:00","twitter_card":"summary_large_image","twitter_misc":{"Szacowany czas czytania":"1 minuta"},"schema":{"@context":"https:\/\/schema.org","@graph":[{"@type":"WebPage","@id":"https:\/\/zswolagulowska.adamow.pl\/?page_id=2","url":"https:\/\/zswolagulowska.adamow.pl\/?page_id=2","name":"Przyk\u0142adowa strona - Zesp\u00f3\u0142 Szk\u00f3\u0142 im. gen. Franciszka Kleeberga w Woli Gu\u0142owskiej","isPartOf":{"@id":"https:\/\/zswolagulowska.adamow.pl\/#website"},"datePublished":"2023-01-19T08:08:36+00:00","dateModified":"2025-01-02T10:18:45+00:00","breadcrumb":{"@id":"https:\/\/zswolagulowska.adamow.pl\/?page_id=2#breadcrumb"},"inLanguage":"pl-PL","potentialAction":[{"@type":"ReadAction","target":["https:\/\/zswolagulowska.adamow.pl\/?page_id=2"]}]},{"@type":"BreadcrumbList","@id":"https:\/\/zswolagulowska.adamow.pl\/?page_id=2#breadcrumb","itemListElement":[{"@type":"ListItem","position":1,"name":"Home","item":"https:\/\/zswolagulowska.adamow.pl\/"},{"@type":"ListItem","position":2,"name":"Przyk\u0142adowa strona"}]},{"@type":"WebSite","@id":"https:\/\/zswolagulowska.adamow.pl\/#website","url":"https:\/\/zswolagulowska.adamow.pl\/","name":"Zesp\u00f3\u0142 Szk\u00f3\u0142 im. gen Franciszka Kleeberga w Woli Gu\u0142owskiej","description":"&quot;Uczymy si\u0119 nie dla szko\u0142y, lecz dla \u017cycia.&quot;","publisher":{"@id":"https:\/\/zswolagulowska.adamow.pl\/#organization"},"potentialAction":[{"@type":"SearchAction","target":{"@type":"EntryPoint","urlTemplate":"https:\/\/zswolagulowska.adamow.pl\/?s={search_term_string}"},"query-input":{"@type":"PropertyValueSpecification","valueRequired":true,"valueName":"search_term_string"}}],"inLanguage":"pl-PL"},{"@type":"Organization","@id":"https:\/\/zswolagulowska.adamow.pl\/#organization","name":"Zesp\u00f3\u0142 Szk\u00f3\u0142 im. gen Franciszka Kleeberga w Woli Gu\u0142owskiej","url":"https:\/\/zswolagulowska.adamow.pl\/","logo":{"@type":"ImageObject","inLanguage":"pl-PL","@id":"https:\/\/zswolagulowska.adamow.pl\/#\/schema\/logo\/image\/","url":"https:\/\/zswolagulowska.adamow.pl\/wp-content\/uploads\/2023\/01\/cropped-cropped-cropped-logo-1-1.png","contentUrl":"https:\/\/zswolagulowska.adamow.pl\/wp-content\/uploads\/2023\/01\/cropped-cropped-cropped-logo-1-1.png","width":420,"height":403,"caption":"Zesp\u00f3\u0142 Szk\u00f3\u0142 im. gen Franciszka Kleeberga w Woli Gu\u0142owskiej"},"image":{"@id":"https:\/\/zswolagulowska.adamow.pl\/#\/schema\/logo\/image\/"}}]}},"_links":{"self":[{"href":"https:\/\/zswolagulowska.adamow.pl\/index.php?rest_route=\/wp\/v2\/pages\/2","targetHints":{"allow":["GET"]}}],"collection":[{"href":"https:\/\/zswolagulowska.adamow.pl\/index.php?rest_route=\/wp\/v2\/pages"}],"about":[{"href":"https:\/\/zswolagulowska.adamow.pl\/index.php?rest_route=\/wp\/v2\/types\/page"}],"author":[{"embeddable":true,"href":"https:\/\/zswolagulowska.adamow.pl\/index.php?rest_route=\/wp\/v2\/users\/1"}],"replies":[{"embeddable":true,"href":"https:\/\/zswolagulowska.adamow.pl\/index.php?rest_route=%2Fwp%2Fv2%2Fcomments&post=2"}],"version-history":[{"count":2,"href":"https:\/\/zswolagulowska.adamow.pl\/index.php?rest_route=\/wp\/v2\/pages\/2\/revisions"}],"predecessor-version":[{"id":408,"href":"https:\/\/zswolagulowska.adamow.pl\/index.php?rest_route=\/wp\/v2\/pages\/2\/revisions\/408"}],"wp:attachment":[{"href":"https:\/\/zswolagulowska.adamow.pl\/index.php?rest_route=%2Fwp%2Fv2%2Fmedia&parent=2"}],"curies":[{"name":"wp","href":"https:\/\/api.w.org\/{rel}","templated":true}]}}