{"id":213,"date":"2025-01-01T14:55:09","date_gmt":"2025-01-01T13:55:09","guid":{"rendered":"https:\/\/zswolagulowska.adamow.pl\/?page_id=213"},"modified":"2025-01-06T13:15:53","modified_gmt":"2025-01-06T12:15:53","slug":"linki-i-aplikacje","status":"publish","type":"page","link":"https:\/\/zswolagulowska.adamow.pl\/?page_id=213","title":{"rendered":"Linki i aplikacje"},"content":{"rendered":"<p style=\"font-weight: 400;\">Ciekawe linki<\/p>\n<p style=\"font-weight: 400;\">EGZAMIN \u00d3SMOKLASISTY \u2013 archiwum test\u00f3w<\/p>\n<p style=\"font-weight: 400;\"><a href=\"https:\/\/cke.gov.pl\/egzamin-osmoklasisty\/arkusze\/\">https:\/\/cke.gov.pl\/egzamin-osmoklasisty\/arkusze\/<\/a><\/p>\n<p style=\"font-weight: 400;\">\u0106wiczenia i testy interaktywne z j. angielskiego dla szko\u0142y podstawowej<\/p>\n<p style=\"font-weight: 400;\"><a href=\"https:\/\/www.ang.pl\/\">https:\/\/www.ang.pl\/<\/a><\/p>\n<p style=\"font-weight: 400;\">Opracowane i udost\u0119pnione bezp\u0142atnie e-podr\u0119cznik i\u00a0zasoby edukacyjne na platformie edukacyjnej (edukacja wczesnoszkolna, klasy 4-8)<\/p>\n<p style=\"font-weight: 400;\"><a href=\"http:\/\/www.epodreczniki.pl\/begin\/\">http:\/\/www.epodreczniki.pl\/begin\/<\/a><\/p>\n<p style=\"font-weight: 400;\">Materia\u0142y dla uczni\u00f3w opracowane przez O\u015brodek Rozwoju Edukacji:<\/p>\n<p style=\"font-weight: 400;\">\u00a0<a href=\"https:\/\/www.ore.edu.pl\/category\/szkola\/dla-uczniow\/\">https:\/\/www.ore.edu.pl\/category\/szkola\/dla-uczniow\/<\/a><\/p>\n<p style=\"font-weight: 400;\">Aplikacje do nauki j\u0119zyk\u00f3w obcych:<\/p>\n<p style=\"font-weight: 400;\"><a href=\"https:\/\/pl.duolingo.com\/\">https:\/\/pl.duolingo.com\/<\/a><\/p>\n<p style=\"font-weight: 400;\">Nasza szko\u0142a bierze udzia\u0142 w wyj\u0105tkowym programie nauki j\u0119zyk\u00f3w obcych Insta.Ling. Zach\u0119camy wszystkich uczni\u00f3w do systematycznej pracy na tej platformie.<\/p>\n<p style=\"font-weight: 400;\"><a href=\"https:\/\/instaling.pl\/\">https:\/\/instaling.pl\/<\/a><\/p>\n<p style=\"font-weight: 400;\"><a href=\"https:\/\/quizlet.com\/\">https:\/\/quizlet.com\/<\/a><\/p>\n<p style=\"font-weight: 400;\"><a href=\"https:\/\/quizizz.com\/\">https:\/\/quizizz.com\/<\/a><\/p>\n<p style=\"font-weight: 400;\">Aplikacje do nauki wszystkich przedmiot\u00f3w:<\/p>\n<p style=\"font-weight: 400;\"><a href=\"https:\/\/learningapps.org\/\">https:\/\/learningapps.org\/<\/a><\/p>\n<p>&nbsp;<\/p>\n<p>&nbsp;<\/p>\n","protected":false},"excerpt":{"rendered":"<p>Ciekawe linki EGZAMIN \u00d3SMOKLASISTY \u2013 archiwum test\u00f3w https:\/\/cke.gov.pl\/egzamin-osmoklasisty\/arkusze\/ \u0106wiczenia i testy interaktywne z j. angielskiego dla szko\u0142y podstawowej https:\/\/www.ang.pl\/ Opracowane i udost\u0119pnione bezp\u0142atnie e-podr\u0119cznik i\u00a0zasoby edukacyjne na platformie edukacyjnej (edukacja wczesnoszkolna, klasy 4-8) http:\/\/www.epodreczniki.pl\/begin\/&#46;&#46;&#46;<\/p>\n","protected":false},"author":1,"featured_media":0,"parent":0,"menu_order":0,"comment_status":"closed","ping_status":"closed","template":"","meta":{"footnotes":""},"class_list":["post-213","page","type-page","status-publish","hentry"],"yoast_head":"<!-- This site is optimized with the Yoast SEO plugin v26.6 - https:\/\/yoast.com\/wordpress\/plugins\/seo\/ -->\n<title>Linki i aplikacje - Zesp\u00f3\u0142 Szk\u00f3\u0142 im. gen. Franciszka Kleeberga w Woli Gu\u0142owskiej<\/title>\n<meta name=\"robots\" content=\"index, follow, max-snippet:-1, max-image-preview:large, max-video-preview:-1\" \/>\n<link rel=\"canonical\" href=\"http:\/\/zswolagulowska.adamow.pl\/?page_id=213\" \/>\n<meta property=\"og:locale\" content=\"pl_PL\" \/>\n<meta property=\"og:type\" content=\"article\" \/>\n<meta property=\"og:title\" content=\"Linki i aplikacje - Zesp\u00f3\u0142 Szk\u00f3\u0142 im. gen. Franciszka Kleeberga w Woli Gu\u0142owskiej\" \/>\n<meta property=\"og:description\" content=\"Ciekawe linki EGZAMIN \u00d3SMOKLASISTY \u2013 archiwum test\u00f3w https:\/\/cke.gov.pl\/egzamin-osmoklasisty\/arkusze\/ \u0106wiczenia i testy interaktywne z j. angielskiego dla szko\u0142y podstawowej https:\/\/www.ang.pl\/ Opracowane i udost\u0119pnione bezp\u0142atnie e-podr\u0119cznik i\u00a0zasoby edukacyjne na platformie edukacyjnej (edukacja wczesnoszkolna, klasy 4-8) http:\/\/www.epodreczniki.pl\/begin\/&#046;&#046;&#046;\" \/>\n<meta property=\"og:url\" content=\"http:\/\/zswolagulowska.adamow.pl\/?page_id=213\" \/>\n<meta property=\"og:site_name\" content=\"Zesp\u00f3\u0142 Szk\u00f3\u0142 im. gen. Franciszka Kleeberga w Woli Gu\u0142owskiej\" \/>\n<meta property=\"article:modified_time\" content=\"2025-01-06T12:15:53+00:00\" \/>\n<meta name=\"twitter:card\" content=\"summary_large_image\" \/>\n<meta name=\"twitter:label1\" content=\"Szacowany czas czytania\" \/>\n\t<meta name=\"twitter:data1\" content=\"1 minuta\" \/>\n<script type=\"application\/ld+json\" class=\"yoast-schema-graph\">{\"@context\":\"https:\/\/schema.org\",\"@graph\":[{\"@type\":\"WebPage\",\"@id\":\"http:\/\/zswolagulowska.adamow.pl\/?page_id=213\",\"url\":\"http:\/\/zswolagulowska.adamow.pl\/?page_id=213\",\"name\":\"Linki i aplikacje - Zesp\u00f3\u0142 Szk\u00f3\u0142 im. gen. Franciszka Kleeberga w Woli Gu\u0142owskiej\",\"isPartOf\":{\"@id\":\"https:\/\/zswolagulowska.adamow.pl\/#website\"},\"datePublished\":\"2025-01-01T13:55:09+00:00\",\"dateModified\":\"2025-01-06T12:15:53+00:00\",\"breadcrumb\":{\"@id\":\"http:\/\/zswolagulowska.adamow.pl\/?page_id=213#breadcrumb\"},\"inLanguage\":\"pl-PL\",\"potentialAction\":[{\"@type\":\"ReadAction\",\"target\":[\"http:\/\/zswolagulowska.adamow.pl\/?page_id=213\"]}]},{\"@type\":\"BreadcrumbList\",\"@id\":\"http:\/\/zswolagulowska.adamow.pl\/?page_id=213#breadcrumb\",\"itemListElement\":[{\"@type\":\"ListItem\",\"position\":1,\"name\":\"Home\",\"item\":\"https:\/\/zswolagulowska.adamow.pl\/\"},{\"@type\":\"ListItem\",\"position\":2,\"name\":\"Linki i aplikacje\"}]},{\"@type\":\"WebSite\",\"@id\":\"https:\/\/zswolagulowska.adamow.pl\/#website\",\"url\":\"https:\/\/zswolagulowska.adamow.pl\/\",\"name\":\"Zesp\u00f3\u0142 Szk\u00f3\u0142 im. gen Franciszka Kleeberga w Woli Gu\u0142owskiej\",\"description\":\"&quot;Uczymy si\u0119 nie dla szko\u0142y, lecz dla \u017cycia.&quot;\",\"publisher\":{\"@id\":\"https:\/\/zswolagulowska.adamow.pl\/#organization\"},\"potentialAction\":[{\"@type\":\"SearchAction\",\"target\":{\"@type\":\"EntryPoint\",\"urlTemplate\":\"https:\/\/zswolagulowska.adamow.pl\/?s={search_term_string}\"},\"query-input\":{\"@type\":\"PropertyValueSpecification\",\"valueRequired\":true,\"valueName\":\"search_term_string\"}}],\"inLanguage\":\"pl-PL\"},{\"@type\":\"Organization\",\"@id\":\"https:\/\/zswolagulowska.adamow.pl\/#organization\",\"name\":\"Zesp\u00f3\u0142 Szk\u00f3\u0142 im. gen Franciszka Kleeberga w Woli Gu\u0142owskiej\",\"url\":\"https:\/\/zswolagulowska.adamow.pl\/\",\"logo\":{\"@type\":\"ImageObject\",\"inLanguage\":\"pl-PL\",\"@id\":\"https:\/\/zswolagulowska.adamow.pl\/#\/schema\/logo\/image\/\",\"url\":\"https:\/\/zswolagulowska.adamow.pl\/wp-content\/uploads\/2023\/01\/cropped-cropped-cropped-logo-1-1.png\",\"contentUrl\":\"https:\/\/zswolagulowska.adamow.pl\/wp-content\/uploads\/2023\/01\/cropped-cropped-cropped-logo-1-1.png\",\"width\":420,\"height\":403,\"caption\":\"Zesp\u00f3\u0142 Szk\u00f3\u0142 im. gen Franciszka Kleeberga w Woli Gu\u0142owskiej\"},\"image\":{\"@id\":\"https:\/\/zswolagulowska.adamow.pl\/#\/schema\/logo\/image\/\"}}]}<\/script>\n<!-- \/ Yoast SEO plugin. -->","yoast_head_json":{"title":"Linki i aplikacje - Zesp\u00f3\u0142 Szk\u00f3\u0142 im. gen. Franciszka Kleeberga w Woli Gu\u0142owskiej","robots":{"index":"index","follow":"follow","max-snippet":"max-snippet:-1","max-image-preview":"max-image-preview:large","max-video-preview":"max-video-preview:-1"},"canonical":"http:\/\/zswolagulowska.adamow.pl\/?page_id=213","og_locale":"pl_PL","og_type":"article","og_title":"Linki i aplikacje - Zesp\u00f3\u0142 Szk\u00f3\u0142 im. gen. Franciszka Kleeberga w Woli Gu\u0142owskiej","og_description":"Ciekawe linki EGZAMIN \u00d3SMOKLASISTY \u2013 archiwum test\u00f3w https:\/\/cke.gov.pl\/egzamin-osmoklasisty\/arkusze\/ \u0106wiczenia i testy interaktywne z j. angielskiego dla szko\u0142y podstawowej https:\/\/www.ang.pl\/ Opracowane i udost\u0119pnione bezp\u0142atnie e-podr\u0119cznik i\u00a0zasoby edukacyjne na platformie edukacyjnej (edukacja wczesnoszkolna, klasy 4-8) http:\/\/www.epodreczniki.pl\/begin\/&#46;&#46;&#46;","og_url":"http:\/\/zswolagulowska.adamow.pl\/?page_id=213","og_site_name":"Zesp\u00f3\u0142 Szk\u00f3\u0142 im. gen. Franciszka Kleeberga w Woli Gu\u0142owskiej","article_modified_time":"2025-01-06T12:15:53+00:00","twitter_card":"summary_large_image","twitter_misc":{"Szacowany czas czytania":"1 minuta"},"schema":{"@context":"https:\/\/schema.org","@graph":[{"@type":"WebPage","@id":"http:\/\/zswolagulowska.adamow.pl\/?page_id=213","url":"http:\/\/zswolagulowska.adamow.pl\/?page_id=213","name":"Linki i aplikacje - Zesp\u00f3\u0142 Szk\u00f3\u0142 im. gen. Franciszka Kleeberga w Woli Gu\u0142owskiej","isPartOf":{"@id":"https:\/\/zswolagulowska.adamow.pl\/#website"},"datePublished":"2025-01-01T13:55:09+00:00","dateModified":"2025-01-06T12:15:53+00:00","breadcrumb":{"@id":"http:\/\/zswolagulowska.adamow.pl\/?page_id=213#breadcrumb"},"inLanguage":"pl-PL","potentialAction":[{"@type":"ReadAction","target":["http:\/\/zswolagulowska.adamow.pl\/?page_id=213"]}]},{"@type":"BreadcrumbList","@id":"http:\/\/zswolagulowska.adamow.pl\/?page_id=213#breadcrumb","itemListElement":[{"@type":"ListItem","position":1,"name":"Home","item":"https:\/\/zswolagulowska.adamow.pl\/"},{"@type":"ListItem","position":2,"name":"Linki i aplikacje"}]},{"@type":"WebSite","@id":"https:\/\/zswolagulowska.adamow.pl\/#website","url":"https:\/\/zswolagulowska.adamow.pl\/","name":"Zesp\u00f3\u0142 Szk\u00f3\u0142 im. gen Franciszka Kleeberga w Woli Gu\u0142owskiej","description":"&quot;Uczymy si\u0119 nie dla szko\u0142y, lecz dla \u017cycia.&quot;","publisher":{"@id":"https:\/\/zswolagulowska.adamow.pl\/#organization"},"potentialAction":[{"@type":"SearchAction","target":{"@type":"EntryPoint","urlTemplate":"https:\/\/zswolagulowska.adamow.pl\/?s={search_term_string}"},"query-input":{"@type":"PropertyValueSpecification","valueRequired":true,"valueName":"search_term_string"}}],"inLanguage":"pl-PL"},{"@type":"Organization","@id":"https:\/\/zswolagulowska.adamow.pl\/#organization","name":"Zesp\u00f3\u0142 Szk\u00f3\u0142 im. gen Franciszka Kleeberga w Woli Gu\u0142owskiej","url":"https:\/\/zswolagulowska.adamow.pl\/","logo":{"@type":"ImageObject","inLanguage":"pl-PL","@id":"https:\/\/zswolagulowska.adamow.pl\/#\/schema\/logo\/image\/","url":"https:\/\/zswolagulowska.adamow.pl\/wp-content\/uploads\/2023\/01\/cropped-cropped-cropped-logo-1-1.png","contentUrl":"https:\/\/zswolagulowska.adamow.pl\/wp-content\/uploads\/2023\/01\/cropped-cropped-cropped-logo-1-1.png","width":420,"height":403,"caption":"Zesp\u00f3\u0142 Szk\u00f3\u0142 im. gen Franciszka Kleeberga w Woli Gu\u0142owskiej"},"image":{"@id":"https:\/\/zswolagulowska.adamow.pl\/#\/schema\/logo\/image\/"}}]}},"_links":{"self":[{"href":"https:\/\/zswolagulowska.adamow.pl\/index.php?rest_route=\/wp\/v2\/pages\/213","targetHints":{"allow":["GET"]}}],"collection":[{"href":"https:\/\/zswolagulowska.adamow.pl\/index.php?rest_route=\/wp\/v2\/pages"}],"about":[{"href":"https:\/\/zswolagulowska.adamow.pl\/index.php?rest_route=\/wp\/v2\/types\/page"}],"author":[{"embeddable":true,"href":"https:\/\/zswolagulowska.adamow.pl\/index.php?rest_route=\/wp\/v2\/users\/1"}],"replies":[{"embeddable":true,"href":"https:\/\/zswolagulowska.adamow.pl\/index.php?rest_route=%2Fwp%2Fv2%2Fcomments&post=213"}],"version-history":[{"count":4,"href":"https:\/\/zswolagulowska.adamow.pl\/index.php?rest_route=\/wp\/v2\/pages\/213\/revisions"}],"predecessor-version":[{"id":469,"href":"https:\/\/zswolagulowska.adamow.pl\/index.php?rest_route=\/wp\/v2\/pages\/213\/revisions\/469"}],"wp:attachment":[{"href":"https:\/\/zswolagulowska.adamow.pl\/index.php?rest_route=%2Fwp%2Fv2%2Fmedia&parent=213"}],"curies":[{"name":"wp","href":"https:\/\/api.w.org\/{rel}","templated":true}]}}