{"id":215,"date":"2025-01-01T14:55:09","date_gmt":"2025-01-01T13:55:09","guid":{"rendered":"https:\/\/zswolagulowska.adamow.pl\/?page_id=215"},"modified":"2026-01-10T20:46:00","modified_gmt":"2026-01-10T19:46:00","slug":"jesli-potrzebujesz-wsparcia","status":"publish","type":"page","link":"https:\/\/zswolagulowska.adamow.pl\/?page_id=215","title":{"rendered":"Je\u015bli potrzebujesz wsparcia"},"content":{"rendered":"<h3 style=\"font-weight: 400;\"><strong>Drogi Uczniu,<\/strong><\/h3>\n<p style=\"font-weight: 400;\">Je\u015bli masz problem i nie wiesz jak go rozwi\u0105za\u0107, nie radzisz sobie z nauk\u0105, spotka\u0142o Ci\u0119 co\u015b przykrego lub po prostu musisz z kim\u015b porozmawia\u0107\u2026 zg\u0142o\u015b si\u0119 do pedagoga lub psychologa szkolnego.<\/p>\n<p style=\"font-weight: 400;\">\u00a0Godziny pracy pedagoga i psychologa\u00a0<a href=\"https:\/\/zswolagulowska.adamow.pl\/?page_id=323\">&#8211; kliknij tutaj<\/a><\/p>\n<p style=\"font-weight: 400;\">\u00a0Po prostu przyjd\u017a do gabinetu, na pewno zostaniesz wys\u0142uchany. Mo\u017cesz nam zaufa\u0107.<\/p>\n<p style=\"font-weight: 400;\">Pami\u0119taj, \u017ce w \u017cadnej, nawet najtrudniejszej sytuacji nie jeste\u015b sam! W ka\u017cdej chwili mo\u017cesz porozmawia\u0107 r\u00f3wnie\u017c z Twoim wychowawc\u0105 lub dyrektorem szko\u0142y.<\/p>\n<p style=\"font-weight: 400;\">Mo\u017cesz r\u00f3wnie\u017c\u00a0skontaktowa\u0107 si\u0119 z nami poprzez dziennik elektroniczny.<\/p>\n<p style=\"font-weight: 400;\">Je\u015bli z jakiego\u015b wzgl\u0119du chcia\u0142by\u015b porozmawia\u0107 z kim\u015b z zewn\u0105trz skorzystaj z poni\u017cszego numeru\/strony internetowej:<\/p>\n<p style=\"font-weight: 400;\">Telefon zaufania 116 111; linia dost\u0119pna codziennie w godzinach 12:00 \u2013 20:00, pomoc online dost\u0119pna na\u00a0<a href=\"https:\/\/116111.pl\/napisz\">www.116111.pl\/napisz<\/a>)<\/p>\n<div class=\"wp-block-image\" style=\"text-align: center;\"><\/div>\n<div class=\"wp-block-image\" style=\"text-align: center;\"><img decoding=\"async\" class=\"alignnone size-medium wp-image-228\" src=\"http:\/\/zswolagulowska.adamow.pl\/wp-content\/uploads\/2025\/01\/116111_logo.png\" alt=\"\" width=\"212\" height=\"80\" \/><\/div>\n<div style=\"text-align: center;\"><\/div>\n<div style=\"text-align: center;\">\n<div class=\"wp-block-image\"><img fetchpriority=\"high\" decoding=\"async\" class=\"alignnone size-medium wp-image-172\" src=\"http:\/\/zswolagulowska.adamow.pl\/wp-content\/uploads\/2023\/01\/sos-dtz-page-1-300x222.jpg\" alt=\"\" width=\"300\" height=\"222\" srcset=\"https:\/\/zswolagulowska.adamow.pl\/wp-content\/uploads\/2023\/01\/sos-dtz-page-1-300x222.jpg 300w, https:\/\/zswolagulowska.adamow.pl\/wp-content\/uploads\/2023\/01\/sos-dtz-page-1-768x567.jpg 768w, https:\/\/zswolagulowska.adamow.pl\/wp-content\/uploads\/2023\/01\/sos-dtz-page-1.jpg 960w\" sizes=\"(max-width: 300px) 100vw, 300px\" \/><\/div>\n<\/div>\n<div style=\"text-align: center;\"><\/div>\n<div style=\"text-align: center;\">\n<div class=\"wp-block-image\"><\/div>\n<\/div>\n<div class=\"wp-block-image\">\n<div class=\"wp-block-image\"><img decoding=\"async\" class=\"alignnone wp-image-232 aligncenter\" src=\"http:\/\/zswolagulowska.adamow.pl\/wp-content\/uploads\/2025\/01\/1-403005_g-724x1024.png\" alt=\"\" width=\"595\" height=\"842\" srcset=\"https:\/\/zswolagulowska.adamow.pl\/wp-content\/uploads\/2025\/01\/1-403005_g-724x1024.png 724w, https:\/\/zswolagulowska.adamow.pl\/wp-content\/uploads\/2025\/01\/1-403005_g-212x300.png 212w, https:\/\/zswolagulowska.adamow.pl\/wp-content\/uploads\/2025\/01\/1-403005_g-768x1087.png 768w, https:\/\/zswolagulowska.adamow.pl\/wp-content\/uploads\/2025\/01\/1-403005_g.png 848w\" sizes=\"(max-width: 595px) 100vw, 595px\" \/><\/div>\n<div><\/div>\n<\/div>\n<div><img loading=\"lazy\" decoding=\"async\" class=\"aligncenter wp-image-2690\" src=\"http:\/\/zswolagulowska.adamow.pl\/wp-content\/uploads\/2026\/01\/Numery_pomocowe.png\" alt=\"\" width=\"593\" height=\"737\" srcset=\"https:\/\/zswolagulowska.adamow.pl\/wp-content\/uploads\/2026\/01\/Numery_pomocowe.png 658w, https:\/\/zswolagulowska.adamow.pl\/wp-content\/uploads\/2026\/01\/Numery_pomocowe-242x300.png 242w\" sizes=\"(max-width: 593px) 100vw, 593px\" \/><\/div>\n<p style=\"font-weight: 400;\"><strong>W sytuacji bezpo\u015bredniego zagro\u017cenia \u017cycia lub zdrowia skontaktuj si\u0119 z numerem alarmowym 112.<\/strong><\/p>\n","protected":false},"excerpt":{"rendered":"<p>Drogi Uczniu, Je\u015bli masz problem i nie wiesz jak go rozwi\u0105za\u0107, nie radzisz sobie z nauk\u0105, spotka\u0142o Ci\u0119 co\u015b przykrego lub po prostu musisz z kim\u015b porozmawia\u0107\u2026 zg\u0142o\u015b si\u0119 do pedagoga lub psychologa szkolnego.&#46;&#46;&#46;<\/p>\n","protected":false},"author":1,"featured_media":0,"parent":0,"menu_order":0,"comment_status":"closed","ping_status":"closed","template":"","meta":{"footnotes":""},"class_list":["post-215","page","type-page","status-publish","hentry"],"yoast_head":"<!-- This site is optimized with the Yoast SEO plugin v26.6 - https:\/\/yoast.com\/wordpress\/plugins\/seo\/ -->\n<title>Je\u015bli potrzebujesz wsparcia - Zesp\u00f3\u0142 Szk\u00f3\u0142 im. gen. Franciszka Kleeberga w Woli Gu\u0142owskiej<\/title>\n<meta name=\"robots\" content=\"index, follow, max-snippet:-1, max-image-preview:large, max-video-preview:-1\" \/>\n<link rel=\"canonical\" href=\"https:\/\/zswolagulowska.adamow.pl\/?page_id=215\" \/>\n<meta property=\"og:locale\" content=\"pl_PL\" \/>\n<meta property=\"og:type\" content=\"article\" \/>\n<meta property=\"og:title\" content=\"Je\u015bli potrzebujesz wsparcia - Zesp\u00f3\u0142 Szk\u00f3\u0142 im. gen. Franciszka Kleeberga w Woli Gu\u0142owskiej\" \/>\n<meta property=\"og:description\" content=\"Drogi Uczniu, Je\u015bli masz problem i nie wiesz jak go rozwi\u0105za\u0107, nie radzisz sobie z nauk\u0105, spotka\u0142o Ci\u0119 co\u015b przykrego lub po prostu musisz z kim\u015b porozmawia\u0107\u2026 zg\u0142o\u015b si\u0119 do pedagoga lub psychologa szkolnego.&#046;&#046;&#046;\" \/>\n<meta property=\"og:url\" content=\"https:\/\/zswolagulowska.adamow.pl\/?page_id=215\" \/>\n<meta property=\"og:site_name\" content=\"Zesp\u00f3\u0142 Szk\u00f3\u0142 im. gen. Franciszka Kleeberga w Woli Gu\u0142owskiej\" \/>\n<meta property=\"article:modified_time\" content=\"2026-01-10T19:46:00+00:00\" \/>\n<meta property=\"og:image\" content=\"http:\/\/zswolagulowska.adamow.pl\/wp-content\/uploads\/2025\/01\/116111_logo.png\" \/>\n<meta name=\"twitter:card\" content=\"summary_large_image\" \/>\n<meta name=\"twitter:label1\" content=\"Szacowany czas czytania\" \/>\n\t<meta name=\"twitter:data1\" content=\"2 minuty\" \/>\n<script type=\"application\/ld+json\" class=\"yoast-schema-graph\">{\"@context\":\"https:\/\/schema.org\",\"@graph\":[{\"@type\":\"WebPage\",\"@id\":\"https:\/\/zswolagulowska.adamow.pl\/?page_id=215\",\"url\":\"https:\/\/zswolagulowska.adamow.pl\/?page_id=215\",\"name\":\"Je\u015bli potrzebujesz wsparcia - Zesp\u00f3\u0142 Szk\u00f3\u0142 im. gen. Franciszka Kleeberga w Woli Gu\u0142owskiej\",\"isPartOf\":{\"@id\":\"https:\/\/zswolagulowska.adamow.pl\/#website\"},\"primaryImageOfPage\":{\"@id\":\"https:\/\/zswolagulowska.adamow.pl\/?page_id=215#primaryimage\"},\"image\":{\"@id\":\"https:\/\/zswolagulowska.adamow.pl\/?page_id=215#primaryimage\"},\"thumbnailUrl\":\"http:\/\/zswolagulowska.adamow.pl\/wp-content\/uploads\/2025\/01\/116111_logo.png\",\"datePublished\":\"2025-01-01T13:55:09+00:00\",\"dateModified\":\"2026-01-10T19:46:00+00:00\",\"breadcrumb\":{\"@id\":\"https:\/\/zswolagulowska.adamow.pl\/?page_id=215#breadcrumb\"},\"inLanguage\":\"pl-PL\",\"potentialAction\":[{\"@type\":\"ReadAction\",\"target\":[\"https:\/\/zswolagulowska.adamow.pl\/?page_id=215\"]}]},{\"@type\":\"ImageObject\",\"inLanguage\":\"pl-PL\",\"@id\":\"https:\/\/zswolagulowska.adamow.pl\/?page_id=215#primaryimage\",\"url\":\"http:\/\/zswolagulowska.adamow.pl\/wp-content\/uploads\/2025\/01\/116111_logo.png\",\"contentUrl\":\"http:\/\/zswolagulowska.adamow.pl\/wp-content\/uploads\/2025\/01\/116111_logo.png\"},{\"@type\":\"BreadcrumbList\",\"@id\":\"https:\/\/zswolagulowska.adamow.pl\/?page_id=215#breadcrumb\",\"itemListElement\":[{\"@type\":\"ListItem\",\"position\":1,\"name\":\"Home\",\"item\":\"https:\/\/zswolagulowska.adamow.pl\/\"},{\"@type\":\"ListItem\",\"position\":2,\"name\":\"Je\u015bli potrzebujesz wsparcia\"}]},{\"@type\":\"WebSite\",\"@id\":\"https:\/\/zswolagulowska.adamow.pl\/#website\",\"url\":\"https:\/\/zswolagulowska.adamow.pl\/\",\"name\":\"Zesp\u00f3\u0142 Szk\u00f3\u0142 im. gen Franciszka Kleeberga w Woli Gu\u0142owskiej\",\"description\":\"&quot;Uczymy si\u0119 nie dla szko\u0142y, lecz dla \u017cycia.&quot;\",\"publisher\":{\"@id\":\"https:\/\/zswolagulowska.adamow.pl\/#organization\"},\"potentialAction\":[{\"@type\":\"SearchAction\",\"target\":{\"@type\":\"EntryPoint\",\"urlTemplate\":\"https:\/\/zswolagulowska.adamow.pl\/?s={search_term_string}\"},\"query-input\":{\"@type\":\"PropertyValueSpecification\",\"valueRequired\":true,\"valueName\":\"search_term_string\"}}],\"inLanguage\":\"pl-PL\"},{\"@type\":\"Organization\",\"@id\":\"https:\/\/zswolagulowska.adamow.pl\/#organization\",\"name\":\"Zesp\u00f3\u0142 Szk\u00f3\u0142 im. gen Franciszka Kleeberga w Woli Gu\u0142owskiej\",\"url\":\"https:\/\/zswolagulowska.adamow.pl\/\",\"logo\":{\"@type\":\"ImageObject\",\"inLanguage\":\"pl-PL\",\"@id\":\"https:\/\/zswolagulowska.adamow.pl\/#\/schema\/logo\/image\/\",\"url\":\"https:\/\/zswolagulowska.adamow.pl\/wp-content\/uploads\/2023\/01\/cropped-cropped-cropped-logo-1-1.png\",\"contentUrl\":\"https:\/\/zswolagulowska.adamow.pl\/wp-content\/uploads\/2023\/01\/cropped-cropped-cropped-logo-1-1.png\",\"width\":420,\"height\":403,\"caption\":\"Zesp\u00f3\u0142 Szk\u00f3\u0142 im. gen Franciszka Kleeberga w Woli Gu\u0142owskiej\"},\"image\":{\"@id\":\"https:\/\/zswolagulowska.adamow.pl\/#\/schema\/logo\/image\/\"}}]}<\/script>\n<!-- \/ Yoast SEO plugin. -->","yoast_head_json":{"title":"Je\u015bli potrzebujesz wsparcia - Zesp\u00f3\u0142 Szk\u00f3\u0142 im. gen. Franciszka Kleeberga w Woli Gu\u0142owskiej","robots":{"index":"index","follow":"follow","max-snippet":"max-snippet:-1","max-image-preview":"max-image-preview:large","max-video-preview":"max-video-preview:-1"},"canonical":"https:\/\/zswolagulowska.adamow.pl\/?page_id=215","og_locale":"pl_PL","og_type":"article","og_title":"Je\u015bli potrzebujesz wsparcia - Zesp\u00f3\u0142 Szk\u00f3\u0142 im. gen. Franciszka Kleeberga w Woli Gu\u0142owskiej","og_description":"Drogi Uczniu, Je\u015bli masz problem i nie wiesz jak go rozwi\u0105za\u0107, nie radzisz sobie z nauk\u0105, spotka\u0142o Ci\u0119 co\u015b przykrego lub po prostu musisz z kim\u015b porozmawia\u0107\u2026 zg\u0142o\u015b si\u0119 do pedagoga lub psychologa szkolnego.&#46;&#46;&#46;","og_url":"https:\/\/zswolagulowska.adamow.pl\/?page_id=215","og_site_name":"Zesp\u00f3\u0142 Szk\u00f3\u0142 im. gen. Franciszka Kleeberga w Woli Gu\u0142owskiej","article_modified_time":"2026-01-10T19:46:00+00:00","og_image":[{"url":"http:\/\/zswolagulowska.adamow.pl\/wp-content\/uploads\/2025\/01\/116111_logo.png","type":"","width":"","height":""}],"twitter_card":"summary_large_image","twitter_misc":{"Szacowany czas czytania":"2 minuty"},"schema":{"@context":"https:\/\/schema.org","@graph":[{"@type":"WebPage","@id":"https:\/\/zswolagulowska.adamow.pl\/?page_id=215","url":"https:\/\/zswolagulowska.adamow.pl\/?page_id=215","name":"Je\u015bli potrzebujesz wsparcia - Zesp\u00f3\u0142 Szk\u00f3\u0142 im. gen. Franciszka Kleeberga w Woli Gu\u0142owskiej","isPartOf":{"@id":"https:\/\/zswolagulowska.adamow.pl\/#website"},"primaryImageOfPage":{"@id":"https:\/\/zswolagulowska.adamow.pl\/?page_id=215#primaryimage"},"image":{"@id":"https:\/\/zswolagulowska.adamow.pl\/?page_id=215#primaryimage"},"thumbnailUrl":"http:\/\/zswolagulowska.adamow.pl\/wp-content\/uploads\/2025\/01\/116111_logo.png","datePublished":"2025-01-01T13:55:09+00:00","dateModified":"2026-01-10T19:46:00+00:00","breadcrumb":{"@id":"https:\/\/zswolagulowska.adamow.pl\/?page_id=215#breadcrumb"},"inLanguage":"pl-PL","potentialAction":[{"@type":"ReadAction","target":["https:\/\/zswolagulowska.adamow.pl\/?page_id=215"]}]},{"@type":"ImageObject","inLanguage":"pl-PL","@id":"https:\/\/zswolagulowska.adamow.pl\/?page_id=215#primaryimage","url":"http:\/\/zswolagulowska.adamow.pl\/wp-content\/uploads\/2025\/01\/116111_logo.png","contentUrl":"http:\/\/zswolagulowska.adamow.pl\/wp-content\/uploads\/2025\/01\/116111_logo.png"},{"@type":"BreadcrumbList","@id":"https:\/\/zswolagulowska.adamow.pl\/?page_id=215#breadcrumb","itemListElement":[{"@type":"ListItem","position":1,"name":"Home","item":"https:\/\/zswolagulowska.adamow.pl\/"},{"@type":"ListItem","position":2,"name":"Je\u015bli potrzebujesz wsparcia"}]},{"@type":"WebSite","@id":"https:\/\/zswolagulowska.adamow.pl\/#website","url":"https:\/\/zswolagulowska.adamow.pl\/","name":"Zesp\u00f3\u0142 Szk\u00f3\u0142 im. gen Franciszka Kleeberga w Woli Gu\u0142owskiej","description":"&quot;Uczymy si\u0119 nie dla szko\u0142y, lecz dla \u017cycia.&quot;","publisher":{"@id":"https:\/\/zswolagulowska.adamow.pl\/#organization"},"potentialAction":[{"@type":"SearchAction","target":{"@type":"EntryPoint","urlTemplate":"https:\/\/zswolagulowska.adamow.pl\/?s={search_term_string}"},"query-input":{"@type":"PropertyValueSpecification","valueRequired":true,"valueName":"search_term_string"}}],"inLanguage":"pl-PL"},{"@type":"Organization","@id":"https:\/\/zswolagulowska.adamow.pl\/#organization","name":"Zesp\u00f3\u0142 Szk\u00f3\u0142 im. gen Franciszka Kleeberga w Woli Gu\u0142owskiej","url":"https:\/\/zswolagulowska.adamow.pl\/","logo":{"@type":"ImageObject","inLanguage":"pl-PL","@id":"https:\/\/zswolagulowska.adamow.pl\/#\/schema\/logo\/image\/","url":"https:\/\/zswolagulowska.adamow.pl\/wp-content\/uploads\/2023\/01\/cropped-cropped-cropped-logo-1-1.png","contentUrl":"https:\/\/zswolagulowska.adamow.pl\/wp-content\/uploads\/2023\/01\/cropped-cropped-cropped-logo-1-1.png","width":420,"height":403,"caption":"Zesp\u00f3\u0142 Szk\u00f3\u0142 im. gen Franciszka Kleeberga w Woli Gu\u0142owskiej"},"image":{"@id":"https:\/\/zswolagulowska.adamow.pl\/#\/schema\/logo\/image\/"}}]}},"_links":{"self":[{"href":"https:\/\/zswolagulowska.adamow.pl\/index.php?rest_route=\/wp\/v2\/pages\/215","targetHints":{"allow":["GET"]}}],"collection":[{"href":"https:\/\/zswolagulowska.adamow.pl\/index.php?rest_route=\/wp\/v2\/pages"}],"about":[{"href":"https:\/\/zswolagulowska.adamow.pl\/index.php?rest_route=\/wp\/v2\/types\/page"}],"author":[{"embeddable":true,"href":"https:\/\/zswolagulowska.adamow.pl\/index.php?rest_route=\/wp\/v2\/users\/1"}],"replies":[{"embeddable":true,"href":"https:\/\/zswolagulowska.adamow.pl\/index.php?rest_route=%2Fwp%2Fv2%2Fcomments&post=215"}],"version-history":[{"count":7,"href":"https:\/\/zswolagulowska.adamow.pl\/index.php?rest_route=\/wp\/v2\/pages\/215\/revisions"}],"predecessor-version":[{"id":2692,"href":"https:\/\/zswolagulowska.adamow.pl\/index.php?rest_route=\/wp\/v2\/pages\/215\/revisions\/2692"}],"wp:attachment":[{"href":"https:\/\/zswolagulowska.adamow.pl\/index.php?rest_route=%2Fwp%2Fv2%2Fmedia&parent=215"}],"curies":[{"name":"wp","href":"https:\/\/api.w.org\/{rel}","templated":true}]}}