{"id":305,"date":"2025-01-01T21:00:39","date_gmt":"2025-01-01T20:00:39","guid":{"rendered":"https:\/\/zswolagulowska.adamow.pl\/?page_id=305"},"modified":"2026-02-19T10:33:21","modified_gmt":"2026-02-19T09:33:21","slug":"przedszkole","status":"publish","type":"page","link":"https:\/\/zswolagulowska.adamow.pl\/?page_id=305","title":{"rendered":"Przedszkole"},"content":{"rendered":"<p><strong>Zasady rekrutacji do\u00a0Przedszkola im. Pszcz\u00f3\u0142ki Mai w Woli Gu\u0142owskiej oraz Oddzia\u0142u Przedszkolnego w Szkole Podstawowej im.\u00a0gen. Franciszka Kleeberga w Woli Gu\u0142owskiej<\/strong> <strong>w roku szkolnym 2026\/2027<\/strong><\/p>\n<p><strong>\u00a0<\/strong><\/p>\n<p><strong>Og\u00f3lne zasady:<\/strong><\/p>\n<ol>\n<li>Rekrutacja do przedszkola skierowana jest w pierwszej kolejno\u015bci do dzieci mieszkaj\u0105cych na terenie Gminy Adam\u00f3w. Rodzice dzieci spoza Gminy Adam\u00f3w b\u0119d\u0105 mogli ubiega\u0107 si\u0119 o przyj\u0119cie dziecka do publicznego przedszkola, gdy po zako\u0144czeniu rekrutacji i zapewnieniu miejsc dla dzieci mieszkaj\u0105cych w Gminie Adam\u00f3w, w\u00a0przedszkolu pozostan\u0105 wolne miejsca.<\/li>\n<li>Post\u0119powanie rekrutacyjne dla dzieci zapisywanych po raz pierwszy\u00a0 prowadzone jest na pisemny wniosek (wz\u00f3r dost\u0119pny w sekretariacie szko\u0142y oraz na stronie internetowej https:\/\/zswolagulowska.adamow.pl\/?page_id=305) rodzica z\u0142o\u017cony u dyrektora i odbywa si\u0119 wy\u0142\u0105cznie na wolne miejsca.<\/li>\n<li>Wnioski nale\u017cy sk\u0142ada\u0107 w sekretariacie szko\u0142y w terminach zgodnych z podanym harmonogramem. Sk\u0142adane wnioski musza by\u0107 kompletne.<\/li>\n<li>W post\u0119powaniu rekrutacyjnym bior\u0105 udzia\u0142 dzieci w wieku od 3 do 6 lat.<\/li>\n<li>Rodzice dzieci, kt\u00f3re w roku szkolnym 2025\/2026 ucz\u0119szczaj\u0105 do Przedszkola im. Pszcz\u00f3\u0142ki Mai w Woli Gu\u0142owskiej mog\u0105 z\u0142o\u017cy\u0107 deklaracj\u0119 o kontynuowaniu wychowania przedszkolnego w kolejnym roku szkolnym. Deklaracj\u0119 nale\u017cy z\u0142o\u017cy\u0107 w w sekretariacie szko\u0142y na siedem dni przed rozpocz\u0119ciem rekrutacji.<\/li>\n<\/ol>\n<p><strong>Kryteria<\/strong>\u00a0(Ustawa z 14 grudnia 2016 r. \u2013 Prawo o\u015bwiatowe (t.j. Dz.U. 2025 poz. 1043 ze zm.) oraz\u00a0 Uchwa\u0142a Nr XXII\/159\/17 Rady Gminy Adam\u00f3w z dnia 22 lutego 2017r.)<\/p>\n<ol>\n<li>Do publicznego przedszkola, oddzia\u0142u przedszkolnego w publicznej szkole podstawowej przyjmuje si\u0119 kandydat\u00f3w zamieszka\u0142ych na obszarze danej gminy.<\/li>\n<li>W przypadku wi\u0119kszej liczby kandydat\u00f3w spe\u0142niaj\u0105cych warunek, o kt\u00f3rym mowa w ust. 1, ni\u017c liczba wolnych miejsc w publicznym przedszkolu, oddziale przedszkolnym w publicznej szkole podstawowej na pierwszym etapie post\u0119powania rekrutacyjnego s\u0105 brane pod uwag\u0119 \u0142\u0105cznie nast\u0119puj\u0105ce kryteria:<\/li>\n<\/ol>\n<p>1)\u00a0\u00a0\u00a0\u00a0wielodzietno\u015b\u0107 rodziny kandydata;<\/p>\n<p>2)\u00a0\u00a0\u00a0\u00a0niepe\u0142nosprawno\u015b\u0107 kandydata;<\/p>\n<p>3)\u00a0\u00a0\u00a0\u00a0niepe\u0142nosprawno\u015b\u0107 jednego z rodzic\u00f3w kandydata;<\/p>\n<p>4)\u00a0\u00a0\u00a0\u00a0niepe\u0142nosprawno\u015b\u0107 obojga rodzic\u00f3w kandydata;<\/p>\n<p>5)\u00a0\u00a0\u00a0\u00a0niepe\u0142nosprawno\u015b\u0107 rodze\u0144stwa kandydata;<\/p>\n<p>6)\u00a0\u00a0\u00a0\u00a0samotne wychowywanie kandydata w rodzinie;<\/p>\n<p>7)\u00a0\u00a0\u00a0\u00a0obj\u0119cie kandydata piecz\u0105 zast\u0119pcz\u0105.<\/p>\n<ol start=\"3\">\n<li>Kryteria, o kt\u00f3rych mowa w ust. 2, maj\u0105 jednakow\u0105 warto\u015b\u0107.<\/li>\n<li>W przypadku r\u00f3wnorz\u0119dnych wynik\u00f3w uzyskanych na pierwszym etapie post\u0119powania rekrutacyjnego lub je\u017celi po zako\u0144czeniu tego etapu dane publiczne przedszkole albo oddzia\u0142 przedszkolny w danej publicznej szkole podstawowej nadal dysponuje wolnymi miejscami, na drugim etapie post\u0119powania rekrutacyjnego s\u0105 brane pod uwag\u0119 kryteria okre\u015blone przez organ prowadz\u0105cy:<\/li>\n<\/ol>\n<p>1)\u00a0\u00a0\u00a0\u00a0rodze\u0144stwo kandydata ucz\u0119szcza do danego przedszkola, lub szko\u0142y, w\u00a0kt\u00f3rej obwodzie przedszkole si\u0119 znajduje \u2013 1pkt;<\/p>\n<p>2)\u00a0\u00a0\u00a0\u00a0kandydat b\u0119dzie korzysta\u0142 z pe\u0142nej oferty przedszkola (nauczania, wychowania i opieki) powy\u017cej 5 godzin dziennie z posi\u0142kami &#8211; 2pkt.<\/p>\n<ol start=\"5\">\n<li>Kandydaci zamieszkali poza obszarem danej gminy mog\u0105 by\u0107 przyj\u0119ci do publicznego przedszkola lub oddzia\u0142u przedszkolnego w publicznej szkole podstawowej na terenie tej gminy, je\u017celi po przeprowadzeniu post\u0119powania rekrutacyjnego zgodnie z ust. 1\u20134, dana gmina nadal dysponuje wolnymi miejscami w tym przedszkolu, lub tym oddziale przedszkolnym w publicznej szkole podstawowej. W przypadku wi\u0119kszej liczby kandydat\u00f3w zamieszka\u0142ych poza obszarem danej gminy przeprowadza si\u0119 post\u0119powanie rekrutacyjne. Przepisy ust. 2\u20134. stosuje si\u0119 odpowiednio.<\/li>\n<\/ol>\n<p><strong>Terminy\u00a0(Zarz\u0105dzenie Nr 6\/26 W\u00f3jta Gminy Adam\u00f3w z dnia 22 stycznia 2026 r.)<\/strong><\/p>\n<table>\n<tbody>\n<tr>\n<td width=\"36\">Lp<\/td>\n<td width=\"246\">Czynno\u015bci<\/td>\n<td width=\"157\">Termin w\u00a0post\u0119powaniu rekrutacyjnym<\/td>\n<td width=\"148\">Termin w\u00a0post\u0119powaniu uzupe\u0142niaj\u0105cym<\/td>\n<\/tr>\n<tr>\n<td width=\"36\">1<\/td>\n<td width=\"246\">Sk\u0142adanie wniosk\u00f3w o przyj\u0119cie do przedszkola wraz z dokumentami potwierdzaj\u0105cymi spe\u0142nianie przez kandydata warunk\u00f3w lub kryteri\u00f3w branych pod uwag\u0119 w post\u0119powaniu rekrutacyjnym<\/td>\n<td width=\"157\">Od 3 marca 2026r.<\/p>\n<p>Do 20 marca 2026 r.<\/td>\n<td width=\"148\">Od 29 kwietnia 2026 r. do 30 kwietnia 2026 r.<\/td>\n<\/tr>\n<tr>\n<td width=\"36\">2<\/td>\n<td width=\"246\">Weryfikacja przez komisj\u0119 rekrutacyjn\u0105 wniosk\u00f3w o przyj\u0119cie do przedszkola i dokument\u00f3w potwierdzaj\u0105cych spe\u0142nianie przez kandydata warunk\u00f3w lub kryteri\u00f3w branych pod uwag\u0119 w\u00a0post\u0119powaniu rekrutacyjnym,<\/td>\n<td width=\"157\">Od 23 marca 2026 r. do 27 marca 2026 r.<\/td>\n<td width=\"148\">Od 4 maja 2026 r. do 8 maja 2026 r.<\/td>\n<\/tr>\n<tr>\n<td width=\"36\">3<\/td>\n<td width=\"246\">Podanie do publicznej wiadomo\u015bci przez komisj\u0119 rekrutacyjn\u0105 listy kandydat\u00f3w zakwalifikowanych i\u00a0kandydat\u00f3w niezakwalifikowanych<\/td>\n<td width=\"157\">10 kwietnia 2026 r.<\/td>\n<td width=\"148\">14 maja 2026 r.<\/td>\n<\/tr>\n<tr>\n<td width=\"36\">4<\/td>\n<td width=\"246\">Potwierdzenie przez rodzica kandydata woli przyj\u0119cia w postaci pisemnego o\u015bwiadczenia<\/td>\n<td width=\"157\">Od 13 kwietnia 2026 r. do 24 kwietnia 2026 r.<\/td>\n<td width=\"148\">Od 15 maja 2026 r. do19 maja 2026 r<\/td>\n<\/tr>\n<tr>\n<td width=\"36\">5<\/td>\n<td width=\"246\">Podanie do publicznej wiadomo\u015bci przez komisj\u0119 rekrutacyjn\u0105 listy kandydat\u00f3w przyj\u0119tych i kandydat\u00f3w nieprzyj\u0119tych<\/td>\n<td width=\"157\">28 kwietnia 2026 r.<\/td>\n<td width=\"148\">21 maja 2026 r.<\/td>\n<\/tr>\n<\/tbody>\n<\/table>\n<p><strong>Potwierdzenie przez rodzic\u00f3w woli przyj\u0119cia dziecka do przedszkola<\/strong><\/p>\n<ol>\n<li>Rodzice dzieci zakwalifikowanych do przyj\u0119cia sk\u0142adaj\u0105 pisemne potwierdzenie woli zapisu w przedszkolu. Brak potwierdzenia woli ucz\u0119szczania dziecka do przedszkola w ustalonym\u00a0 w harmonogramie terminie jest r\u00f3wnoznaczne z rezygnacj\u0105 z miejsca w przedszkolu.<\/li>\n<li>Przewodnicz\u0105cy komisji rekrutacyjnej podaje do publicznej wiadomo\u015bci list\u0119 kandydat\u00f3w przyj\u0119tych i nieprzyj\u0119tych oraz informacj\u0119 o liczbie miejsc wolnych. Listy zawieraj\u0105ce imiona i nazwiska kandydat\u00f3w uszeregowane s\u0105 w kolejno\u015bci alfabetycznej.<\/li>\n<\/ol>\n<p><strong>\u00a0<\/strong><\/p>\n<p><strong>Post\u0119powanie uzupe\u0142niaj\u0105ce<\/strong><\/p>\n<ol>\n<li>Je\u017celi po przeprowadzeniu post\u0119powania rekrutacyjnego publiczne przedszkole nadal dysponuje wolnymi miejscami, dyrektor przedszkola przeprowadza\u00a0post\u0119powanie uzupe\u0142niaj\u0105ce.<\/li>\n<li>W post\u0119powaniu uzupe\u0142niaj\u0105cym, rodzice, kt\u00f3rych dzieci nie zosta\u0142y przyj\u0119te do \u017cadnego z wybranych przedszkoli lub przyj\u0119ci do przedszkola drugiego lub trzeciego wyboru, mog\u0105 z\u0142o\u017cy\u0107 wniosek o przyj\u0119cie do przedszkola dysponuj\u0105cego wolnymi miejscami.<\/li>\n<li>O przyj\u0119cie do przedszkola w post\u0119powaniu uzupe\u0142niaj\u0105cym, mog\u0105 ubiega\u0107 si\u0119 rodzice dzieci spoza Gminy Adam\u00f3w.<\/li>\n<li>Informacje o wolnych miejscach rodzice mog\u0105 uzyska\u0107 w sekretariacie szko\u0142y.<\/li>\n<\/ol>\n<p><strong>Procedura odwo\u0142awcza<\/strong><\/p>\n<ol>\n<li>W terminie 3 dni od dnia podania do publicznej wiadomo\u015bci listy kandydat\u00f3w przyj\u0119tych i\u00a0kandydat\u00f3w nieprzyj\u0119tych,\u00a0rodzic\u00a0kandydata mo\u017ce wyst\u0105pi\u0107 do komisji rekrutacyjnej z wnioskiem o\u00a0sporz\u0105dzenie uzasadnienia odmowy przyj\u0119cia kandydata do danego publicznego przedszkola, publicznej innej formy wychowania przedszkolnego, publicznej szko\u0142y.<\/li>\n<li>Uzasadnienie sporz\u0105dza si\u0119 w terminie 3 dni od dnia wyst\u0105pienia przez\u00a0rodzica\u00a0kandydata z\u00a0wnioskiem, o kt\u00f3rym mowa w ust. 1. Uzasadnienie zawiera przyczyny odmowy przyj\u0119cia, w tym najni\u017csz\u0105 liczb\u0119 punkt\u00f3w, kt\u00f3ra uprawnia\u0142a do przyj\u0119cia, oraz liczb\u0119 punkt\u00f3w, kt\u00f3r\u0105 kandydat uzyska\u0142 w post\u0119powaniu rekrutacyjnym.<\/li>\n<li>Rodzic\u00a0kandydata lub kandydat pe\u0142noletni mo\u017ce wnie\u015b\u0107 do dyrektora publicznego przedszkola, publicznej\u00a0szko\u0142y\u00a0lub publicznej\u00a0plac\u00f3wki\u00a0odwo\u0142anie od rozstrzygni\u0119cia komisji rekrutacyjnej, w\u00a0terminie 3 dni od dnia otrzymania uzasadnienia.<\/li>\n<li>Dyrektor publicznego przedszkola, publicznej\u00a0szko\u0142y\u00a0lub publicznej\u00a0plac\u00f3wki\u00a0rozpatruje odwo\u0142anie od rozstrzygni\u0119cia komisji rekrutacyjnej, o kt\u00f3rym mowa w ust. 3, w terminie 3 dni od dnia otrzymania odwo\u0142ania. Na rozstrzygni\u0119cie dyrektora danego publicznego przedszkola, publicznej\u00a0szko\u0142y\u00a0lub publicznej\u00a0plac\u00f3wki\u00a0s\u0142u\u017cy skarga do s\u0105du administracyjnego.<\/li>\n<\/ol>\n<p><strong>\u00a0<\/strong><\/p>\n<p>Liczba wolnych miejsc w oddziale przedszkolnym w szkole podstawowej: 25<\/p>\n<p>Liczba wolnych miejsc w przedszkolu:<\/p>\n<p>&nbsp;<\/p>\n<p>Dokumenty do pobrania:<\/p>\n<ol>\n<li><a href=\"http:\/\/zswolagulowska.adamow.pl\/wp-content\/uploads\/2026\/02\/Wniosek-rekrutacyjny-do-przedszkola.docx\">Wniosek o przyj\u0119cie dziecka do przedszkola (wersja edytowalna)<\/a><\/li>\n<li><a href=\"http:\/\/zswolagulowska.adamow.pl\/wp-content\/uploads\/2026\/02\/Wniosek-rekrutacyjny-do-przedszkola.pdf\">Wniosek o przyj\u0119cie dziecka do przedszkola (wersja pdf)<\/a><\/li>\n<\/ol>\n","protected":false},"excerpt":{"rendered":"<p>Zasady rekrutacji do\u00a0Przedszkola im. Pszcz\u00f3\u0142ki Mai w Woli Gu\u0142owskiej oraz Oddzia\u0142u Przedszkolnego w Szkole Podstawowej im.\u00a0gen. Franciszka Kleeberga w Woli Gu\u0142owskiej w roku szkolnym 2026\/2027 \u00a0 Og\u00f3lne zasady: Rekrutacja do przedszkola skierowana jest w&#46;&#46;&#46;<\/p>\n","protected":false},"author":1,"featured_media":0,"parent":0,"menu_order":0,"comment_status":"closed","ping_status":"closed","template":"","meta":{"footnotes":""},"class_list":["post-305","page","type-page","status-publish","hentry"],"yoast_head":"<!-- This site is optimized with the Yoast SEO plugin v26.6 - https:\/\/yoast.com\/wordpress\/plugins\/seo\/ -->\n<title>Przedszkole - Zesp\u00f3\u0142 Szk\u00f3\u0142 im. gen. Franciszka Kleeberga w Woli Gu\u0142owskiej<\/title>\n<meta name=\"robots\" content=\"index, follow, max-snippet:-1, max-image-preview:large, max-video-preview:-1\" \/>\n<link rel=\"canonical\" href=\"http:\/\/zswolagulowska.adamow.pl\/?page_id=305\" \/>\n<meta property=\"og:locale\" content=\"pl_PL\" \/>\n<meta property=\"og:type\" content=\"article\" \/>\n<meta property=\"og:title\" content=\"Przedszkole - Zesp\u00f3\u0142 Szk\u00f3\u0142 im. gen. Franciszka Kleeberga w Woli Gu\u0142owskiej\" \/>\n<meta property=\"og:description\" content=\"Zasady rekrutacji do\u00a0Przedszkola im. Pszcz\u00f3\u0142ki Mai w Woli Gu\u0142owskiej oraz Oddzia\u0142u Przedszkolnego w Szkole Podstawowej im.\u00a0gen. Franciszka Kleeberga w Woli Gu\u0142owskiej w roku szkolnym 2026\/2027 \u00a0 Og\u00f3lne zasady: Rekrutacja do przedszkola skierowana jest w&#046;&#046;&#046;\" \/>\n<meta property=\"og:url\" content=\"http:\/\/zswolagulowska.adamow.pl\/?page_id=305\" \/>\n<meta property=\"og:site_name\" content=\"Zesp\u00f3\u0142 Szk\u00f3\u0142 im. gen. Franciszka Kleeberga w Woli Gu\u0142owskiej\" \/>\n<meta property=\"article:modified_time\" content=\"2026-02-19T09:33:21+00:00\" \/>\n<meta name=\"twitter:card\" content=\"summary_large_image\" \/>\n<meta name=\"twitter:label1\" content=\"Szacowany czas czytania\" \/>\n\t<meta name=\"twitter:data1\" content=\"6 minut\" \/>\n<script type=\"application\/ld+json\" class=\"yoast-schema-graph\">{\"@context\":\"https:\/\/schema.org\",\"@graph\":[{\"@type\":\"WebPage\",\"@id\":\"http:\/\/zswolagulowska.adamow.pl\/?page_id=305\",\"url\":\"http:\/\/zswolagulowska.adamow.pl\/?page_id=305\",\"name\":\"Przedszkole - Zesp\u00f3\u0142 Szk\u00f3\u0142 im. gen. Franciszka Kleeberga w Woli Gu\u0142owskiej\",\"isPartOf\":{\"@id\":\"https:\/\/zswolagulowska.adamow.pl\/#website\"},\"datePublished\":\"2025-01-01T20:00:39+00:00\",\"dateModified\":\"2026-02-19T09:33:21+00:00\",\"breadcrumb\":{\"@id\":\"http:\/\/zswolagulowska.adamow.pl\/?page_id=305#breadcrumb\"},\"inLanguage\":\"pl-PL\",\"potentialAction\":[{\"@type\":\"ReadAction\",\"target\":[\"http:\/\/zswolagulowska.adamow.pl\/?page_id=305\"]}]},{\"@type\":\"BreadcrumbList\",\"@id\":\"http:\/\/zswolagulowska.adamow.pl\/?page_id=305#breadcrumb\",\"itemListElement\":[{\"@type\":\"ListItem\",\"position\":1,\"name\":\"Home\",\"item\":\"https:\/\/zswolagulowska.adamow.pl\/\"},{\"@type\":\"ListItem\",\"position\":2,\"name\":\"Przedszkole\"}]},{\"@type\":\"WebSite\",\"@id\":\"https:\/\/zswolagulowska.adamow.pl\/#website\",\"url\":\"https:\/\/zswolagulowska.adamow.pl\/\",\"name\":\"Zesp\u00f3\u0142 Szk\u00f3\u0142 im. gen Franciszka Kleeberga w Woli Gu\u0142owskiej\",\"description\":\"&quot;Uczymy si\u0119 nie dla szko\u0142y, lecz dla \u017cycia.&quot;\",\"publisher\":{\"@id\":\"https:\/\/zswolagulowska.adamow.pl\/#organization\"},\"potentialAction\":[{\"@type\":\"SearchAction\",\"target\":{\"@type\":\"EntryPoint\",\"urlTemplate\":\"https:\/\/zswolagulowska.adamow.pl\/?s={search_term_string}\"},\"query-input\":{\"@type\":\"PropertyValueSpecification\",\"valueRequired\":true,\"valueName\":\"search_term_string\"}}],\"inLanguage\":\"pl-PL\"},{\"@type\":\"Organization\",\"@id\":\"https:\/\/zswolagulowska.adamow.pl\/#organization\",\"name\":\"Zesp\u00f3\u0142 Szk\u00f3\u0142 im. gen Franciszka Kleeberga w Woli Gu\u0142owskiej\",\"url\":\"https:\/\/zswolagulowska.adamow.pl\/\",\"logo\":{\"@type\":\"ImageObject\",\"inLanguage\":\"pl-PL\",\"@id\":\"https:\/\/zswolagulowska.adamow.pl\/#\/schema\/logo\/image\/\",\"url\":\"https:\/\/zswolagulowska.adamow.pl\/wp-content\/uploads\/2023\/01\/cropped-cropped-cropped-logo-1-1.png\",\"contentUrl\":\"https:\/\/zswolagulowska.adamow.pl\/wp-content\/uploads\/2023\/01\/cropped-cropped-cropped-logo-1-1.png\",\"width\":420,\"height\":403,\"caption\":\"Zesp\u00f3\u0142 Szk\u00f3\u0142 im. gen Franciszka Kleeberga w Woli Gu\u0142owskiej\"},\"image\":{\"@id\":\"https:\/\/zswolagulowska.adamow.pl\/#\/schema\/logo\/image\/\"}}]}<\/script>\n<!-- \/ Yoast SEO plugin. -->","yoast_head_json":{"title":"Przedszkole - Zesp\u00f3\u0142 Szk\u00f3\u0142 im. gen. Franciszka Kleeberga w Woli Gu\u0142owskiej","robots":{"index":"index","follow":"follow","max-snippet":"max-snippet:-1","max-image-preview":"max-image-preview:large","max-video-preview":"max-video-preview:-1"},"canonical":"http:\/\/zswolagulowska.adamow.pl\/?page_id=305","og_locale":"pl_PL","og_type":"article","og_title":"Przedszkole - Zesp\u00f3\u0142 Szk\u00f3\u0142 im. gen. Franciszka Kleeberga w Woli Gu\u0142owskiej","og_description":"Zasady rekrutacji do\u00a0Przedszkola im. Pszcz\u00f3\u0142ki Mai w Woli Gu\u0142owskiej oraz Oddzia\u0142u Przedszkolnego w Szkole Podstawowej im.\u00a0gen. Franciszka Kleeberga w Woli Gu\u0142owskiej w roku szkolnym 2026\/2027 \u00a0 Og\u00f3lne zasady: Rekrutacja do przedszkola skierowana jest w&#46;&#46;&#46;","og_url":"http:\/\/zswolagulowska.adamow.pl\/?page_id=305","og_site_name":"Zesp\u00f3\u0142 Szk\u00f3\u0142 im. gen. Franciszka Kleeberga w Woli Gu\u0142owskiej","article_modified_time":"2026-02-19T09:33:21+00:00","twitter_card":"summary_large_image","twitter_misc":{"Szacowany czas czytania":"6 minut"},"schema":{"@context":"https:\/\/schema.org","@graph":[{"@type":"WebPage","@id":"http:\/\/zswolagulowska.adamow.pl\/?page_id=305","url":"http:\/\/zswolagulowska.adamow.pl\/?page_id=305","name":"Przedszkole - Zesp\u00f3\u0142 Szk\u00f3\u0142 im. gen. Franciszka Kleeberga w Woli Gu\u0142owskiej","isPartOf":{"@id":"https:\/\/zswolagulowska.adamow.pl\/#website"},"datePublished":"2025-01-01T20:00:39+00:00","dateModified":"2026-02-19T09:33:21+00:00","breadcrumb":{"@id":"http:\/\/zswolagulowska.adamow.pl\/?page_id=305#breadcrumb"},"inLanguage":"pl-PL","potentialAction":[{"@type":"ReadAction","target":["http:\/\/zswolagulowska.adamow.pl\/?page_id=305"]}]},{"@type":"BreadcrumbList","@id":"http:\/\/zswolagulowska.adamow.pl\/?page_id=305#breadcrumb","itemListElement":[{"@type":"ListItem","position":1,"name":"Home","item":"https:\/\/zswolagulowska.adamow.pl\/"},{"@type":"ListItem","position":2,"name":"Przedszkole"}]},{"@type":"WebSite","@id":"https:\/\/zswolagulowska.adamow.pl\/#website","url":"https:\/\/zswolagulowska.adamow.pl\/","name":"Zesp\u00f3\u0142 Szk\u00f3\u0142 im. gen Franciszka Kleeberga w Woli Gu\u0142owskiej","description":"&quot;Uczymy si\u0119 nie dla szko\u0142y, lecz dla \u017cycia.&quot;","publisher":{"@id":"https:\/\/zswolagulowska.adamow.pl\/#organization"},"potentialAction":[{"@type":"SearchAction","target":{"@type":"EntryPoint","urlTemplate":"https:\/\/zswolagulowska.adamow.pl\/?s={search_term_string}"},"query-input":{"@type":"PropertyValueSpecification","valueRequired":true,"valueName":"search_term_string"}}],"inLanguage":"pl-PL"},{"@type":"Organization","@id":"https:\/\/zswolagulowska.adamow.pl\/#organization","name":"Zesp\u00f3\u0142 Szk\u00f3\u0142 im. gen Franciszka Kleeberga w Woli Gu\u0142owskiej","url":"https:\/\/zswolagulowska.adamow.pl\/","logo":{"@type":"ImageObject","inLanguage":"pl-PL","@id":"https:\/\/zswolagulowska.adamow.pl\/#\/schema\/logo\/image\/","url":"https:\/\/zswolagulowska.adamow.pl\/wp-content\/uploads\/2023\/01\/cropped-cropped-cropped-logo-1-1.png","contentUrl":"https:\/\/zswolagulowska.adamow.pl\/wp-content\/uploads\/2023\/01\/cropped-cropped-cropped-logo-1-1.png","width":420,"height":403,"caption":"Zesp\u00f3\u0142 Szk\u00f3\u0142 im. gen Franciszka Kleeberga w Woli Gu\u0142owskiej"},"image":{"@id":"https:\/\/zswolagulowska.adamow.pl\/#\/schema\/logo\/image\/"}}]}},"_links":{"self":[{"href":"https:\/\/zswolagulowska.adamow.pl\/index.php?rest_route=\/wp\/v2\/pages\/305","targetHints":{"allow":["GET"]}}],"collection":[{"href":"https:\/\/zswolagulowska.adamow.pl\/index.php?rest_route=\/wp\/v2\/pages"}],"about":[{"href":"https:\/\/zswolagulowska.adamow.pl\/index.php?rest_route=\/wp\/v2\/types\/page"}],"author":[{"embeddable":true,"href":"https:\/\/zswolagulowska.adamow.pl\/index.php?rest_route=\/wp\/v2\/users\/1"}],"replies":[{"embeddable":true,"href":"https:\/\/zswolagulowska.adamow.pl\/index.php?rest_route=%2Fwp%2Fv2%2Fcomments&post=305"}],"version-history":[{"count":9,"href":"https:\/\/zswolagulowska.adamow.pl\/index.php?rest_route=\/wp\/v2\/pages\/305\/revisions"}],"predecessor-version":[{"id":2865,"href":"https:\/\/zswolagulowska.adamow.pl\/index.php?rest_route=\/wp\/v2\/pages\/305\/revisions\/2865"}],"wp:attachment":[{"href":"https:\/\/zswolagulowska.adamow.pl\/index.php?rest_route=%2Fwp%2Fv2%2Fmedia&parent=305"}],"curies":[{"name":"wp","href":"https:\/\/api.w.org\/{rel}","templated":true}]}}