{"id":320,"date":"2025-01-02T08:45:59","date_gmt":"2025-01-02T07:45:59","guid":{"rendered":"http:\/\/zswolagulowska.adamow.pl\/?page_id=320"},"modified":"2025-01-02T08:46:37","modified_gmt":"2025-01-02T07:46:37","slug":"zajecia-dodatkowe","status":"publish","type":"page","link":"https:\/\/zswolagulowska.adamow.pl\/?page_id=320","title":{"rendered":"Zaj\u0119cia dodatkowe w szkole i przedszkolu"},"content":{"rendered":"<p style=\"font-weight: 400; text-align: center;\"><strong>ORGANIZACJA ZAJ\u0118\u0106 DODATKOWYCH W PRZEDSZKOLU<\/strong><\/p>\n<p style=\"font-weight: 400; text-align: center;\"><strong>ROK SZKOLNY 2024\/2025<\/strong><\/p>\n<table class=\" aligncenter\" style=\"font-weight: 400;\">\n<tbody>\n<tr>\n<td width=\"201\"><strong>3-4 &#8211; latki<\/strong><\/td>\n<td width=\"201\"><strong>5 &#8211; latki<\/strong><\/td>\n<td width=\"201\"><strong>6 &#8211; latki<\/strong><\/td>\n<\/tr>\n<tr>\n<td colspan=\"3\" width=\"604\"><strong>Poniedzia\u0142ek<\/strong><\/p>\n<p><strong>\u00a0<\/strong><\/td>\n<\/tr>\n<tr>\n<td width=\"201\"><strong>\u00a0<\/strong><\/td>\n<td width=\"201\"><strong>RELIGIA<\/strong><\/p>\n<p><strong>\u00a0<\/strong><\/td>\n<td width=\"201\"><strong>RELIGIA<\/strong><\/td>\n<\/tr>\n<tr>\n<td colspan=\"3\" width=\"604\"><strong>Wtorek<\/strong><\/p>\n<p><strong>\u00a0<\/strong><\/td>\n<\/tr>\n<tr>\n<td width=\"201\"><strong>RELIGIA<\/strong><\/td>\n<td width=\"201\"><strong>RELIGIA<\/strong><\/td>\n<td width=\"201\"><strong>ZAJ\u0118CIA RYTMICZNO-TANECZNE<\/strong><\/td>\n<\/tr>\n<tr>\n<td colspan=\"3\" width=\"604\"><strong>\u015aroda<\/strong><\/p>\n<p><strong>\u00a0<\/strong><\/td>\n<\/tr>\n<tr>\n<td width=\"201\"><strong>ZAJ\u0118CIA RYTMICZNO-TANECZNE<\/strong><\/td>\n<td width=\"201\"><strong>\u00a0<\/strong><\/p>\n<p><strong>\u00a0<\/strong><\/td>\n<td width=\"201\"><strong>\u00a0<\/strong><\/td>\n<\/tr>\n<tr>\n<td colspan=\"3\" width=\"604\"><strong>Czwartek<\/strong><\/p>\n<p><strong>\u00a0<\/strong><\/td>\n<\/tr>\n<tr>\n<td width=\"201\"><strong>\u00a0<\/strong><\/td>\n<td width=\"201\"><strong>ZAJ\u0118CIA RYTMICZNO-TANECZNE<\/strong><\/p>\n<p><strong>\u00a0<\/strong><\/td>\n<td width=\"201\"><strong>\u00a0<\/strong><\/td>\n<\/tr>\n<tr>\n<td colspan=\"3\" width=\"604\"><strong>Pi\u0105tek<\/strong><\/p>\n<p><strong>\u00a0<\/strong><\/td>\n<\/tr>\n<tr>\n<td width=\"201\"><strong>RELIGIA<\/strong><\/td>\n<td width=\"201\"><strong>\u00a0<\/strong><\/p>\n<p><strong>\u00a0<\/strong><\/td>\n<td width=\"201\"><strong>RELIGIA<\/strong><\/td>\n<\/tr>\n<tr>\n<td colspan=\"3\" width=\"604\"><strong>W ka\u017cdej grupie przedszkolnej realizowany jest projekt<em>,,STEAMove przedszkola \u2013 rozw\u00f3j w\u0142\u0105czaj\u0105cej edukacji przedszkolnej w Gminie Adam\u00f3w\u201d<\/em>\u00a0wsp\u00f3\u0142finansowany ze \u015brodk\u00f3w Europejskiego Funduszu Spo\u0142ecznego w ramach Dzia\u0142anie 10.2 Edukacja przedszkolna Priorytetu X Lepsza edukacja programu Fundusze Europejskie dla Lubelskiego 2021 -2027.<\/strong><\/td>\n<\/tr>\n<\/tbody>\n<\/table>\n<p style=\"font-weight: 400; text-align: center;\"><strong>OFERTA ZAJ\u0118\u0106 DODATKOWYCH W SZKOLE PODSTAWOWEJ<\/strong><\/p>\n<p style=\"font-weight: 400; text-align: center;\"><strong>ROK SZKOLNY 2024\/2025<\/strong><\/p>\n<table style=\"font-weight: 400;\" width=\"525\">\n<tbody>\n<tr>\n<td width=\"129\"><strong>Nazwa zaj\u0119\u0107<\/strong><\/td>\n<td width=\"113\"><strong>Prowadz\u0105cy<\/strong><\/td>\n<td width=\"97\"><strong>Godzina<\/strong><\/td>\n<td width=\"81\"><strong>Dzie\u0144<\/strong><\/td>\n<td width=\"105\"><strong>Oddzia\u0142<\/strong><\/td>\n<\/tr>\n<tr>\n<td width=\"129\"><strong>Zaj\u0119cia wokalne<\/strong><\/td>\n<td width=\"113\"><strong>Mariusz Gajda<\/strong><\/td>\n<td width=\"97\"><strong>11:45 \u2013 12:30<\/strong><\/td>\n<td width=\"81\"><strong>\u015broda<\/strong><\/td>\n<td width=\"105\"><strong>KLASA I<\/strong><\/td>\n<\/tr>\n<tr>\n<td width=\"129\"><strong>Zaj\u0119cia szachowe<\/strong><\/td>\n<td width=\"113\"><strong>Aneta Pietruszka<\/strong><\/td>\n<td width=\"97\"><strong>11:45 \u2013 12:30<\/strong><\/td>\n<td width=\"81\"><strong>czwartek<\/strong><\/td>\n<td width=\"105\"><strong>KLASA II<\/strong><\/td>\n<\/tr>\n<tr>\n<td width=\"129\"><strong>Laboratorium M\u0142odego Badacza<\/strong><\/td>\n<td width=\"113\"><strong>Gra\u017cyna J\u00f3zwik<\/strong><\/td>\n<td width=\"97\"><strong>11:45 \u2013 12:30<\/strong><\/td>\n<td width=\"81\"><strong>wtorek<\/strong><\/td>\n<td width=\"105\"><strong>KLASA III<\/strong><\/td>\n<\/tr>\n<tr>\n<td width=\"129\"><strong>Ko\u0142o ekologiczne<\/strong><\/td>\n<td width=\"113\"><strong>Gra\u017cyna J\u00f3zwik<\/strong><\/td>\n<td width=\"97\"><strong>12:45 \u2013 13:30<\/strong><\/td>\n<td width=\"81\"><strong>wtorek<\/strong><\/td>\n<td width=\"105\"><strong>KLASA V<\/strong><\/td>\n<\/tr>\n<tr>\n<td width=\"129\"><strong>Zaj\u0119cia teatralne<\/strong><\/td>\n<td width=\"113\"><strong>Anna Kozak<\/strong><\/td>\n<td width=\"97\"><strong>12:45 \u2013 13:30<\/strong><\/td>\n<td width=\"81\"><strong>czwartek<\/strong><\/td>\n<td width=\"105\"><strong>KLASA VI<\/strong><\/td>\n<\/tr>\n<tr>\n<td width=\"129\"><strong>Eksperymenty chemiczne<\/strong><\/td>\n<td width=\"113\"><strong>El\u017cbieta Jazurek<\/strong><\/td>\n<td width=\"97\"><strong>14:25 \u2013 15:10<\/strong><\/td>\n<td width=\"81\"><strong>czwartek<\/strong><\/td>\n<td width=\"105\"><strong>KLASA VII<\/strong><\/td>\n<\/tr>\n<tr>\n<td width=\"129\"><strong>Zaj\u0119cia matematyczne<\/strong><\/td>\n<td width=\"113\"><strong>Jolanta Gole\u0144<\/strong><\/td>\n<td width=\"97\"><strong>13:35 \u2013 14:20<\/strong><\/td>\n<td width=\"81\"><strong>wtorek<\/strong><\/td>\n<td width=\"105\"><strong>KLASA VIIIa\/VIIIb<\/strong><\/td>\n<\/tr>\n<tr>\n<td width=\"129\"><strong>,, Egzamin na sz\u00f3stk\u0119\u201d \u2013 zaj\u0119cia rozwijaj\u0105ce z j\u0119zyka polskiego<\/strong><\/td>\n<td width=\"113\"><strong>Agnieszka W\u00f3jtowicz<\/strong><\/td>\n<td width=\"97\"><strong>13:35 \u2013 14:20<\/strong><\/td>\n<td width=\"81\"><strong>wtorek<\/strong><\/td>\n<td width=\"105\"><strong>KLASA VIIIa\/VIIIb<\/strong><\/td>\n<\/tr>\n<tr>\n<td colspan=\"5\" width=\"525\">\n<p style=\"text-align: center;\"><strong>Uczniowie klas I-VIII realizuj\u0105 projekt\u00a0<em>,,Knock, knock \u2013 dodatkowe zaj\u0119cia z j\u0119zyka angielskiego dla uczni\u00f3w szk\u00f3\u0142 podstawowych w gminie Adam\u00f3w\u201d<\/em>\u00a0wsp\u00f3\u0142finansowany ze \u015brodk\u00f3w Unii Europejskiej w ramach Fundusze Europejskie dla Lubelskiego 2021 \u2013 2027, Priorytetu Lepsza edukacja.<\/strong><\/p>\n<\/td>\n<\/tr>\n<\/tbody>\n<\/table>\n","protected":false},"excerpt":{"rendered":"<p>ORGANIZACJA ZAJ\u0118\u0106 DODATKOWYCH W PRZEDSZKOLU ROK SZKOLNY 2024\/2025 3-4 &#8211; latki 5 &#8211; latki 6 &#8211; latki Poniedzia\u0142ek \u00a0 \u00a0 RELIGIA \u00a0 RELIGIA Wtorek \u00a0 RELIGIA RELIGIA ZAJ\u0118CIA RYTMICZNO-TANECZNE \u015aroda \u00a0 ZAJ\u0118CIA RYTMICZNO-TANECZNE \u00a0&#46;&#46;&#46;<\/p>\n","protected":false},"author":1,"featured_media":0,"parent":0,"menu_order":0,"comment_status":"closed","ping_status":"closed","template":"","meta":{"footnotes":""},"class_list":["post-320","page","type-page","status-publish","hentry"],"yoast_head":"<!-- This site is optimized with the Yoast SEO plugin v26.6 - https:\/\/yoast.com\/wordpress\/plugins\/seo\/ -->\n<title>Zaj\u0119cia dodatkowe w szkole i przedszkolu - Zesp\u00f3\u0142 Szk\u00f3\u0142 im. gen. Franciszka Kleeberga w Woli Gu\u0142owskiej<\/title>\n<meta name=\"robots\" content=\"index, follow, max-snippet:-1, max-image-preview:large, max-video-preview:-1\" \/>\n<link rel=\"canonical\" href=\"https:\/\/zswolagulowska.adamow.pl\/?page_id=320\" \/>\n<meta property=\"og:locale\" content=\"pl_PL\" \/>\n<meta property=\"og:type\" content=\"article\" \/>\n<meta property=\"og:title\" content=\"Zaj\u0119cia dodatkowe w szkole i przedszkolu - Zesp\u00f3\u0142 Szk\u00f3\u0142 im. gen. Franciszka Kleeberga w Woli Gu\u0142owskiej\" \/>\n<meta property=\"og:description\" content=\"ORGANIZACJA ZAJ\u0118\u0106 DODATKOWYCH W PRZEDSZKOLU ROK SZKOLNY 2024\/2025 3-4 &#8211; latki 5 &#8211; latki 6 &#8211; latki Poniedzia\u0142ek \u00a0 \u00a0 RELIGIA \u00a0 RELIGIA Wtorek \u00a0 RELIGIA RELIGIA ZAJ\u0118CIA RYTMICZNO-TANECZNE \u015aroda \u00a0 ZAJ\u0118CIA RYTMICZNO-TANECZNE \u00a0&#046;&#046;&#046;\" \/>\n<meta property=\"og:url\" content=\"https:\/\/zswolagulowska.adamow.pl\/?page_id=320\" \/>\n<meta property=\"og:site_name\" content=\"Zesp\u00f3\u0142 Szk\u00f3\u0142 im. gen. Franciszka Kleeberga w Woli Gu\u0142owskiej\" \/>\n<meta property=\"article:modified_time\" content=\"2025-01-02T07:46:37+00:00\" \/>\n<meta name=\"twitter:card\" content=\"summary_large_image\" \/>\n<meta name=\"twitter:label1\" content=\"Szacowany czas czytania\" \/>\n\t<meta name=\"twitter:data1\" content=\"2 minuty\" \/>\n<script type=\"application\/ld+json\" class=\"yoast-schema-graph\">{\"@context\":\"https:\/\/schema.org\",\"@graph\":[{\"@type\":\"WebPage\",\"@id\":\"https:\/\/zswolagulowska.adamow.pl\/?page_id=320\",\"url\":\"https:\/\/zswolagulowska.adamow.pl\/?page_id=320\",\"name\":\"Zaj\u0119cia dodatkowe w szkole i przedszkolu - Zesp\u00f3\u0142 Szk\u00f3\u0142 im. gen. Franciszka Kleeberga w Woli Gu\u0142owskiej\",\"isPartOf\":{\"@id\":\"https:\/\/zswolagulowska.adamow.pl\/#website\"},\"datePublished\":\"2025-01-02T07:45:59+00:00\",\"dateModified\":\"2025-01-02T07:46:37+00:00\",\"breadcrumb\":{\"@id\":\"https:\/\/zswolagulowska.adamow.pl\/?page_id=320#breadcrumb\"},\"inLanguage\":\"pl-PL\",\"potentialAction\":[{\"@type\":\"ReadAction\",\"target\":[\"https:\/\/zswolagulowska.adamow.pl\/?page_id=320\"]}]},{\"@type\":\"BreadcrumbList\",\"@id\":\"https:\/\/zswolagulowska.adamow.pl\/?page_id=320#breadcrumb\",\"itemListElement\":[{\"@type\":\"ListItem\",\"position\":1,\"name\":\"Home\",\"item\":\"https:\/\/zswolagulowska.adamow.pl\/\"},{\"@type\":\"ListItem\",\"position\":2,\"name\":\"Zaj\u0119cia dodatkowe w szkole i przedszkolu\"}]},{\"@type\":\"WebSite\",\"@id\":\"https:\/\/zswolagulowska.adamow.pl\/#website\",\"url\":\"https:\/\/zswolagulowska.adamow.pl\/\",\"name\":\"Zesp\u00f3\u0142 Szk\u00f3\u0142 im. gen Franciszka Kleeberga w Woli Gu\u0142owskiej\",\"description\":\"&quot;Uczymy si\u0119 nie dla szko\u0142y, lecz dla \u017cycia.&quot;\",\"publisher\":{\"@id\":\"https:\/\/zswolagulowska.adamow.pl\/#organization\"},\"potentialAction\":[{\"@type\":\"SearchAction\",\"target\":{\"@type\":\"EntryPoint\",\"urlTemplate\":\"https:\/\/zswolagulowska.adamow.pl\/?s={search_term_string}\"},\"query-input\":{\"@type\":\"PropertyValueSpecification\",\"valueRequired\":true,\"valueName\":\"search_term_string\"}}],\"inLanguage\":\"pl-PL\"},{\"@type\":\"Organization\",\"@id\":\"https:\/\/zswolagulowska.adamow.pl\/#organization\",\"name\":\"Zesp\u00f3\u0142 Szk\u00f3\u0142 im. gen Franciszka Kleeberga w Woli Gu\u0142owskiej\",\"url\":\"https:\/\/zswolagulowska.adamow.pl\/\",\"logo\":{\"@type\":\"ImageObject\",\"inLanguage\":\"pl-PL\",\"@id\":\"https:\/\/zswolagulowska.adamow.pl\/#\/schema\/logo\/image\/\",\"url\":\"https:\/\/zswolagulowska.adamow.pl\/wp-content\/uploads\/2023\/01\/cropped-cropped-cropped-logo-1-1.png\",\"contentUrl\":\"https:\/\/zswolagulowska.adamow.pl\/wp-content\/uploads\/2023\/01\/cropped-cropped-cropped-logo-1-1.png\",\"width\":420,\"height\":403,\"caption\":\"Zesp\u00f3\u0142 Szk\u00f3\u0142 im. gen Franciszka Kleeberga w Woli Gu\u0142owskiej\"},\"image\":{\"@id\":\"https:\/\/zswolagulowska.adamow.pl\/#\/schema\/logo\/image\/\"}}]}<\/script>\n<!-- \/ Yoast SEO plugin. -->","yoast_head_json":{"title":"Zaj\u0119cia dodatkowe w szkole i przedszkolu - Zesp\u00f3\u0142 Szk\u00f3\u0142 im. gen. Franciszka Kleeberga w Woli Gu\u0142owskiej","robots":{"index":"index","follow":"follow","max-snippet":"max-snippet:-1","max-image-preview":"max-image-preview:large","max-video-preview":"max-video-preview:-1"},"canonical":"https:\/\/zswolagulowska.adamow.pl\/?page_id=320","og_locale":"pl_PL","og_type":"article","og_title":"Zaj\u0119cia dodatkowe w szkole i przedszkolu - Zesp\u00f3\u0142 Szk\u00f3\u0142 im. gen. Franciszka Kleeberga w Woli Gu\u0142owskiej","og_description":"ORGANIZACJA ZAJ\u0118\u0106 DODATKOWYCH W PRZEDSZKOLU ROK SZKOLNY 2024\/2025 3-4 &#8211; latki 5 &#8211; latki 6 &#8211; latki Poniedzia\u0142ek \u00a0 \u00a0 RELIGIA \u00a0 RELIGIA Wtorek \u00a0 RELIGIA RELIGIA ZAJ\u0118CIA RYTMICZNO-TANECZNE \u015aroda \u00a0 ZAJ\u0118CIA RYTMICZNO-TANECZNE \u00a0&#46;&#46;&#46;","og_url":"https:\/\/zswolagulowska.adamow.pl\/?page_id=320","og_site_name":"Zesp\u00f3\u0142 Szk\u00f3\u0142 im. gen. Franciszka Kleeberga w Woli Gu\u0142owskiej","article_modified_time":"2025-01-02T07:46:37+00:00","twitter_card":"summary_large_image","twitter_misc":{"Szacowany czas czytania":"2 minuty"},"schema":{"@context":"https:\/\/schema.org","@graph":[{"@type":"WebPage","@id":"https:\/\/zswolagulowska.adamow.pl\/?page_id=320","url":"https:\/\/zswolagulowska.adamow.pl\/?page_id=320","name":"Zaj\u0119cia dodatkowe w szkole i przedszkolu - Zesp\u00f3\u0142 Szk\u00f3\u0142 im. gen. Franciszka Kleeberga w Woli Gu\u0142owskiej","isPartOf":{"@id":"https:\/\/zswolagulowska.adamow.pl\/#website"},"datePublished":"2025-01-02T07:45:59+00:00","dateModified":"2025-01-02T07:46:37+00:00","breadcrumb":{"@id":"https:\/\/zswolagulowska.adamow.pl\/?page_id=320#breadcrumb"},"inLanguage":"pl-PL","potentialAction":[{"@type":"ReadAction","target":["https:\/\/zswolagulowska.adamow.pl\/?page_id=320"]}]},{"@type":"BreadcrumbList","@id":"https:\/\/zswolagulowska.adamow.pl\/?page_id=320#breadcrumb","itemListElement":[{"@type":"ListItem","position":1,"name":"Home","item":"https:\/\/zswolagulowska.adamow.pl\/"},{"@type":"ListItem","position":2,"name":"Zaj\u0119cia dodatkowe w szkole i przedszkolu"}]},{"@type":"WebSite","@id":"https:\/\/zswolagulowska.adamow.pl\/#website","url":"https:\/\/zswolagulowska.adamow.pl\/","name":"Zesp\u00f3\u0142 Szk\u00f3\u0142 im. gen Franciszka Kleeberga w Woli Gu\u0142owskiej","description":"&quot;Uczymy si\u0119 nie dla szko\u0142y, lecz dla \u017cycia.&quot;","publisher":{"@id":"https:\/\/zswolagulowska.adamow.pl\/#organization"},"potentialAction":[{"@type":"SearchAction","target":{"@type":"EntryPoint","urlTemplate":"https:\/\/zswolagulowska.adamow.pl\/?s={search_term_string}"},"query-input":{"@type":"PropertyValueSpecification","valueRequired":true,"valueName":"search_term_string"}}],"inLanguage":"pl-PL"},{"@type":"Organization","@id":"https:\/\/zswolagulowska.adamow.pl\/#organization","name":"Zesp\u00f3\u0142 Szk\u00f3\u0142 im. gen Franciszka Kleeberga w Woli Gu\u0142owskiej","url":"https:\/\/zswolagulowska.adamow.pl\/","logo":{"@type":"ImageObject","inLanguage":"pl-PL","@id":"https:\/\/zswolagulowska.adamow.pl\/#\/schema\/logo\/image\/","url":"https:\/\/zswolagulowska.adamow.pl\/wp-content\/uploads\/2023\/01\/cropped-cropped-cropped-logo-1-1.png","contentUrl":"https:\/\/zswolagulowska.adamow.pl\/wp-content\/uploads\/2023\/01\/cropped-cropped-cropped-logo-1-1.png","width":420,"height":403,"caption":"Zesp\u00f3\u0142 Szk\u00f3\u0142 im. gen Franciszka Kleeberga w Woli Gu\u0142owskiej"},"image":{"@id":"https:\/\/zswolagulowska.adamow.pl\/#\/schema\/logo\/image\/"}}]}},"_links":{"self":[{"href":"https:\/\/zswolagulowska.adamow.pl\/index.php?rest_route=\/wp\/v2\/pages\/320","targetHints":{"allow":["GET"]}}],"collection":[{"href":"https:\/\/zswolagulowska.adamow.pl\/index.php?rest_route=\/wp\/v2\/pages"}],"about":[{"href":"https:\/\/zswolagulowska.adamow.pl\/index.php?rest_route=\/wp\/v2\/types\/page"}],"author":[{"embeddable":true,"href":"https:\/\/zswolagulowska.adamow.pl\/index.php?rest_route=\/wp\/v2\/users\/1"}],"replies":[{"embeddable":true,"href":"https:\/\/zswolagulowska.adamow.pl\/index.php?rest_route=%2Fwp%2Fv2%2Fcomments&post=320"}],"version-history":[{"count":1,"href":"https:\/\/zswolagulowska.adamow.pl\/index.php?rest_route=\/wp\/v2\/pages\/320\/revisions"}],"predecessor-version":[{"id":321,"href":"https:\/\/zswolagulowska.adamow.pl\/index.php?rest_route=\/wp\/v2\/pages\/320\/revisions\/321"}],"wp:attachment":[{"href":"https:\/\/zswolagulowska.adamow.pl\/index.php?rest_route=%2Fwp%2Fv2%2Fmedia&parent=320"}],"curies":[{"name":"wp","href":"https:\/\/api.w.org\/{rel}","templated":true}]}}