{"id":323,"date":"2025-01-02T08:48:33","date_gmt":"2025-01-02T07:48:33","guid":{"rendered":"http:\/\/zswolagulowska.adamow.pl\/?page_id=323"},"modified":"2025-01-07T09:35:45","modified_gmt":"2025-01-07T08:35:45","slug":"pomoc-psychologiczno-pedagogiczna","status":"publish","type":"page","link":"https:\/\/zswolagulowska.adamow.pl\/?page_id=323","title":{"rendered":"Pomoc psychologiczno-pedagogiczna"},"content":{"rendered":"<p style=\"font-weight: 400; text-align: center;\"><strong>GODZINY PRACY SPECJALIST\u00d3W<\/strong><\/p>\n<p style=\"font-weight: 400; text-align: center;\"><strong>W ZESPOLE SZK\u00d3\u0141 IM. GEN. FRANCISZKA KLEEBERGA W WOLI GU\u0141OWSKIEJ<\/strong><\/p>\n<p style=\"font-weight: 400; text-align: center;\"><strong>W ROKU SZKOLNYM 2024\/2025<\/strong><\/p>\n<p><strong>Pedagog szkolny\/Pedagog specjalny:<\/strong><\/p>\n<p>Poniedzia\u0142ek: godz. 10:45 \u2013 12:30,<\/p>\n<p>Wtorek: godz. 8:00 \u2013 12:30, 13:35 \u2013 15:10<\/p>\n<p>\u015aroda: godz. 8:00 \u2013 12:30<\/p>\n<p>Czwartek: 8:00 \u2013 12.30, 14:25 \u2013 15:10<\/p>\n<p>Pi\u0105tek:<\/p>\n<p>1 pi\u0105tek miesi\u0105ca: 11:45 -15:10<\/p>\n<p>2, 3, 4 pi\u0105tek miesi\u0105ca: 8:00 \u2013 11.30<\/p>\n<p>Godzina dost\u0119pno\u015bci \u2013 poniedzia\u0142ek 10:00 \u2013 10:30, 12:30 \u2013 13:00<\/p>\n<p>&nbsp;<\/p>\n<p><strong>Psycholog:<\/strong><\/p>\n<p>Poniedzia\u0142ek : godz.8:00 \u2013 13:00, 14:05 &#8211; 15:10<\/p>\n<p>\u015aroda: 10.45 \u2013 13:30, 14:30-15:10<\/p>\n<p>Pi\u0105tek: godz. 11:45 \u2013 15:10<\/p>\n<p>Godzina dost\u0119pno\u015bci \u2013 \u015broda 14:00 \u2013 14:30, pi\u0105tek 14:00 \u2013 14:30<\/p>\n<p>&nbsp;<\/p>\n<p>Szko\u0142a zatrudnia r\u00f3wnie\u017c innych specjalist\u00f3w:<\/p>\n<p>logoped\u0119 &#8211; zaj\u0119cia logopedyczne<\/p>\n<p style=\"font-weight: 400;\">oligofrenopedagoga &#8211; zaj\u0119cia rewalidacyjne z uczniami niepe\u0142nosprawnymi intelektualnie,<\/p>\n<p style=\"font-weight: 400;\">terapeut\u0119 pedagogicznego &#8211; \u00a0zaj\u0119cia korekcyjno-kompensacyjne, terapia integracji sensorycznej<\/p>\n<p style=\"font-weight: 400;\">specjalist\u0119 w zakresie pedagogiki terapeutycznej (leczniczej) &#8211; zaj\u0119cia rewalidacyjne \u00a0z uczniami niepe\u0142nosprawnymi ruchowo<\/p>\n<p style=\"font-weight: 400;\">specjalist\u00f3w w zakresie pracy z uczniami autystycznymi &#8211; zaj\u0119cia rewalidacyjne.<\/p>\n<ol>\n<li style=\"font-weight: 400;\">Pomoc psychologiczno-pedagogiczna jest organizowana w formie:<\/li>\n<\/ol>\n<p style=\"font-weight: 400;\">1)\u00a0\u00a0\u00a0systemowych dzia\u0142a\u0144 maj\u0105cych na celu rozpoznanie zainteresowa\u0144 uczni\u00f3w, w\u00a0tym uczni\u00f3w wybitnie zdolnych\u00a0 oraz zaplanowanie wsparcia maj\u0105cego na celu rozwijanie ich zainteresowa\u0144 i uzdolnie\u0144;<\/p>\n<p style=\"font-weight: 400;\">2)\u00a0\u00a0\u00a0dzia\u0142a\u0144 pedagogicznych maj\u0105cych na celu rozpoznanie indywidualnych potrzeb edukacyjnych i mo\u017cliwo\u015bci psychofizycznych uczni\u00f3w oraz planowanie sposob\u00f3w ich zaspokojenia;<\/p>\n<p style=\"font-weight: 400;\">3)\u00a0\u00a0\u00a0zindywidualizowanej pracy z uczniem na obowi\u0105zkowych i dodatkowych zaj\u0119ciach edukacyjnych;<\/p>\n<p style=\"font-weight: 400;\">4)\u00a0\u00a0\u00a0zaj\u0119\u0107 dydaktyczno-wyr\u00f3wnawczych;<\/p>\n<p style=\"font-weight: 400;\">5)\u00a0\u00a0\u00a0zaj\u0119\u0107 specjalistycznych: korekcyjno-kompensacyjnych, logopedycznych;<\/p>\n<p style=\"font-weight: 400;\">6)\u00a0\u00a0\u00a0zaj\u0119\u0107 socjoterapeutycznych;<\/p>\n<p style=\"font-weight: 400;\">7)\u00a0\u00a0\u00a0porad, konsultacji i warsztat\u00f3w dla rodzic\u00f3w i nauczycieli;<\/p>\n<p style=\"font-weight: 400;\">8)\u00a0\u00a0\u00a0zaj\u0119\u0107 zwi\u0105zanych z wyborem kierunku kszta\u0142cenia i zawodu;<\/p>\n<p style=\"font-weight: 400;\">9)\u00a0\u00a0\u00a0porad dla uczni\u00f3w;<\/p>\n<p style=\"font-weight: 400;\">10)\u00a0\u00a0\u00a0\u00a0klas terapeutycznych;<\/p>\n<p style=\"font-weight: 400;\">11)\u00a0\u00a0\u00a0\u00a0dzia\u0142a\u0144 na rzecz zorganizowania pomocy materialnej uczniom znajduj\u0105cym si\u0119 w\u00a0trudnej sytuacji \u017cyciowej.<\/p>\n<p style=\"font-weight: 400;\">Pomoc psychologiczno-pedagogiczna jest udzielana z inicjatywy:<\/p>\n<p style=\"font-weight: 400;\">1) ucznia;<\/p>\n<p style=\"font-weight: 400;\">2) rodzic\u00f3w ucznia;<\/p>\n<p style=\"font-weight: 400;\">3) dyrektora szko\u0142y;<\/p>\n<p style=\"font-weight: 400;\">4) nauczyciela, wychowawcy grupy wychowawczej lub specjalisty, prowadz\u0105cych zaj\u0119cia z uczniem;<\/p>\n<p style=\"font-weight: 400;\">5) piel\u0119gniarki \u015brodowiska nauczania i wychowania lub higienistki szkolnej;<\/p>\n<p style=\"font-weight: 400;\">6) poradni;<\/p>\n<p style=\"font-weight: 400;\">7) asystenta edukacji romskiej;<\/p>\n<p style=\"font-weight: 400;\">8) pomocy nauczyciela;<\/p>\n<p style=\"font-weight: 400;\">9) pracownika socjalnego;<\/p>\n<p style=\"font-weight: 400;\">10) asystenta rodziny;<\/p>\n<p style=\"font-weight: 400;\">11) kuratora s\u0105dowego.<\/p>\n<p style=\"font-weight: 400;\">Potrzeb\u0119 obj\u0119cia ucznia pomoc\u0105 psychologiczno-pedagogiczn\u0105 mo\u017cna zg\u0142asza\u0107 u wychowawcy klasy, sekretariacie szko\u0142y, lub \u00a0u dyrektora szko\u0142y.<\/p>\n","protected":false},"excerpt":{"rendered":"<p>GODZINY PRACY SPECJALIST\u00d3W W ZESPOLE SZK\u00d3\u0141 IM. GEN. FRANCISZKA KLEEBERGA W WOLI GU\u0141OWSKIEJ W ROKU SZKOLNYM 2024\/2025 Pedagog szkolny\/Pedagog specjalny: Poniedzia\u0142ek: godz. 10:45 \u2013 12:30, Wtorek: godz. 8:00 \u2013 12:30, 13:35 \u2013 15:10 \u015aroda:&#46;&#46;&#46;<\/p>\n","protected":false},"author":1,"featured_media":0,"parent":0,"menu_order":0,"comment_status":"closed","ping_status":"closed","template":"","meta":{"footnotes":""},"class_list":["post-323","page","type-page","status-publish","hentry"],"yoast_head":"<!-- This site is optimized with the Yoast SEO plugin v26.6 - https:\/\/yoast.com\/wordpress\/plugins\/seo\/ -->\n<title>Pomoc psychologiczno-pedagogiczna - Zesp\u00f3\u0142 Szk\u00f3\u0142 im. gen. Franciszka Kleeberga w Woli Gu\u0142owskiej<\/title>\n<meta name=\"robots\" content=\"index, follow, max-snippet:-1, max-image-preview:large, max-video-preview:-1\" \/>\n<link rel=\"canonical\" href=\"https:\/\/zswolagulowska.adamow.pl\/?page_id=323\" \/>\n<meta property=\"og:locale\" content=\"pl_PL\" \/>\n<meta property=\"og:type\" content=\"article\" \/>\n<meta property=\"og:title\" content=\"Pomoc psychologiczno-pedagogiczna - Zesp\u00f3\u0142 Szk\u00f3\u0142 im. gen. Franciszka Kleeberga w Woli Gu\u0142owskiej\" \/>\n<meta property=\"og:description\" content=\"GODZINY PRACY SPECJALIST\u00d3W W ZESPOLE SZK\u00d3\u0141 IM. GEN. FRANCISZKA KLEEBERGA W WOLI GU\u0141OWSKIEJ W ROKU SZKOLNYM 2024\/2025 Pedagog szkolny\/Pedagog specjalny: Poniedzia\u0142ek: godz. 10:45 \u2013 12:30, Wtorek: godz. 8:00 \u2013 12:30, 13:35 \u2013 15:10 \u015aroda:&#046;&#046;&#046;\" \/>\n<meta property=\"og:url\" content=\"https:\/\/zswolagulowska.adamow.pl\/?page_id=323\" \/>\n<meta property=\"og:site_name\" content=\"Zesp\u00f3\u0142 Szk\u00f3\u0142 im. gen. Franciszka Kleeberga w Woli Gu\u0142owskiej\" \/>\n<meta property=\"article:modified_time\" content=\"2025-01-07T08:35:45+00:00\" \/>\n<meta name=\"twitter:card\" content=\"summary_large_image\" \/>\n<meta name=\"twitter:label1\" content=\"Szacowany czas czytania\" \/>\n\t<meta name=\"twitter:data1\" content=\"2 minuty\" \/>\n<script type=\"application\/ld+json\" class=\"yoast-schema-graph\">{\"@context\":\"https:\/\/schema.org\",\"@graph\":[{\"@type\":\"WebPage\",\"@id\":\"https:\/\/zswolagulowska.adamow.pl\/?page_id=323\",\"url\":\"https:\/\/zswolagulowska.adamow.pl\/?page_id=323\",\"name\":\"Pomoc psychologiczno-pedagogiczna - Zesp\u00f3\u0142 Szk\u00f3\u0142 im. gen. Franciszka Kleeberga w Woli Gu\u0142owskiej\",\"isPartOf\":{\"@id\":\"https:\/\/zswolagulowska.adamow.pl\/#website\"},\"datePublished\":\"2025-01-02T07:48:33+00:00\",\"dateModified\":\"2025-01-07T08:35:45+00:00\",\"breadcrumb\":{\"@id\":\"https:\/\/zswolagulowska.adamow.pl\/?page_id=323#breadcrumb\"},\"inLanguage\":\"pl-PL\",\"potentialAction\":[{\"@type\":\"ReadAction\",\"target\":[\"https:\/\/zswolagulowska.adamow.pl\/?page_id=323\"]}]},{\"@type\":\"BreadcrumbList\",\"@id\":\"https:\/\/zswolagulowska.adamow.pl\/?page_id=323#breadcrumb\",\"itemListElement\":[{\"@type\":\"ListItem\",\"position\":1,\"name\":\"Home\",\"item\":\"https:\/\/zswolagulowska.adamow.pl\/\"},{\"@type\":\"ListItem\",\"position\":2,\"name\":\"Pomoc psychologiczno-pedagogiczna\"}]},{\"@type\":\"WebSite\",\"@id\":\"https:\/\/zswolagulowska.adamow.pl\/#website\",\"url\":\"https:\/\/zswolagulowska.adamow.pl\/\",\"name\":\"Zesp\u00f3\u0142 Szk\u00f3\u0142 im. gen Franciszka Kleeberga w Woli Gu\u0142owskiej\",\"description\":\"&quot;Uczymy si\u0119 nie dla szko\u0142y, lecz dla \u017cycia.&quot;\",\"publisher\":{\"@id\":\"https:\/\/zswolagulowska.adamow.pl\/#organization\"},\"potentialAction\":[{\"@type\":\"SearchAction\",\"target\":{\"@type\":\"EntryPoint\",\"urlTemplate\":\"https:\/\/zswolagulowska.adamow.pl\/?s={search_term_string}\"},\"query-input\":{\"@type\":\"PropertyValueSpecification\",\"valueRequired\":true,\"valueName\":\"search_term_string\"}}],\"inLanguage\":\"pl-PL\"},{\"@type\":\"Organization\",\"@id\":\"https:\/\/zswolagulowska.adamow.pl\/#organization\",\"name\":\"Zesp\u00f3\u0142 Szk\u00f3\u0142 im. gen Franciszka Kleeberga w Woli Gu\u0142owskiej\",\"url\":\"https:\/\/zswolagulowska.adamow.pl\/\",\"logo\":{\"@type\":\"ImageObject\",\"inLanguage\":\"pl-PL\",\"@id\":\"https:\/\/zswolagulowska.adamow.pl\/#\/schema\/logo\/image\/\",\"url\":\"https:\/\/zswolagulowska.adamow.pl\/wp-content\/uploads\/2023\/01\/cropped-cropped-cropped-logo-1-1.png\",\"contentUrl\":\"https:\/\/zswolagulowska.adamow.pl\/wp-content\/uploads\/2023\/01\/cropped-cropped-cropped-logo-1-1.png\",\"width\":420,\"height\":403,\"caption\":\"Zesp\u00f3\u0142 Szk\u00f3\u0142 im. gen Franciszka Kleeberga w Woli Gu\u0142owskiej\"},\"image\":{\"@id\":\"https:\/\/zswolagulowska.adamow.pl\/#\/schema\/logo\/image\/\"}}]}<\/script>\n<!-- \/ Yoast SEO plugin. -->","yoast_head_json":{"title":"Pomoc psychologiczno-pedagogiczna - Zesp\u00f3\u0142 Szk\u00f3\u0142 im. gen. Franciszka Kleeberga w Woli Gu\u0142owskiej","robots":{"index":"index","follow":"follow","max-snippet":"max-snippet:-1","max-image-preview":"max-image-preview:large","max-video-preview":"max-video-preview:-1"},"canonical":"https:\/\/zswolagulowska.adamow.pl\/?page_id=323","og_locale":"pl_PL","og_type":"article","og_title":"Pomoc psychologiczno-pedagogiczna - Zesp\u00f3\u0142 Szk\u00f3\u0142 im. gen. Franciszka Kleeberga w Woli Gu\u0142owskiej","og_description":"GODZINY PRACY SPECJALIST\u00d3W W ZESPOLE SZK\u00d3\u0141 IM. GEN. FRANCISZKA KLEEBERGA W WOLI GU\u0141OWSKIEJ W ROKU SZKOLNYM 2024\/2025 Pedagog szkolny\/Pedagog specjalny: Poniedzia\u0142ek: godz. 10:45 \u2013 12:30, Wtorek: godz. 8:00 \u2013 12:30, 13:35 \u2013 15:10 \u015aroda:&#46;&#46;&#46;","og_url":"https:\/\/zswolagulowska.adamow.pl\/?page_id=323","og_site_name":"Zesp\u00f3\u0142 Szk\u00f3\u0142 im. gen. Franciszka Kleeberga w Woli Gu\u0142owskiej","article_modified_time":"2025-01-07T08:35:45+00:00","twitter_card":"summary_large_image","twitter_misc":{"Szacowany czas czytania":"2 minuty"},"schema":{"@context":"https:\/\/schema.org","@graph":[{"@type":"WebPage","@id":"https:\/\/zswolagulowska.adamow.pl\/?page_id=323","url":"https:\/\/zswolagulowska.adamow.pl\/?page_id=323","name":"Pomoc psychologiczno-pedagogiczna - Zesp\u00f3\u0142 Szk\u00f3\u0142 im. gen. Franciszka Kleeberga w Woli Gu\u0142owskiej","isPartOf":{"@id":"https:\/\/zswolagulowska.adamow.pl\/#website"},"datePublished":"2025-01-02T07:48:33+00:00","dateModified":"2025-01-07T08:35:45+00:00","breadcrumb":{"@id":"https:\/\/zswolagulowska.adamow.pl\/?page_id=323#breadcrumb"},"inLanguage":"pl-PL","potentialAction":[{"@type":"ReadAction","target":["https:\/\/zswolagulowska.adamow.pl\/?page_id=323"]}]},{"@type":"BreadcrumbList","@id":"https:\/\/zswolagulowska.adamow.pl\/?page_id=323#breadcrumb","itemListElement":[{"@type":"ListItem","position":1,"name":"Home","item":"https:\/\/zswolagulowska.adamow.pl\/"},{"@type":"ListItem","position":2,"name":"Pomoc psychologiczno-pedagogiczna"}]},{"@type":"WebSite","@id":"https:\/\/zswolagulowska.adamow.pl\/#website","url":"https:\/\/zswolagulowska.adamow.pl\/","name":"Zesp\u00f3\u0142 Szk\u00f3\u0142 im. gen Franciszka Kleeberga w Woli Gu\u0142owskiej","description":"&quot;Uczymy si\u0119 nie dla szko\u0142y, lecz dla \u017cycia.&quot;","publisher":{"@id":"https:\/\/zswolagulowska.adamow.pl\/#organization"},"potentialAction":[{"@type":"SearchAction","target":{"@type":"EntryPoint","urlTemplate":"https:\/\/zswolagulowska.adamow.pl\/?s={search_term_string}"},"query-input":{"@type":"PropertyValueSpecification","valueRequired":true,"valueName":"search_term_string"}}],"inLanguage":"pl-PL"},{"@type":"Organization","@id":"https:\/\/zswolagulowska.adamow.pl\/#organization","name":"Zesp\u00f3\u0142 Szk\u00f3\u0142 im. gen Franciszka Kleeberga w Woli Gu\u0142owskiej","url":"https:\/\/zswolagulowska.adamow.pl\/","logo":{"@type":"ImageObject","inLanguage":"pl-PL","@id":"https:\/\/zswolagulowska.adamow.pl\/#\/schema\/logo\/image\/","url":"https:\/\/zswolagulowska.adamow.pl\/wp-content\/uploads\/2023\/01\/cropped-cropped-cropped-logo-1-1.png","contentUrl":"https:\/\/zswolagulowska.adamow.pl\/wp-content\/uploads\/2023\/01\/cropped-cropped-cropped-logo-1-1.png","width":420,"height":403,"caption":"Zesp\u00f3\u0142 Szk\u00f3\u0142 im. gen Franciszka Kleeberga w Woli Gu\u0142owskiej"},"image":{"@id":"https:\/\/zswolagulowska.adamow.pl\/#\/schema\/logo\/image\/"}}]}},"_links":{"self":[{"href":"https:\/\/zswolagulowska.adamow.pl\/index.php?rest_route=\/wp\/v2\/pages\/323","targetHints":{"allow":["GET"]}}],"collection":[{"href":"https:\/\/zswolagulowska.adamow.pl\/index.php?rest_route=\/wp\/v2\/pages"}],"about":[{"href":"https:\/\/zswolagulowska.adamow.pl\/index.php?rest_route=\/wp\/v2\/types\/page"}],"author":[{"embeddable":true,"href":"https:\/\/zswolagulowska.adamow.pl\/index.php?rest_route=\/wp\/v2\/users\/1"}],"replies":[{"embeddable":true,"href":"https:\/\/zswolagulowska.adamow.pl\/index.php?rest_route=%2Fwp%2Fv2%2Fcomments&post=323"}],"version-history":[{"count":3,"href":"https:\/\/zswolagulowska.adamow.pl\/index.php?rest_route=\/wp\/v2\/pages\/323\/revisions"}],"predecessor-version":[{"id":794,"href":"https:\/\/zswolagulowska.adamow.pl\/index.php?rest_route=\/wp\/v2\/pages\/323\/revisions\/794"}],"wp:attachment":[{"href":"https:\/\/zswolagulowska.adamow.pl\/index.php?rest_route=%2Fwp%2Fv2%2Fmedia&parent=323"}],"curies":[{"name":"wp","href":"https:\/\/api.w.org\/{rel}","templated":true}]}}