{"id":326,"date":"2025-01-02T08:52:11","date_gmt":"2025-01-02T07:52:11","guid":{"rendered":"http:\/\/zswolagulowska.adamow.pl\/?page_id=326"},"modified":"2025-01-02T08:53:14","modified_gmt":"2025-01-02T07:53:14","slug":"doradztwo-zawodowe","status":"publish","type":"page","link":"https:\/\/zswolagulowska.adamow.pl\/?page_id=326","title":{"rendered":"Doradztwo zawodowe"},"content":{"rendered":"<h2 style=\"text-align: center;\">Doradztwo zawodowe<\/h2>\n<p><strong>Szko\u0142a bran\u017cowa, technikum a mo\u017ce liceum?<\/strong><\/p>\n<p>Sprawd\u017a Informator o szko\u0142ach ponadpodstawowych wojew\u00f3dztwa lubelskiego na bie\u017c\u0105cy rok szkolny:<\/p>\n<p><a href=\"https:\/\/www.kuratorium.lublin.pl\/informator.php\" target=\"_self\">https:\/\/www.kuratorium.lublin.pl\/informator.php<\/a><\/p>\n<p>&nbsp;<\/p>\n<p><strong>\u015aCIE\u017bKI KSZTA\u0141CENIA zgodne z Rozporz\u0105dzeniem w sprawie Doradztwa Zawodowego<\/strong><\/p>\n<p><a href=\"https:\/\/doradztwo.ore.edu.pl\/sciezka-ksztalcenia\/\" target=\"_self\">https:\/\/doradztwo.ore.edu.pl\/sciezka-ksztalcenia\/<\/a><\/p>\n<p>&nbsp;<\/p>\n<p><strong>INFORMATOR O ZAWODACH SZKOLNICTWA BRAN\u017bOWEGO<\/strong><\/p>\n<p>O\u015brodek Rozwoju Edukacji przygotowa\u0142 Informator o zawodach szkolnictwa bran\u017cowego. Informator powsta\u0142 w ramach projektu Euroguidance Poland\/ Eurodoradztwo Polska finansowanego z programu Erasmus+. Informator zawiera szczeg\u00f3\u0142owy opis 219 zawod\u00f3w, podzielonych na 32 bran\u017ce. Adresatami publikacji s\u0105 uczniowie szk\u00f3\u0142 podstawowych, ponadpodstawowych, ale tak\u017ce osoby doros\u0142e. Informator zosta\u0142 przygotowany w formie elektronicznej i znajduje si\u0119 pod poni\u017cszym linkiem.<\/p>\n<p><a href=\"https:\/\/www.ore.edu.pl\/wp-content\/uploads\/2021\/01\/informator-o-zawodach-szkolnictwa-branzowego.pdf\" target=\"_self\">https:\/\/www.ore.edu.pl\/wp-content\/uploads\/2021\/01\/informator-o-zawodach-szkolnictwa-branzowego.pdf<\/a><\/p>\n<p>&nbsp;<\/p>\n<p><strong>MAPA KARIER \u2013 interaktywne narz\u0119dzie w doradztwie zawodowym<\/strong><\/p>\n<p>Na stronie internetowej Mapa Karier mo\u017cna dowiedzie\u0107 si\u0119, co trzeba umie\u0107 i jakie wykszta\u0142cenie zdoby\u0107, aby pracowa\u0107 w r\u00f3\u017cnych zawodach. Wybiera\u0107 mo\u017cna spo\u015br\u00f3d 620 zawod\u00f3w.<\/p>\n<p><a href=\"https:\/\/mapakarier.org\/paths\" target=\"_self\">https:\/\/mapakarier.org\/paths<\/a><\/p>\n<p>&nbsp;<\/p>\n<p><strong>ZAWODY ZE \u015aWIETLAN\u0104 PRZYSZ\u0141O\u015aCI\u0104<\/strong><\/p>\n<p>Kim chcesz zosta\u0107, gdy doro\u015bniesz? To pytanie znane od niepami\u0119tnych czas\u00f3w. Zadawano je kiedy\u015b naszym rodzicom, a teraz uczniowie najstarszych klas r\u00f3wnie\u017c zadaj\u0105 sobie to pytanie. Pytanie pozostaje takie same, zmieniaj\u0105 si\u0119 natomiast odpowiedzi. Jakie zawody s\u0105 przysz\u0142o\u015bciowe? Kim b\u0119d\u0105 kiedy\u015b najm\u0142odsi dzi\u015b Polacy? Je\u015bli chcesz dowiedzie\u0107 si\u0119 wi\u0119cej przeczytaj ten artyku\u0142\u2026<\/p>\n<p><a href=\"https:\/\/zielonalinia.gov.pl\/-\/zawody-ze-swietlana-przyszloscia\" target=\"_self\">https:\/\/zielonalinia.gov.pl\/-\/zawody-ze-swietlana-przyszloscia<\/a><\/p>\n","protected":false},"excerpt":{"rendered":"<p>Doradztwo zawodowe Szko\u0142a bran\u017cowa, technikum a mo\u017ce liceum? Sprawd\u017a Informator o szko\u0142ach ponadpodstawowych wojew\u00f3dztwa lubelskiego na bie\u017c\u0105cy rok szkolny: https:\/\/www.kuratorium.lublin.pl\/informator.php &nbsp; \u015aCIE\u017bKI KSZTA\u0141CENIA zgodne z Rozporz\u0105dzeniem w sprawie Doradztwa Zawodowego https:\/\/doradztwo.ore.edu.pl\/sciezka-ksztalcenia\/ &nbsp; INFORMATOR O&#46;&#46;&#46;<\/p>\n","protected":false},"author":1,"featured_media":0,"parent":0,"menu_order":0,"comment_status":"closed","ping_status":"closed","template":"","meta":{"footnotes":""},"class_list":["post-326","page","type-page","status-publish","hentry"],"yoast_head":"<!-- This site is optimized with the Yoast SEO plugin v26.6 - https:\/\/yoast.com\/wordpress\/plugins\/seo\/ -->\n<title>Doradztwo zawodowe - Zesp\u00f3\u0142 Szk\u00f3\u0142 im. gen. Franciszka Kleeberga w Woli Gu\u0142owskiej<\/title>\n<meta name=\"robots\" content=\"index, follow, max-snippet:-1, max-image-preview:large, max-video-preview:-1\" \/>\n<link rel=\"canonical\" href=\"https:\/\/zswolagulowska.adamow.pl\/?page_id=326\" \/>\n<meta property=\"og:locale\" content=\"pl_PL\" \/>\n<meta property=\"og:type\" content=\"article\" \/>\n<meta property=\"og:title\" content=\"Doradztwo zawodowe - Zesp\u00f3\u0142 Szk\u00f3\u0142 im. gen. Franciszka Kleeberga w Woli Gu\u0142owskiej\" \/>\n<meta property=\"og:description\" content=\"Doradztwo zawodowe Szko\u0142a bran\u017cowa, technikum a mo\u017ce liceum? Sprawd\u017a Informator o szko\u0142ach ponadpodstawowych wojew\u00f3dztwa lubelskiego na bie\u017c\u0105cy rok szkolny: https:\/\/www.kuratorium.lublin.pl\/informator.php &nbsp; \u015aCIE\u017bKI KSZTA\u0141CENIA zgodne z Rozporz\u0105dzeniem w sprawie Doradztwa Zawodowego https:\/\/doradztwo.ore.edu.pl\/sciezka-ksztalcenia\/ &nbsp; INFORMATOR O&#046;&#046;&#046;\" \/>\n<meta property=\"og:url\" content=\"https:\/\/zswolagulowska.adamow.pl\/?page_id=326\" \/>\n<meta property=\"og:site_name\" content=\"Zesp\u00f3\u0142 Szk\u00f3\u0142 im. gen. Franciszka Kleeberga w Woli Gu\u0142owskiej\" \/>\n<meta property=\"article:modified_time\" content=\"2025-01-02T07:53:14+00:00\" \/>\n<meta name=\"twitter:card\" content=\"summary_large_image\" \/>\n<meta name=\"twitter:label1\" content=\"Szacowany czas czytania\" \/>\n\t<meta name=\"twitter:data1\" content=\"2 minuty\" \/>\n<script type=\"application\/ld+json\" class=\"yoast-schema-graph\">{\"@context\":\"https:\/\/schema.org\",\"@graph\":[{\"@type\":\"WebPage\",\"@id\":\"https:\/\/zswolagulowska.adamow.pl\/?page_id=326\",\"url\":\"https:\/\/zswolagulowska.adamow.pl\/?page_id=326\",\"name\":\"Doradztwo zawodowe - Zesp\u00f3\u0142 Szk\u00f3\u0142 im. gen. Franciszka Kleeberga w Woli Gu\u0142owskiej\",\"isPartOf\":{\"@id\":\"https:\/\/zswolagulowska.adamow.pl\/#website\"},\"datePublished\":\"2025-01-02T07:52:11+00:00\",\"dateModified\":\"2025-01-02T07:53:14+00:00\",\"breadcrumb\":{\"@id\":\"https:\/\/zswolagulowska.adamow.pl\/?page_id=326#breadcrumb\"},\"inLanguage\":\"pl-PL\",\"potentialAction\":[{\"@type\":\"ReadAction\",\"target\":[\"https:\/\/zswolagulowska.adamow.pl\/?page_id=326\"]}]},{\"@type\":\"BreadcrumbList\",\"@id\":\"https:\/\/zswolagulowska.adamow.pl\/?page_id=326#breadcrumb\",\"itemListElement\":[{\"@type\":\"ListItem\",\"position\":1,\"name\":\"Home\",\"item\":\"https:\/\/zswolagulowska.adamow.pl\/\"},{\"@type\":\"ListItem\",\"position\":2,\"name\":\"Doradztwo zawodowe\"}]},{\"@type\":\"WebSite\",\"@id\":\"https:\/\/zswolagulowska.adamow.pl\/#website\",\"url\":\"https:\/\/zswolagulowska.adamow.pl\/\",\"name\":\"Zesp\u00f3\u0142 Szk\u00f3\u0142 im. gen Franciszka Kleeberga w Woli Gu\u0142owskiej\",\"description\":\"&quot;Uczymy si\u0119 nie dla szko\u0142y, lecz dla \u017cycia.&quot;\",\"publisher\":{\"@id\":\"https:\/\/zswolagulowska.adamow.pl\/#organization\"},\"potentialAction\":[{\"@type\":\"SearchAction\",\"target\":{\"@type\":\"EntryPoint\",\"urlTemplate\":\"https:\/\/zswolagulowska.adamow.pl\/?s={search_term_string}\"},\"query-input\":{\"@type\":\"PropertyValueSpecification\",\"valueRequired\":true,\"valueName\":\"search_term_string\"}}],\"inLanguage\":\"pl-PL\"},{\"@type\":\"Organization\",\"@id\":\"https:\/\/zswolagulowska.adamow.pl\/#organization\",\"name\":\"Zesp\u00f3\u0142 Szk\u00f3\u0142 im. gen Franciszka Kleeberga w Woli Gu\u0142owskiej\",\"url\":\"https:\/\/zswolagulowska.adamow.pl\/\",\"logo\":{\"@type\":\"ImageObject\",\"inLanguage\":\"pl-PL\",\"@id\":\"https:\/\/zswolagulowska.adamow.pl\/#\/schema\/logo\/image\/\",\"url\":\"https:\/\/zswolagulowska.adamow.pl\/wp-content\/uploads\/2023\/01\/cropped-cropped-cropped-logo-1-1.png\",\"contentUrl\":\"https:\/\/zswolagulowska.adamow.pl\/wp-content\/uploads\/2023\/01\/cropped-cropped-cropped-logo-1-1.png\",\"width\":420,\"height\":403,\"caption\":\"Zesp\u00f3\u0142 Szk\u00f3\u0142 im. gen Franciszka Kleeberga w Woli Gu\u0142owskiej\"},\"image\":{\"@id\":\"https:\/\/zswolagulowska.adamow.pl\/#\/schema\/logo\/image\/\"}}]}<\/script>\n<!-- \/ Yoast SEO plugin. -->","yoast_head_json":{"title":"Doradztwo zawodowe - Zesp\u00f3\u0142 Szk\u00f3\u0142 im. gen. Franciszka Kleeberga w Woli Gu\u0142owskiej","robots":{"index":"index","follow":"follow","max-snippet":"max-snippet:-1","max-image-preview":"max-image-preview:large","max-video-preview":"max-video-preview:-1"},"canonical":"https:\/\/zswolagulowska.adamow.pl\/?page_id=326","og_locale":"pl_PL","og_type":"article","og_title":"Doradztwo zawodowe - Zesp\u00f3\u0142 Szk\u00f3\u0142 im. gen. Franciszka Kleeberga w Woli Gu\u0142owskiej","og_description":"Doradztwo zawodowe Szko\u0142a bran\u017cowa, technikum a mo\u017ce liceum? Sprawd\u017a Informator o szko\u0142ach ponadpodstawowych wojew\u00f3dztwa lubelskiego na bie\u017c\u0105cy rok szkolny: https:\/\/www.kuratorium.lublin.pl\/informator.php &nbsp; \u015aCIE\u017bKI KSZTA\u0141CENIA zgodne z Rozporz\u0105dzeniem w sprawie Doradztwa Zawodowego https:\/\/doradztwo.ore.edu.pl\/sciezka-ksztalcenia\/ &nbsp; INFORMATOR O&#46;&#46;&#46;","og_url":"https:\/\/zswolagulowska.adamow.pl\/?page_id=326","og_site_name":"Zesp\u00f3\u0142 Szk\u00f3\u0142 im. gen. Franciszka Kleeberga w Woli Gu\u0142owskiej","article_modified_time":"2025-01-02T07:53:14+00:00","twitter_card":"summary_large_image","twitter_misc":{"Szacowany czas czytania":"2 minuty"},"schema":{"@context":"https:\/\/schema.org","@graph":[{"@type":"WebPage","@id":"https:\/\/zswolagulowska.adamow.pl\/?page_id=326","url":"https:\/\/zswolagulowska.adamow.pl\/?page_id=326","name":"Doradztwo zawodowe - Zesp\u00f3\u0142 Szk\u00f3\u0142 im. gen. Franciszka Kleeberga w Woli Gu\u0142owskiej","isPartOf":{"@id":"https:\/\/zswolagulowska.adamow.pl\/#website"},"datePublished":"2025-01-02T07:52:11+00:00","dateModified":"2025-01-02T07:53:14+00:00","breadcrumb":{"@id":"https:\/\/zswolagulowska.adamow.pl\/?page_id=326#breadcrumb"},"inLanguage":"pl-PL","potentialAction":[{"@type":"ReadAction","target":["https:\/\/zswolagulowska.adamow.pl\/?page_id=326"]}]},{"@type":"BreadcrumbList","@id":"https:\/\/zswolagulowska.adamow.pl\/?page_id=326#breadcrumb","itemListElement":[{"@type":"ListItem","position":1,"name":"Home","item":"https:\/\/zswolagulowska.adamow.pl\/"},{"@type":"ListItem","position":2,"name":"Doradztwo zawodowe"}]},{"@type":"WebSite","@id":"https:\/\/zswolagulowska.adamow.pl\/#website","url":"https:\/\/zswolagulowska.adamow.pl\/","name":"Zesp\u00f3\u0142 Szk\u00f3\u0142 im. gen Franciszka Kleeberga w Woli Gu\u0142owskiej","description":"&quot;Uczymy si\u0119 nie dla szko\u0142y, lecz dla \u017cycia.&quot;","publisher":{"@id":"https:\/\/zswolagulowska.adamow.pl\/#organization"},"potentialAction":[{"@type":"SearchAction","target":{"@type":"EntryPoint","urlTemplate":"https:\/\/zswolagulowska.adamow.pl\/?s={search_term_string}"},"query-input":{"@type":"PropertyValueSpecification","valueRequired":true,"valueName":"search_term_string"}}],"inLanguage":"pl-PL"},{"@type":"Organization","@id":"https:\/\/zswolagulowska.adamow.pl\/#organization","name":"Zesp\u00f3\u0142 Szk\u00f3\u0142 im. gen Franciszka Kleeberga w Woli Gu\u0142owskiej","url":"https:\/\/zswolagulowska.adamow.pl\/","logo":{"@type":"ImageObject","inLanguage":"pl-PL","@id":"https:\/\/zswolagulowska.adamow.pl\/#\/schema\/logo\/image\/","url":"https:\/\/zswolagulowska.adamow.pl\/wp-content\/uploads\/2023\/01\/cropped-cropped-cropped-logo-1-1.png","contentUrl":"https:\/\/zswolagulowska.adamow.pl\/wp-content\/uploads\/2023\/01\/cropped-cropped-cropped-logo-1-1.png","width":420,"height":403,"caption":"Zesp\u00f3\u0142 Szk\u00f3\u0142 im. gen Franciszka Kleeberga w Woli Gu\u0142owskiej"},"image":{"@id":"https:\/\/zswolagulowska.adamow.pl\/#\/schema\/logo\/image\/"}}]}},"_links":{"self":[{"href":"https:\/\/zswolagulowska.adamow.pl\/index.php?rest_route=\/wp\/v2\/pages\/326","targetHints":{"allow":["GET"]}}],"collection":[{"href":"https:\/\/zswolagulowska.adamow.pl\/index.php?rest_route=\/wp\/v2\/pages"}],"about":[{"href":"https:\/\/zswolagulowska.adamow.pl\/index.php?rest_route=\/wp\/v2\/types\/page"}],"author":[{"embeddable":true,"href":"https:\/\/zswolagulowska.adamow.pl\/index.php?rest_route=\/wp\/v2\/users\/1"}],"replies":[{"embeddable":true,"href":"https:\/\/zswolagulowska.adamow.pl\/index.php?rest_route=%2Fwp%2Fv2%2Fcomments&post=326"}],"version-history":[{"count":2,"href":"https:\/\/zswolagulowska.adamow.pl\/index.php?rest_route=\/wp\/v2\/pages\/326\/revisions"}],"predecessor-version":[{"id":329,"href":"https:\/\/zswolagulowska.adamow.pl\/index.php?rest_route=\/wp\/v2\/pages\/326\/revisions\/329"}],"wp:attachment":[{"href":"https:\/\/zswolagulowska.adamow.pl\/index.php?rest_route=%2Fwp%2Fv2%2Fmedia&parent=326"}],"curies":[{"name":"wp","href":"https:\/\/api.w.org\/{rel}","templated":true}]}}