{"id":330,"date":"2025-01-02T08:59:42","date_gmt":"2025-01-02T07:59:42","guid":{"rendered":"http:\/\/zswolagulowska.adamow.pl\/?page_id=330"},"modified":"2025-01-02T08:59:42","modified_gmt":"2025-01-02T07:59:42","slug":"prawa-i-obowiazki-ucznia","status":"publish","type":"page","link":"https:\/\/zswolagulowska.adamow.pl\/?page_id=330","title":{"rendered":"Prawa i obowi\u0105zki ucznia"},"content":{"rendered":"<h2 style=\"text-align: center;\">Statut Szko\u0142y Podstawowej im. gen. Franciszka Kleeberga w Woli Gu\u0142owskiej<\/h2>\n<h2 style=\"text-align: center;\"><a name=\"_Toc176786913\"><\/a>Rozdzia\u0142 3<br \/>\nPrawa i\u00a0obowi\u0105zki uczni\u00f3w<\/h2>\n<p><strong>\u00a0<\/strong><\/p>\n<ul>\n<li><strong> 114.Prawa i obowi\u0105zki uczni\u00f3w.<\/strong><\/li>\n<\/ul>\n<ol>\n<li>Ka\u017cdy ucze\u0144 w\u00a0szkole <strong>ma prawo<\/strong> do:<\/li>\n<\/ol>\n<ul>\n<li>opieki zar\u00f3wno podczas lekcji, jak i\u00a0podczas przerw mi\u0119dzylekcyjnych;<\/li>\n<li>maksymalnie efektywnego wykorzystania czasu sp\u0119dzanego w\u00a0szkole;<\/li>\n<li>indywidualnych konsultacji ze wszystkimi nauczycielami;<\/li>\n<li>pomocy w\u00a0przygotowaniu do konkurs\u00f3w i\u00a0olimpiad przedmiotowych;<\/li>\n<li>zapoznania si\u0119 z\u00a0programem nauczania, zakresem wymaga\u0144 na poszczeg\u00f3lne oceny;<\/li>\n<li>jawnej i\u00a0umotywowanej oceny post\u0119p\u00f3w w\u00a0nauce i\u00a0zachowaniu, zgodnie z\u00a0zasadami Wewn\u0105trzszkolnych Zasad Oceniania;<\/li>\n<li>\u017cyczliwego, podmiotowego traktowania ze strony wszystkich cz\u0142onk\u00f3w spo\u0142eczno\u015bci szkolnej;<\/li>\n<li>reprezentowania Szko\u0142y w\u00a0konkursach, olimpiadach, przegl\u0105dach i\u00a0zawodach zgodnie ze swoimi\u00a0\u00a0\u00a0 mo\u017cliwo\u015bciami i\u00a0umiej\u0119tno\u015bciami;<\/li>\n<li>realizacji autorskiego programu wychowawczego opracowanego przez wychowawc\u0119 klasy;<\/li>\n<li>indywidualnego toku nauki, po spe\u0142nieniu wymaga\u0144 okre\u015blonych w\u00a0odr\u0119bnych przepisach;<\/li>\n<li>korzystania z\u00a0poradnictwa psychologicznego, pedagogicznego i\u00a0zawodowego;<\/li>\n<li>korzystania z pomocy psychologiczno \u2013 pedagogicznej;<\/li>\n<li>korzystania z\u00a0bazy Szko\u0142y podczas zaj\u0119\u0107 lekcyjnych i\u00a0pozalekcyjnych wed\u0142ug zasad okre\u015blonych przez Dyrektora Szko\u0142y;<\/li>\n<li>wp\u0142ywania na \u017cycie Szko\u0142y poprzez dzia\u0142alno\u015b\u0107 samorz\u0105dow\u0105;<\/li>\n<li>zwracania si\u0119 do Dyrekcji, wychowawcy klasy i\u00a0nauczycieli w\u00a0sprawach osobistych oraz oczekiwania pomocy, odpowiedzi i\u00a0wyja\u015bnie\u0144;<\/li>\n<li>swobodnego wyra\u017cania swoich my\u015bli i\u00a0przekona\u0144, je\u017celi nie naruszaj\u0105 one praw innych;<\/li>\n<li>do zwolnienia z\u00a0\u0107wicze\u0144 na lekcjach wychowania fizycznego i z\u00a0pracy przy komputerze na zaj\u0119ciach informatyki po otrzymaniu decyzji Dyrektora Szko\u0142y wydanej na podstawie za\u015bwiadczenia lekarskiego stanowi\u0105cego wniosek o takie zwolnienie;<\/li>\n<li>by\u0107 wybieranym i\u00a0bra\u0107 udzia\u0142 w\u00a0wyborach do Samorz\u0105du;<\/li>\n<li>przyst\u0105pienia do egzaminu poprawkowego, je\u017celi w\u00a0ko\u0144coworocznej klasyfikacji uzyska\u0142 ocen\u0119 niedostateczn\u0105 z\u00a0jednych lub dw\u00f3ch zaj\u0119\u0107 edukacyjnych;<\/li>\n<li>sk\u0142adania egzaminu klasyfikacyjnego na pisemn\u0105 pro\u015bb\u0119 rodzic\u00f3w (prawnych opiekun\u00f3w);<\/li>\n<li>uzyskania informacji o przewidywanych ocenach okresowych i\u00a0rocznych,<\/li>\n<li>ucze\u0144 ma prawo do poprawy ocen \u015br\u00f3dokresowych w\u00a0terminie i\u00a0w\u00a0spos\u00f3b ustalony z\u00a0nauczycielem przedmiotu;<\/li>\n<\/ul>\n<p><strong>2.<\/strong>W<strong>\u00a0<\/strong>przypadku naruszenia praw ucznia, zainteresowany ucze\u0144 lub jego rodzic (prawny opiekun) mo\u017ce z\u0142o\u017cy\u0107 skarg\u0119 w\u00a0formie ustnej lub pisemnej do dyrektora szko\u0142y.<\/p>\n<ol start=\"3\">\n<li>O wyniku rozpatrzenia skargi ucze\u0144 lub jego rodzic (prawny opiekun) powinien by\u0107 poinformowany w\u00a0ci\u0105gu 14 dni od wp\u0142yni\u0119cia skargi.<\/li>\n<\/ol>\n<p><strong>\u00a0<\/strong><\/p>\n<ul>\n<li><strong> 115 .1. Ka\u017cdy ucze\u0144 ma obowi\u0105zek: <\/strong><\/li>\n<li>przestrzegania postanowie\u0144 zawartych w\u00a0statucie;<\/li>\n<li>godnego, kulturalnego zachowania si\u0119 w\u00a0szkole i\u00a0poza ni\u0105;<\/li>\n<li>systematycznego przygotowywania si\u0119 do zaj\u0119\u0107 szkolnych, uczestniczenia w\u00a0obowi\u0105zkowych i\u00a0wybranych przez siebie zaj\u0119ciach;<\/li>\n<li>bezwzgl\u0119dnego podporz\u0105dkowania si\u0119 zaleceniom dyrektora szko\u0142y, wicedyrektora, nauczycieli oraz ustaleniom samorz\u0105du szko\u0142y lub klasy;<\/li>\n<li>przestrzegania zasad kultury i\u00a0wsp\u00f3\u0142\u017cycia spo\u0142ecznego, w\u00a0tym:<\/li>\n<\/ul>\n<ol>\n<li>a) okazywania szacunku doros\u0142ym i\u00a0kolegom,<\/li>\n<li>b) szanowania godno\u015bci osobistej, pogl\u0105d\u00f3w i\u00a0przekona\u0144 innych ludzi,<\/li>\n<li>c) przeciwstawiania si\u0119 przejawom brutalno\u015bci i\u00a0wulgarno\u015bci.<\/li>\n<\/ol>\n<ul>\n<li>troszczenia si\u0119 o mienie szko\u0142y i\u00a0jej estetyczny wygl\u0105d;<\/li>\n<li>przychodzenia do szko\u0142y przynajmniej na 10 minut przed rozpocz\u0119ciem swojej pierwszej lekcji w\u00a0danym dniu;<\/li>\n<li>punktualnego przychodzenia na lekcje i\u00a0inne zaj\u0119cia;<\/li>\n<li>usprawiedliwiania nieobecno\u015bci wg zasad ustalonych w\u00a0statucie;<\/li>\n<li>uczestniczenia w\u00a0imprezach i\u00a0uroczysto\u015bciach szkolnych i\u00a0klasowych, udzia\u0142 traktowany jest na r\u00f3wni z\u00a0uczestnictwem na zaj\u0119ciach szkolnych;<\/li>\n<li>dbania o zabezpieczenie mienia osobistego w\u00a0szkole, w\u00a0tym w\u00a0szatni szkolnej;<\/li>\n<li>stwarza\u0107 atmosfer\u0119 wzajemnej \u017cyczliwo\u015bci;<\/li>\n<li>dba\u0107 o zdrowie, bezpiecze\u0144stwo swoje i\u00a0koleg\u00f3w, wystrzega\u0107 si\u0119 wszelkich szkodliwych na\u0142og\u00f3w: nie pali\u0107 tytoniu, nie pi\u0107 alkoholu, nie u\u017cywa\u0107 \u015brodk\u00f3w odurzaj\u0105cych, e-papieros\u00f3w;<\/li>\n<li>pomaga\u0107 kolegom w\u00a0nauce , a szczeg\u00f3lnie tym , kt\u00f3rzy maj\u0105 trudno\u015bci powsta\u0142e z\u00a0przyczyn od nich niezale\u017cnych;<\/li>\n<li>przestrzega\u0107 zasad higieny osobistej, dba\u0107 o estetyk\u0119 ubioru oraz indywidualnie dobranej fryzury.<\/li>\n<li><strong> 116.<\/strong>W ostatnim tygodniu nauki\u00a0 (VIII klasa, i zmiana szko\u0142y) ucze\u0144 ma obowi\u0105zek rozliczy\u0107 si\u0119 ze szko\u0142\u0105. Potwierdzeniem rozliczenia jest wype\u0142niona karta obiegowa.<\/li>\n<\/ul>\n<p>&nbsp;<\/p>\n<ul>\n<li><strong> 117.Uczniom nie wolno:<\/strong><\/li>\n<\/ul>\n<ol>\n<li>Przebywa\u0107 w\u00a0szkole pod wp\u0142ywem alkoholu, narkotyk\u00f3w i\u00a0innych \u015brodk\u00f3w o podobnym dzia\u0142aniu.<\/li>\n<li>Wnosi\u0107 na teren szko\u0142y alkoholu, narkotyk\u00f3w i\u00a0innych \u015brodk\u00f3w o podobnym dzia\u0142aniu.<\/li>\n<li>Wnosi\u0107 na teren szko\u0142y przedmiot\u00f3w i\u00a0substancji zagra\u017caj\u0105cych zdrowiu i\u00a0\u017cyciu.<\/li>\n<li>Wychodzi\u0107 poza teren szko\u0142y w\u00a0czasie trwania planowych zaj\u0119\u0107.<\/li>\n<li>Spo\u017cywa\u0107 posi\u0142k\u00f3w i\u00a0napoj\u00f3w w\u00a0czasie zaj\u0119\u0107 dydaktycznych.<\/li>\n<li>Rejestrowa\u0107 przy pomocy urz\u0105dze\u0144 technicznych obraz\u00f3w i\u00a0d\u017awi\u0119k\u00f3w bez wiedzy \u00a0i\u00a0zgody<\/li>\n<li>U\u017cywa\u0107 podczas zaj\u0119\u0107 edukacyjnych telefon\u00f3w kom\u00f3rkowych. W sytuacjach nag\u0142ych informacje przekazywane s\u0105 za po\u015brednictwem sekretariatu szko\u0142y.<\/li>\n<li>Zaprasza\u0107 obcych os\u00f3b do szko\u0142y.<\/li>\n<li>Stosowa\u0107 przemocy fizycznej i psychicznej wobec innych cz\u0142onk\u00f3w spo\u0142eczno\u015bci szkolnej.<\/li>\n<\/ol>\n","protected":false},"excerpt":{"rendered":"<p>Statut Szko\u0142y Podstawowej im. gen. Franciszka Kleeberga w Woli Gu\u0142owskiej Rozdzia\u0142 3 Prawa i\u00a0obowi\u0105zki uczni\u00f3w \u00a0 114.Prawa i obowi\u0105zki uczni\u00f3w. Ka\u017cdy ucze\u0144 w\u00a0szkole ma prawo do: opieki zar\u00f3wno podczas lekcji, jak i\u00a0podczas przerw mi\u0119dzylekcyjnych;&#46;&#46;&#46;<\/p>\n","protected":false},"author":1,"featured_media":0,"parent":0,"menu_order":0,"comment_status":"closed","ping_status":"closed","template":"","meta":{"footnotes":""},"class_list":["post-330","page","type-page","status-publish","hentry"],"yoast_head":"<!-- This site is optimized with the Yoast SEO plugin v26.6 - https:\/\/yoast.com\/wordpress\/plugins\/seo\/ -->\n<title>Prawa i obowi\u0105zki ucznia - Zesp\u00f3\u0142 Szk\u00f3\u0142 im. gen. Franciszka Kleeberga w Woli Gu\u0142owskiej<\/title>\n<meta name=\"robots\" content=\"index, follow, max-snippet:-1, max-image-preview:large, max-video-preview:-1\" \/>\n<link rel=\"canonical\" href=\"https:\/\/zswolagulowska.adamow.pl\/?page_id=330\" \/>\n<meta property=\"og:locale\" content=\"pl_PL\" \/>\n<meta property=\"og:type\" content=\"article\" \/>\n<meta property=\"og:title\" content=\"Prawa i obowi\u0105zki ucznia - Zesp\u00f3\u0142 Szk\u00f3\u0142 im. gen. Franciszka Kleeberga w Woli Gu\u0142owskiej\" \/>\n<meta property=\"og:description\" content=\"Statut Szko\u0142y Podstawowej im. gen. Franciszka Kleeberga w Woli Gu\u0142owskiej Rozdzia\u0142 3 Prawa i\u00a0obowi\u0105zki uczni\u00f3w \u00a0 114.Prawa i obowi\u0105zki uczni\u00f3w. Ka\u017cdy ucze\u0144 w\u00a0szkole ma prawo do: opieki zar\u00f3wno podczas lekcji, jak i\u00a0podczas przerw mi\u0119dzylekcyjnych;&#046;&#046;&#046;\" \/>\n<meta property=\"og:url\" content=\"https:\/\/zswolagulowska.adamow.pl\/?page_id=330\" \/>\n<meta property=\"og:site_name\" content=\"Zesp\u00f3\u0142 Szk\u00f3\u0142 im. gen. Franciszka Kleeberga w Woli Gu\u0142owskiej\" \/>\n<meta name=\"twitter:card\" content=\"summary_large_image\" \/>\n<meta name=\"twitter:label1\" content=\"Szacowany czas czytania\" \/>\n\t<meta name=\"twitter:data1\" content=\"4 minuty\" \/>\n<script type=\"application\/ld+json\" class=\"yoast-schema-graph\">{\"@context\":\"https:\/\/schema.org\",\"@graph\":[{\"@type\":\"WebPage\",\"@id\":\"https:\/\/zswolagulowska.adamow.pl\/?page_id=330\",\"url\":\"https:\/\/zswolagulowska.adamow.pl\/?page_id=330\",\"name\":\"Prawa i obowi\u0105zki ucznia - Zesp\u00f3\u0142 Szk\u00f3\u0142 im. gen. Franciszka Kleeberga w Woli Gu\u0142owskiej\",\"isPartOf\":{\"@id\":\"https:\/\/zswolagulowska.adamow.pl\/#website\"},\"datePublished\":\"2025-01-02T07:59:42+00:00\",\"breadcrumb\":{\"@id\":\"https:\/\/zswolagulowska.adamow.pl\/?page_id=330#breadcrumb\"},\"inLanguage\":\"pl-PL\",\"potentialAction\":[{\"@type\":\"ReadAction\",\"target\":[\"https:\/\/zswolagulowska.adamow.pl\/?page_id=330\"]}]},{\"@type\":\"BreadcrumbList\",\"@id\":\"https:\/\/zswolagulowska.adamow.pl\/?page_id=330#breadcrumb\",\"itemListElement\":[{\"@type\":\"ListItem\",\"position\":1,\"name\":\"Home\",\"item\":\"https:\/\/zswolagulowska.adamow.pl\/\"},{\"@type\":\"ListItem\",\"position\":2,\"name\":\"Prawa i obowi\u0105zki ucznia\"}]},{\"@type\":\"WebSite\",\"@id\":\"https:\/\/zswolagulowska.adamow.pl\/#website\",\"url\":\"https:\/\/zswolagulowska.adamow.pl\/\",\"name\":\"Zesp\u00f3\u0142 Szk\u00f3\u0142 im. gen Franciszka Kleeberga w Woli Gu\u0142owskiej\",\"description\":\"&quot;Uczymy si\u0119 nie dla szko\u0142y, lecz dla \u017cycia.&quot;\",\"publisher\":{\"@id\":\"https:\/\/zswolagulowska.adamow.pl\/#organization\"},\"potentialAction\":[{\"@type\":\"SearchAction\",\"target\":{\"@type\":\"EntryPoint\",\"urlTemplate\":\"https:\/\/zswolagulowska.adamow.pl\/?s={search_term_string}\"},\"query-input\":{\"@type\":\"PropertyValueSpecification\",\"valueRequired\":true,\"valueName\":\"search_term_string\"}}],\"inLanguage\":\"pl-PL\"},{\"@type\":\"Organization\",\"@id\":\"https:\/\/zswolagulowska.adamow.pl\/#organization\",\"name\":\"Zesp\u00f3\u0142 Szk\u00f3\u0142 im. gen Franciszka Kleeberga w Woli Gu\u0142owskiej\",\"url\":\"https:\/\/zswolagulowska.adamow.pl\/\",\"logo\":{\"@type\":\"ImageObject\",\"inLanguage\":\"pl-PL\",\"@id\":\"https:\/\/zswolagulowska.adamow.pl\/#\/schema\/logo\/image\/\",\"url\":\"https:\/\/zswolagulowska.adamow.pl\/wp-content\/uploads\/2023\/01\/cropped-cropped-cropped-logo-1-1.png\",\"contentUrl\":\"https:\/\/zswolagulowska.adamow.pl\/wp-content\/uploads\/2023\/01\/cropped-cropped-cropped-logo-1-1.png\",\"width\":420,\"height\":403,\"caption\":\"Zesp\u00f3\u0142 Szk\u00f3\u0142 im. gen Franciszka Kleeberga w Woli Gu\u0142owskiej\"},\"image\":{\"@id\":\"https:\/\/zswolagulowska.adamow.pl\/#\/schema\/logo\/image\/\"}}]}<\/script>\n<!-- \/ Yoast SEO plugin. -->","yoast_head_json":{"title":"Prawa i obowi\u0105zki ucznia - Zesp\u00f3\u0142 Szk\u00f3\u0142 im. gen. Franciszka Kleeberga w Woli Gu\u0142owskiej","robots":{"index":"index","follow":"follow","max-snippet":"max-snippet:-1","max-image-preview":"max-image-preview:large","max-video-preview":"max-video-preview:-1"},"canonical":"https:\/\/zswolagulowska.adamow.pl\/?page_id=330","og_locale":"pl_PL","og_type":"article","og_title":"Prawa i obowi\u0105zki ucznia - Zesp\u00f3\u0142 Szk\u00f3\u0142 im. gen. Franciszka Kleeberga w Woli Gu\u0142owskiej","og_description":"Statut Szko\u0142y Podstawowej im. gen. Franciszka Kleeberga w Woli Gu\u0142owskiej Rozdzia\u0142 3 Prawa i\u00a0obowi\u0105zki uczni\u00f3w \u00a0 114.Prawa i obowi\u0105zki uczni\u00f3w. Ka\u017cdy ucze\u0144 w\u00a0szkole ma prawo do: opieki zar\u00f3wno podczas lekcji, jak i\u00a0podczas przerw mi\u0119dzylekcyjnych;&#46;&#46;&#46;","og_url":"https:\/\/zswolagulowska.adamow.pl\/?page_id=330","og_site_name":"Zesp\u00f3\u0142 Szk\u00f3\u0142 im. gen. Franciszka Kleeberga w Woli Gu\u0142owskiej","twitter_card":"summary_large_image","twitter_misc":{"Szacowany czas czytania":"4 minuty"},"schema":{"@context":"https:\/\/schema.org","@graph":[{"@type":"WebPage","@id":"https:\/\/zswolagulowska.adamow.pl\/?page_id=330","url":"https:\/\/zswolagulowska.adamow.pl\/?page_id=330","name":"Prawa i obowi\u0105zki ucznia - Zesp\u00f3\u0142 Szk\u00f3\u0142 im. gen. Franciszka Kleeberga w Woli Gu\u0142owskiej","isPartOf":{"@id":"https:\/\/zswolagulowska.adamow.pl\/#website"},"datePublished":"2025-01-02T07:59:42+00:00","breadcrumb":{"@id":"https:\/\/zswolagulowska.adamow.pl\/?page_id=330#breadcrumb"},"inLanguage":"pl-PL","potentialAction":[{"@type":"ReadAction","target":["https:\/\/zswolagulowska.adamow.pl\/?page_id=330"]}]},{"@type":"BreadcrumbList","@id":"https:\/\/zswolagulowska.adamow.pl\/?page_id=330#breadcrumb","itemListElement":[{"@type":"ListItem","position":1,"name":"Home","item":"https:\/\/zswolagulowska.adamow.pl\/"},{"@type":"ListItem","position":2,"name":"Prawa i obowi\u0105zki ucznia"}]},{"@type":"WebSite","@id":"https:\/\/zswolagulowska.adamow.pl\/#website","url":"https:\/\/zswolagulowska.adamow.pl\/","name":"Zesp\u00f3\u0142 Szk\u00f3\u0142 im. gen Franciszka Kleeberga w Woli Gu\u0142owskiej","description":"&quot;Uczymy si\u0119 nie dla szko\u0142y, lecz dla \u017cycia.&quot;","publisher":{"@id":"https:\/\/zswolagulowska.adamow.pl\/#organization"},"potentialAction":[{"@type":"SearchAction","target":{"@type":"EntryPoint","urlTemplate":"https:\/\/zswolagulowska.adamow.pl\/?s={search_term_string}"},"query-input":{"@type":"PropertyValueSpecification","valueRequired":true,"valueName":"search_term_string"}}],"inLanguage":"pl-PL"},{"@type":"Organization","@id":"https:\/\/zswolagulowska.adamow.pl\/#organization","name":"Zesp\u00f3\u0142 Szk\u00f3\u0142 im. gen Franciszka Kleeberga w Woli Gu\u0142owskiej","url":"https:\/\/zswolagulowska.adamow.pl\/","logo":{"@type":"ImageObject","inLanguage":"pl-PL","@id":"https:\/\/zswolagulowska.adamow.pl\/#\/schema\/logo\/image\/","url":"https:\/\/zswolagulowska.adamow.pl\/wp-content\/uploads\/2023\/01\/cropped-cropped-cropped-logo-1-1.png","contentUrl":"https:\/\/zswolagulowska.adamow.pl\/wp-content\/uploads\/2023\/01\/cropped-cropped-cropped-logo-1-1.png","width":420,"height":403,"caption":"Zesp\u00f3\u0142 Szk\u00f3\u0142 im. gen Franciszka Kleeberga w Woli Gu\u0142owskiej"},"image":{"@id":"https:\/\/zswolagulowska.adamow.pl\/#\/schema\/logo\/image\/"}}]}},"_links":{"self":[{"href":"https:\/\/zswolagulowska.adamow.pl\/index.php?rest_route=\/wp\/v2\/pages\/330","targetHints":{"allow":["GET"]}}],"collection":[{"href":"https:\/\/zswolagulowska.adamow.pl\/index.php?rest_route=\/wp\/v2\/pages"}],"about":[{"href":"https:\/\/zswolagulowska.adamow.pl\/index.php?rest_route=\/wp\/v2\/types\/page"}],"author":[{"embeddable":true,"href":"https:\/\/zswolagulowska.adamow.pl\/index.php?rest_route=\/wp\/v2\/users\/1"}],"replies":[{"embeddable":true,"href":"https:\/\/zswolagulowska.adamow.pl\/index.php?rest_route=%2Fwp%2Fv2%2Fcomments&post=330"}],"version-history":[{"count":1,"href":"https:\/\/zswolagulowska.adamow.pl\/index.php?rest_route=\/wp\/v2\/pages\/330\/revisions"}],"predecessor-version":[{"id":332,"href":"https:\/\/zswolagulowska.adamow.pl\/index.php?rest_route=\/wp\/v2\/pages\/330\/revisions\/332"}],"wp:attachment":[{"href":"https:\/\/zswolagulowska.adamow.pl\/index.php?rest_route=%2Fwp%2Fv2%2Fmedia&parent=330"}],"curies":[{"name":"wp","href":"https:\/\/api.w.org\/{rel}","templated":true}]}}