{"id":333,"date":"2025-01-02T09:02:27","date_gmt":"2025-01-02T08:02:27","guid":{"rendered":"http:\/\/zswolagulowska.adamow.pl\/?page_id=333"},"modified":"2025-09-07T21:19:24","modified_gmt":"2025-09-07T19:19:24","slug":"egzamin-osmoklasisty","status":"publish","type":"page","link":"https:\/\/zswolagulowska.adamow.pl\/?page_id=333","title":{"rendered":"Egzamin \u00f3smoklasisty"},"content":{"rendered":"<h2><strong>Egzamin \u00d3smoklasisty 2025\/2026<\/strong><\/h2>\n<h3><strong>Informacja dla rodzic\u00f3w oraz uczni\u00f3w<\/strong><\/h3>\n<p style=\"font-weight: 400;\"><a href=\"http:\/\/zswolagulowska.adamow.pl\/wp-content\/uploads\/2025\/09\/Ogolna-informacja-na-temat-egzaminow-w-2026-r.pdf\"><strong>Og\u00f3lna informacja na temat egzamin\u00f3w w 2026 r.<\/strong><\/a><\/p>\n<p style=\"font-weight: 400;\"><a href=\"https:\/\/cke.gov.pl\/images\/_EGZAMIN_OSMOKLASISTY\/2026\/komunikaty\/20250820%20E8%20EM%20Komunikat%20o%20harmonogramie%202026.pdf\">Harmonogram egzamin\u00f3w w 2026 r.<\/a><\/p>\n<p style=\"font-weight: 400;\"><a href=\"https:\/\/cke.gov.pl\/images\/_EGZAMIN_OSMOKLASISTY\/2026\/komunikaty\/20250820%20E8_EM%20Komunikat%20o%20przyborach%202026.pdf\">Komunikat o przyborach w 2026 r.<\/a><\/p>\n<p style=\"font-weight: 400;\"><a href=\"https:\/\/cke.gov.pl\/images\/_EGZAMIN_OSMOKLASISTY\/2026\/komunikaty\/20250820%20E8%20Komunikat%20o%20dostosowaniach%202026.pdf\">Komunikat o dostosowaniach w roku szkolnym 2025\/2026<\/a><\/p>\n<p style=\"font-weight: 400;\"><a href=\"https:\/\/www.gov.pl\/web\/edukacja\/komunikat-ministra-edukacji-w-sprawie-wykazu-olimpiad-przedmiotowych-przeprowadzanych-z-przedmiotu-lub-przedmiotow-objetych-egzaminem-osmoklasisty-lub-egzaminem-maturalnym-oraz-konkursow-dla-uczniow-szkol-i-placowek-artystycznych\">Komunikat MEN w sprawie wykazu olimpiad przedmiotowych<\/a><\/p>\n<p style=\"font-weight: 400;\">Wi\u0119cej informacji o egzaminie \u00f3smoklasisty, w tym przyk\u0142adowe zadania wraz z rozwi\u0105zaniami, jest dost\u0119pnych w informatorach o egzaminie \u00f3smoklasisty oraz aneksach do tych informator\u00f3w obowi\u0105zuj\u0105cych w roku szkolnym 2025\/2026, opublikowanych na stronie internetowej Centralnej Komisji Egzaminacyjnej (<a href=\"https:\/\/cke.gov.pl\/egzamin-osmoklasisty\/informatory\/\">https:\/\/cke.gov.pl\/egzamin-osmoklasisty\/informatory\/<\/a>). Na stronie internetowej CKE w zak\u0142adce po\u015bwi\u0119conej egzaminowi \u00f3smoklasisty dost\u0119pne s\u0105 r\u00f3wnie\u017c:<\/p>\n<ol>\n<li style=\"font-weight: 400;\">przyk\u0142adowe arkusze egzaminacyjne wraz z rozwi\u0105zaniami<\/li>\n<li style=\"font-weight: 400;\">arkusze egzaminu pr\u00f3bnego wraz z rozwi\u0105zaniami<\/li>\n<li style=\"font-weight: 400;\">zestawy \u0107wiczeniowe (8) umo\u017cliwiaj\u0105ce powt\u00f3rzenie materia\u0142u z j\u0119zyka polskiego, matematyki i j\u0119zyk\u00f3w obcych<\/li>\n<li style=\"font-weight: 400;\">arkusze wykorzystane do przeprowadzenia egzaminu \u00f3smoklasisty w latach 2019\u20132025, wraz z zasadami oceniania rozwi\u0105za\u0144 zada\u0144.<\/li>\n<\/ol>\n<h2><a href=\"https:\/\/cke.gov.pl\/egzamin-osmoklasisty\/materialy-dodatkowe\/filmy-o-egzaminie-osmoklasisty\/\">\u00a0Filmy o egzaminie \u00f3smoklasisty<\/a><\/h2>\n<p>Jak radzi\u0107 sobie ze stresem egzaminacyjnym &#8211; <a href=\"https:\/\/cke.gov.pl\/images\/_EGZAMIN_OSMOKLASISTY\/20220425%20E8%20Jak%20radzi%C4%87%20sobie%20ze%20stresem%20egzaminacyjnym.pdf\">kliknij tutaj<\/a><\/p>\n<p>&nbsp;<\/p>\n<p>&nbsp;<\/p>\n","protected":false},"excerpt":{"rendered":"<p>Egzamin \u00d3smoklasisty 2025\/2026 Informacja dla rodzic\u00f3w oraz uczni\u00f3w Og\u00f3lna informacja na temat egzamin\u00f3w w 2026 r. Harmonogram egzamin\u00f3w w 2026 r. Komunikat o przyborach w 2026 r. Komunikat o dostosowaniach w roku szkolnym 2025\/2026&#46;&#46;&#46;<\/p>\n","protected":false},"author":1,"featured_media":0,"parent":0,"menu_order":0,"comment_status":"closed","ping_status":"closed","template":"","meta":{"footnotes":""},"class_list":["post-333","page","type-page","status-publish","hentry"],"yoast_head":"<!-- This site is optimized with the Yoast SEO plugin v26.6 - https:\/\/yoast.com\/wordpress\/plugins\/seo\/ -->\n<title>Egzamin \u00f3smoklasisty - Zesp\u00f3\u0142 Szk\u00f3\u0142 im. gen. Franciszka Kleeberga w Woli Gu\u0142owskiej<\/title>\n<meta name=\"robots\" content=\"index, follow, max-snippet:-1, max-image-preview:large, max-video-preview:-1\" \/>\n<link rel=\"canonical\" href=\"https:\/\/zswolagulowska.adamow.pl\/?page_id=333\" \/>\n<meta property=\"og:locale\" content=\"pl_PL\" \/>\n<meta property=\"og:type\" content=\"article\" \/>\n<meta property=\"og:title\" content=\"Egzamin \u00f3smoklasisty - Zesp\u00f3\u0142 Szk\u00f3\u0142 im. gen. Franciszka Kleeberga w Woli Gu\u0142owskiej\" \/>\n<meta property=\"og:description\" content=\"Egzamin \u00d3smoklasisty 2025\/2026 Informacja dla rodzic\u00f3w oraz uczni\u00f3w Og\u00f3lna informacja na temat egzamin\u00f3w w 2026 r. Harmonogram egzamin\u00f3w w 2026 r. Komunikat o przyborach w 2026 r. Komunikat o dostosowaniach w roku szkolnym 2025\/2026&#046;&#046;&#046;\" \/>\n<meta property=\"og:url\" content=\"https:\/\/zswolagulowska.adamow.pl\/?page_id=333\" \/>\n<meta property=\"og:site_name\" content=\"Zesp\u00f3\u0142 Szk\u00f3\u0142 im. gen. Franciszka Kleeberga w Woli Gu\u0142owskiej\" \/>\n<meta property=\"article:modified_time\" content=\"2025-09-07T19:19:24+00:00\" \/>\n<meta name=\"twitter:card\" content=\"summary_large_image\" \/>\n<meta name=\"twitter:label1\" content=\"Szacowany czas czytania\" \/>\n\t<meta name=\"twitter:data1\" content=\"1 minuta\" \/>\n<script type=\"application\/ld+json\" class=\"yoast-schema-graph\">{\"@context\":\"https:\/\/schema.org\",\"@graph\":[{\"@type\":\"WebPage\",\"@id\":\"https:\/\/zswolagulowska.adamow.pl\/?page_id=333\",\"url\":\"https:\/\/zswolagulowska.adamow.pl\/?page_id=333\",\"name\":\"Egzamin \u00f3smoklasisty - Zesp\u00f3\u0142 Szk\u00f3\u0142 im. gen. Franciszka Kleeberga w Woli Gu\u0142owskiej\",\"isPartOf\":{\"@id\":\"https:\/\/zswolagulowska.adamow.pl\/#website\"},\"datePublished\":\"2025-01-02T08:02:27+00:00\",\"dateModified\":\"2025-09-07T19:19:24+00:00\",\"breadcrumb\":{\"@id\":\"https:\/\/zswolagulowska.adamow.pl\/?page_id=333#breadcrumb\"},\"inLanguage\":\"pl-PL\",\"potentialAction\":[{\"@type\":\"ReadAction\",\"target\":[\"https:\/\/zswolagulowska.adamow.pl\/?page_id=333\"]}]},{\"@type\":\"BreadcrumbList\",\"@id\":\"https:\/\/zswolagulowska.adamow.pl\/?page_id=333#breadcrumb\",\"itemListElement\":[{\"@type\":\"ListItem\",\"position\":1,\"name\":\"Home\",\"item\":\"https:\/\/zswolagulowska.adamow.pl\/\"},{\"@type\":\"ListItem\",\"position\":2,\"name\":\"Egzamin \u00f3smoklasisty\"}]},{\"@type\":\"WebSite\",\"@id\":\"https:\/\/zswolagulowska.adamow.pl\/#website\",\"url\":\"https:\/\/zswolagulowska.adamow.pl\/\",\"name\":\"Zesp\u00f3\u0142 Szk\u00f3\u0142 im. gen Franciszka Kleeberga w Woli Gu\u0142owskiej\",\"description\":\"&quot;Uczymy si\u0119 nie dla szko\u0142y, lecz dla \u017cycia.&quot;\",\"publisher\":{\"@id\":\"https:\/\/zswolagulowska.adamow.pl\/#organization\"},\"potentialAction\":[{\"@type\":\"SearchAction\",\"target\":{\"@type\":\"EntryPoint\",\"urlTemplate\":\"https:\/\/zswolagulowska.adamow.pl\/?s={search_term_string}\"},\"query-input\":{\"@type\":\"PropertyValueSpecification\",\"valueRequired\":true,\"valueName\":\"search_term_string\"}}],\"inLanguage\":\"pl-PL\"},{\"@type\":\"Organization\",\"@id\":\"https:\/\/zswolagulowska.adamow.pl\/#organization\",\"name\":\"Zesp\u00f3\u0142 Szk\u00f3\u0142 im. gen Franciszka Kleeberga w Woli Gu\u0142owskiej\",\"url\":\"https:\/\/zswolagulowska.adamow.pl\/\",\"logo\":{\"@type\":\"ImageObject\",\"inLanguage\":\"pl-PL\",\"@id\":\"https:\/\/zswolagulowska.adamow.pl\/#\/schema\/logo\/image\/\",\"url\":\"https:\/\/zswolagulowska.adamow.pl\/wp-content\/uploads\/2023\/01\/cropped-cropped-cropped-logo-1-1.png\",\"contentUrl\":\"https:\/\/zswolagulowska.adamow.pl\/wp-content\/uploads\/2023\/01\/cropped-cropped-cropped-logo-1-1.png\",\"width\":420,\"height\":403,\"caption\":\"Zesp\u00f3\u0142 Szk\u00f3\u0142 im. gen Franciszka Kleeberga w Woli Gu\u0142owskiej\"},\"image\":{\"@id\":\"https:\/\/zswolagulowska.adamow.pl\/#\/schema\/logo\/image\/\"}}]}<\/script>\n<!-- \/ Yoast SEO plugin. -->","yoast_head_json":{"title":"Egzamin \u00f3smoklasisty - Zesp\u00f3\u0142 Szk\u00f3\u0142 im. gen. Franciszka Kleeberga w Woli Gu\u0142owskiej","robots":{"index":"index","follow":"follow","max-snippet":"max-snippet:-1","max-image-preview":"max-image-preview:large","max-video-preview":"max-video-preview:-1"},"canonical":"https:\/\/zswolagulowska.adamow.pl\/?page_id=333","og_locale":"pl_PL","og_type":"article","og_title":"Egzamin \u00f3smoklasisty - Zesp\u00f3\u0142 Szk\u00f3\u0142 im. gen. Franciszka Kleeberga w Woli Gu\u0142owskiej","og_description":"Egzamin \u00d3smoklasisty 2025\/2026 Informacja dla rodzic\u00f3w oraz uczni\u00f3w Og\u00f3lna informacja na temat egzamin\u00f3w w 2026 r. Harmonogram egzamin\u00f3w w 2026 r. Komunikat o przyborach w 2026 r. Komunikat o dostosowaniach w roku szkolnym 2025\/2026&#46;&#46;&#46;","og_url":"https:\/\/zswolagulowska.adamow.pl\/?page_id=333","og_site_name":"Zesp\u00f3\u0142 Szk\u00f3\u0142 im. gen. Franciszka Kleeberga w Woli Gu\u0142owskiej","article_modified_time":"2025-09-07T19:19:24+00:00","twitter_card":"summary_large_image","twitter_misc":{"Szacowany czas czytania":"1 minuta"},"schema":{"@context":"https:\/\/schema.org","@graph":[{"@type":"WebPage","@id":"https:\/\/zswolagulowska.adamow.pl\/?page_id=333","url":"https:\/\/zswolagulowska.adamow.pl\/?page_id=333","name":"Egzamin \u00f3smoklasisty - Zesp\u00f3\u0142 Szk\u00f3\u0142 im. gen. Franciszka Kleeberga w Woli Gu\u0142owskiej","isPartOf":{"@id":"https:\/\/zswolagulowska.adamow.pl\/#website"},"datePublished":"2025-01-02T08:02:27+00:00","dateModified":"2025-09-07T19:19:24+00:00","breadcrumb":{"@id":"https:\/\/zswolagulowska.adamow.pl\/?page_id=333#breadcrumb"},"inLanguage":"pl-PL","potentialAction":[{"@type":"ReadAction","target":["https:\/\/zswolagulowska.adamow.pl\/?page_id=333"]}]},{"@type":"BreadcrumbList","@id":"https:\/\/zswolagulowska.adamow.pl\/?page_id=333#breadcrumb","itemListElement":[{"@type":"ListItem","position":1,"name":"Home","item":"https:\/\/zswolagulowska.adamow.pl\/"},{"@type":"ListItem","position":2,"name":"Egzamin \u00f3smoklasisty"}]},{"@type":"WebSite","@id":"https:\/\/zswolagulowska.adamow.pl\/#website","url":"https:\/\/zswolagulowska.adamow.pl\/","name":"Zesp\u00f3\u0142 Szk\u00f3\u0142 im. gen Franciszka Kleeberga w Woli Gu\u0142owskiej","description":"&quot;Uczymy si\u0119 nie dla szko\u0142y, lecz dla \u017cycia.&quot;","publisher":{"@id":"https:\/\/zswolagulowska.adamow.pl\/#organization"},"potentialAction":[{"@type":"SearchAction","target":{"@type":"EntryPoint","urlTemplate":"https:\/\/zswolagulowska.adamow.pl\/?s={search_term_string}"},"query-input":{"@type":"PropertyValueSpecification","valueRequired":true,"valueName":"search_term_string"}}],"inLanguage":"pl-PL"},{"@type":"Organization","@id":"https:\/\/zswolagulowska.adamow.pl\/#organization","name":"Zesp\u00f3\u0142 Szk\u00f3\u0142 im. gen Franciszka Kleeberga w Woli Gu\u0142owskiej","url":"https:\/\/zswolagulowska.adamow.pl\/","logo":{"@type":"ImageObject","inLanguage":"pl-PL","@id":"https:\/\/zswolagulowska.adamow.pl\/#\/schema\/logo\/image\/","url":"https:\/\/zswolagulowska.adamow.pl\/wp-content\/uploads\/2023\/01\/cropped-cropped-cropped-logo-1-1.png","contentUrl":"https:\/\/zswolagulowska.adamow.pl\/wp-content\/uploads\/2023\/01\/cropped-cropped-cropped-logo-1-1.png","width":420,"height":403,"caption":"Zesp\u00f3\u0142 Szk\u00f3\u0142 im. gen Franciszka Kleeberga w Woli Gu\u0142owskiej"},"image":{"@id":"https:\/\/zswolagulowska.adamow.pl\/#\/schema\/logo\/image\/"}}]}},"_links":{"self":[{"href":"https:\/\/zswolagulowska.adamow.pl\/index.php?rest_route=\/wp\/v2\/pages\/333","targetHints":{"allow":["GET"]}}],"collection":[{"href":"https:\/\/zswolagulowska.adamow.pl\/index.php?rest_route=\/wp\/v2\/pages"}],"about":[{"href":"https:\/\/zswolagulowska.adamow.pl\/index.php?rest_route=\/wp\/v2\/types\/page"}],"author":[{"embeddable":true,"href":"https:\/\/zswolagulowska.adamow.pl\/index.php?rest_route=\/wp\/v2\/users\/1"}],"replies":[{"embeddable":true,"href":"https:\/\/zswolagulowska.adamow.pl\/index.php?rest_route=%2Fwp%2Fv2%2Fcomments&post=333"}],"version-history":[{"count":7,"href":"https:\/\/zswolagulowska.adamow.pl\/index.php?rest_route=\/wp\/v2\/pages\/333\/revisions"}],"predecessor-version":[{"id":1720,"href":"https:\/\/zswolagulowska.adamow.pl\/index.php?rest_route=\/wp\/v2\/pages\/333\/revisions\/1720"}],"wp:attachment":[{"href":"https:\/\/zswolagulowska.adamow.pl\/index.php?rest_route=%2Fwp%2Fv2%2Fmedia&parent=333"}],"curies":[{"name":"wp","href":"https:\/\/api.w.org\/{rel}","templated":true}]}}