{"id":363,"date":"2024-04-02T10:06:45","date_gmt":"2024-04-02T08:06:45","guid":{"rendered":"http:\/\/zswolagulowska.adamow.pl\/?page_id=363"},"modified":"2025-01-06T17:19:11","modified_gmt":"2025-01-06T16:19:11","slug":"projekty","status":"publish","type":"page","link":"https:\/\/zswolagulowska.adamow.pl\/?page_id=363","title":{"rendered":"PROJEKTY"},"content":{"rendered":"<h3 style=\"text-align: center;\">Przedszkole im. Pszcz\u00f3\u0142ki Mai w Woli Gu\u0142owskiej<\/h3>\n<h2 style=\"text-align: center;\"><img fetchpriority=\"high\" decoding=\"async\" class=\"alignnone wp-image-366\" style=\"font-size: 16px;\" src=\"http:\/\/zswolagulowska.adamow.pl\/wp-content\/uploads\/2025\/01\/Steamowe-przedszkole-plakat.jpg\" alt=\"\" width=\"636\" height=\"449\" srcset=\"https:\/\/zswolagulowska.adamow.pl\/wp-content\/uploads\/2025\/01\/Steamowe-przedszkole-plakat.jpg 838w, https:\/\/zswolagulowska.adamow.pl\/wp-content\/uploads\/2025\/01\/Steamowe-przedszkole-plakat-300x212.jpg 300w, https:\/\/zswolagulowska.adamow.pl\/wp-content\/uploads\/2025\/01\/Steamowe-przedszkole-plakat-768x543.jpg 768w\" sizes=\"(max-width: 636px) 100vw, 636px\" \/><\/h2>\n<h4>Mapa dotacji &#8211; szczeg\u00f3\u0142owe informacje (https:\/\/mapadotacji.gov.pl\/projekty\/1686169\/)<\/h4>\n<h5 style=\"font-weight: 400;\">Dokumenty rekrutacyjne:<\/h5>\n<h5 style=\"font-weight: 400;\">Regulamin rekrutacji<\/h5>\n<h5 style=\"font-weight: 400;\">Za\u0142. 1a. Formularz-zg\u0142oszeniowy UCZE\u0143<\/h5>\n<h5 style=\"font-weight: 400;\">Za\u0142. 2a O\u015bwiadczenie uczestnika projektu<\/h5>\n<h5 style=\"font-weight: 400;\">Za\u0142. 2b O\u015bwiadczenie uczestnika projektu<\/h5>\n<h5 style=\"font-weight: 400;\">Za\u0142. 3a. Deklaracja uczestnictwa ucze\u0144<\/h5>\n<h5 style=\"font-weight: 400;\">Za\u0142. 6. O\u015bwiadczenie o statusie osoby obcego pochodzenia<\/h5>\n<h5 style=\"font-weight: 400;\">Za\u0142. 7. O\u015bwiadczenie o statusie osoby nale\u017c\u0105cej do mniejszo\u015bci<\/h5>\n<h3 style=\"text-align: center;\">Szko\u0142a Podstawowa im. gen. Franciszka Kleeberga w Woli Gu\u0142owskiej<\/h3>\n<p>&nbsp;<\/p>\n<p><img decoding=\"async\" class=\"alignnone wp-image-364 aligncenter\" src=\"http:\/\/zswolagulowska.adamow.pl\/wp-content\/uploads\/2025\/01\/Knock-Knock-plakat.jpg\" alt=\"\" width=\"634\" height=\"448\" srcset=\"https:\/\/zswolagulowska.adamow.pl\/wp-content\/uploads\/2025\/01\/Knock-Knock-plakat.jpg 838w, https:\/\/zswolagulowska.adamow.pl\/wp-content\/uploads\/2025\/01\/Knock-Knock-plakat-300x212.jpg 300w, https:\/\/zswolagulowska.adamow.pl\/wp-content\/uploads\/2025\/01\/Knock-Knock-plakat-768x543.jpg 768w\" sizes=\"(max-width: 634px) 100vw, 634px\" \/><\/p>\n<h4>Mapa dotacji &#8211; szczeg\u00f3\u0142owe informacje (https:\/\/mapadotacji.gov.pl\/projekty\/1679875\/)<\/h4>\n<h5 style=\"font-weight: 400;\">Dokumenty rekrutacyjne:<\/h5>\n<h5 style=\"font-weight: 400;\">Regulamin rekrutacji<\/h5>\n<h5 style=\"font-weight: 400;\">Za\u0142. nr 1 O\u015bwiadczenie o spe\u0142nieniu kryterium obligatoryjnego<\/h5>\n<h5 style=\"font-weight: 400;\">Za\u0142. nr 2 Formularz zg\u0142oszeniowy<\/h5>\n<h5 style=\"font-weight: 400;\">Za\u0142. nr 3 RODO<\/h5>\n<h5 style=\"font-weight: 400;\">Za\u0142. nr 4 O\u015bwiadczenie o statusie osoby obcego pochodzenia<\/h5>\n<h5 style=\"font-weight: 400;\">Za\u0142. nr 5 O\u015bwiadczenie o statusie osoby z mniejszo\u015bci narodowej<\/h5>\n<p style=\"font-weight: 400; text-align: right;\">Wola Gu\u0142owska, 27 maja 2024 r.<\/p>\n<p style=\"font-weight: 400; text-align: center;\"><strong>STEAMove przedszkola \u2013 rozw\u00f3j w\u0142\u0105czaj\u0105cej edukacji przedszkolnej w Gminie Adam\u00f3w<\/strong><\/p>\n<p style=\"font-weight: 400;\">Gmina Adam\u00f3w uzyska\u0142a dotacj\u0119 z Unii Europejskiej na projekt \u201eSTEAMove przedszkola \u2013 rozw\u00f3j w\u0142\u0105czaj\u0105cej edukacji przedszkolnej w Gminie Adam\u00f3w\u201d.<\/p>\n<p style=\"font-weight: 400;\">G\u0142\u00f3wnym celem projektu jest zwi\u0119kszenie dost\u0119pu do dobrej jako\u015bci, w\u0142\u0105czaj\u0105cej edukacji przedszkolnej w Gminie Adam\u00f3w poprzez utworzenie\u00a0 nowych miejsc wychowania przedszkolnego\u00a0 (typ 1 Projektu) i unowocze\u015bnienie istniej\u0105cej bazy dydaktycznej w zakresie edukacji w\u0142\u0105czaj\u0105cej przedszkolnej (typ 2 Projektu) oraz obj\u0119cie 134 dzieci (65 kobiet 69 m\u0119\u017cczyzn) oraz 4 nauczycieli programem rozwojowym w 2 przedszkolach: im. Pszcz\u00f3\u0142ki Mai w Woli Gu\u0142owskiej i im. Misia Uszatka w Adamowie w okresie do 30.06.2026 r. (typ 3 Projektu).<\/p>\n<p style=\"font-weight: 400;\">W ramach projektu zaplanowano utworzenie 4 nowych miejsc wychowania przedszkolnego w przedszkolu w Woli Gu\u0142owskiej (w 3-5 latkach) oraz zakup sprz\u0119tu, wyposa\u017cenia i pomocy dydaktycznych niezb\u0119dnych do utworzenia nowych miejsc, co spowoduje wzrost upowszechnienia edukacji przedszkolnej na terenie Gminy Adam\u00f3w i zwi\u0119kszy szanse dzieci na kolejnych etapach edukacji. Nast\u0105pi unowocze\u015bnienie bazy dydaktycznej, prowadz\u0105ce do zagwarantowania w\u0142\u0105czaj\u0105cego charakteru procesu wychowawczo-edukacyjnego. W przedszkolu w Woli Gu\u0142owskiej zaplanowano adaptacj\u0119 pomieszczenia na potrzeby utworzenia sali terapeutycznej oraz monta\u017c platformy schodowej wraz z przystosowaniem schod\u00f3w do celu monta\u017cu, a tak\u017ce zakup specjalistycznego wyposa\u017cenia, sprz\u0119tu i pomocy dydaktycznych w obu przedszkolach.<\/p>\n<p style=\"font-weight: 400;\">Projekt obejmuje r\u00f3wnie\u017c realizacj\u0119 programu rozwojowego skierowanego do 134 dzieci z obu przedszkoli w latach 2024\/25 i 2025\/26, a tak\u017ce 4 nauczycieli. Program rozwojowy obejmowa\u0107 b\u0119dzie realizacj\u0119 dodatkowych zaj\u0119\u0107 dydaktyczno-wychowawczych, pomoc psychologiczno-pedagogiczn\u0105, w tym w zakresie stymulowania rozwoju, zaj\u0119cia specjalistyczne (logopedyczne, gimnastyki korekcyjnej, integracji sensorycznej) oraz doskonalenie zawodowe kadry przedszkoli, w szczeg\u00f3lno\u015bci w zakresie pracy z dzie\u0107mi ze specjalnymi potrzebami edukacyjnymi oraz dzie\u0107mi ze specjalnymi potrzebami rozwojowymi. Realizacja programu rozwojowego przyczyni si\u0119 do wyr\u00f3wnania stwierdzonych deficyt\u00f3w, zwi\u0119kszenia kompetencji spo\u0142ecznych dzieci, usprawnienia i zwi\u0119kszenia jako\u015bci edukacji prowadzonej z dzie\u0107mi ze specjalnymi potrzebami edukacyjnymi i specjalnymi potrzebami rozwojowymi.<\/p>\n<p style=\"font-weight: 400;\">Nast\u0105pi zwi\u0119kszenie dost\u0119pno\u015bci miejsc wychowania przedszkolnego w stosunku do danych z roku poprzedzaj\u0105cego rok rozpocz\u0119cia projektu (zgodnie z arkuszem organizacyjnym w roku szkol. 2023\/24 na terenie Gminy Adam\u00f3w jest 242 miejsca wychowania przedszkolnego; od roku szkol. 2024\/25 b\u0119dzie dost\u0119pnych 246 miejsc).<\/p>\n<p style=\"font-weight: 400;\">Wsparcie stanowi odpowied\u017a na zdiagnozowane potrzeby dzieci, jak r\u00f3wnie\u017c na problemy wskazane przez rodzic\u00f3w oraz nauczycieli i skutkowa\u0107 b\u0119dzie kompleksowym, trwa\u0142ym podniesieniem jako\u015bci \u015bwiadczonych us\u0142ug, poprzez wdro\u017cenie holistycznego modelu edukacji w\u0142\u0105czaj\u0105cej, polegaj\u0105cego na zapewnieniu warunk\u00f3w, kt\u00f3re pozwalaj\u0105 wszystkim dzieciom na wszechstronny rozw\u00f3j i nauk\u0119, zgodnie z ich potrzebami i umiej\u0119tno\u015bciami, a tak\u017ce wsparciu w pokonywaniu trudno\u015bci.<\/p>\n<p style=\"font-weight: 400;\">#FunduszeUE #FunduszeEuropejskie<\/p>\n<p style=\"font-weight: 400;\">Warto\u015b\u0107 projektu: 1 734 113,55 z\u0142<\/p>\n<p style=\"font-weight: 400;\">Wysoko\u015b\u0107 wk\u0142adu z Funduszy Europejskich: 1 473 996,52 z\u0142<\/p>\n<p style=\"font-weight: 400;\">Wysoko\u015b\u0107 dotacji z bud\u017cetu krajowego: 115 373,03 z\u0142<\/p>\n<p><img decoding=\"async\" class=\"size-large wp-image-365 aligncenter\" src=\"http:\/\/zswolagulowska.adamow.pl\/wp-content\/uploads\/2025\/01\/proxy.jpg\" alt=\"\" width=\"700\" height=\"74\" srcset=\"https:\/\/zswolagulowska.adamow.pl\/wp-content\/uploads\/2025\/01\/proxy.jpg 700w, https:\/\/zswolagulowska.adamow.pl\/wp-content\/uploads\/2025\/01\/proxy-300x32.jpg 300w\" sizes=\"(max-width: 700px) 100vw, 700px\" \/><\/p>\n<p>&nbsp;<\/p>\n<p style=\"text-align: right;\">Wola Gu\u0142owska, 2 kwietnia 2024 r.<\/p>\n<h4 style=\"text-align: center;\">Dodatkowe zaj\u0119cia z j\u0119zyka angielskiego<\/h4>\n<p>Gmina Adam\u00f3w uzyska\u0142a dotacj\u0119 z Unii Europejskiej na projekt \u201eKnock, knock! \u2013 dodatkowe zaj\u0119cia z j\u0119zyka angielskiego dla uczni\u00f3w szk\u00f3\u0142 podstawowych w gminie Adam\u00f3w\u201d.<\/p>\n<p>W projekcie zaplanowano 3240 godzin dodatkowych zaj\u0119\u0107 z j\u0119zyka angielskiego w roku szkolnym 2024\/2025 i 2025\/2026, kt\u00f3rymi zostan\u0105 obj\u0119ci wszyscy uczniowie z klas 1-8 ze szk\u00f3\u0142 podstawowych naszej gminy.<\/p>\n<p>G\u0142\u00f3wnym celem projektu jest poprawa efektywno\u015bci kszta\u0142cenia w Szkole Podstawowej im. H. Sienkiewicza w Adamowie oraz Szko\u0142y Podstawowej im. Gen. Franciszka Kleeberga w Woli Gu\u0142owskiej (lepsze wyniki egzaminu \u00f3smoklasisty) oraz wyr\u00f3wnanie szans edukacyjnych 486 uczni\u00f3w (223 dziewczynek i 263 ch\u0142opc\u00f3w) z zakresu j\u0119zyka angielskiego w okresie do 30.06.2026 r.<\/p>\n<p>Rezultatem projektu b\u0119dzie zwi\u0119kszenie poziomu wiedzy i umiej\u0119tno\u015bci z zakresu j\u0119zyka angielskiego u 85% uczestnik\u00f3w projektu.<\/p>\n<p><a href=\"https:\/\/www.facebook.com\/hashtag\/funduszeue\">#FunduszeUE<\/a>\u00a0<a href=\"https:\/\/www.facebook.com\/hashtag\/FunduszeEuropejskie\/\">#FunduszeEuropejskie<\/a><\/p>\n<p>Warto\u015b\u0107 projektu :\u00a0481\u00a0955,25 z\u0142<\/p>\n<p>Wysoko\u015b\u0107 wk\u0142adu z Funduszy Europejskich:\u00a0433\u00a0155,25 z\u0142<\/p>\n<p><img loading=\"lazy\" decoding=\"async\" class=\"aligncenter size-full wp-image-365\" src=\"http:\/\/zswolagulowska.adamow.pl\/wp-content\/uploads\/2025\/01\/proxy.jpg\" alt=\"\" width=\"700\" height=\"74\" srcset=\"https:\/\/zswolagulowska.adamow.pl\/wp-content\/uploads\/2025\/01\/proxy.jpg 700w, https:\/\/zswolagulowska.adamow.pl\/wp-content\/uploads\/2025\/01\/proxy-300x32.jpg 300w\" sizes=\"(max-width: 700px) 100vw, 700px\" \/><\/p>\n","protected":false},"excerpt":{"rendered":"<p>Przedszkole im. Pszcz\u00f3\u0142ki Mai w Woli Gu\u0142owskiej Mapa dotacji &#8211; szczeg\u00f3\u0142owe informacje (https:\/\/mapadotacji.gov.pl\/projekty\/1686169\/) Dokumenty rekrutacyjne: Regulamin rekrutacji Za\u0142. 1a. Formularz-zg\u0142oszeniowy UCZE\u0143 Za\u0142. 2a O\u015bwiadczenie uczestnika projektu Za\u0142. 2b O\u015bwiadczenie uczestnika projektu Za\u0142. 3a. Deklaracja&#46;&#46;&#46;<\/p>\n","protected":false},"author":1,"featured_media":0,"parent":0,"menu_order":0,"comment_status":"closed","ping_status":"closed","template":"","meta":{"footnotes":""},"class_list":["post-363","page","type-page","status-publish","hentry"],"yoast_head":"<!-- This site is optimized with the Yoast SEO plugin v26.6 - https:\/\/yoast.com\/wordpress\/plugins\/seo\/ -->\n<title>PROJEKTY - Zesp\u00f3\u0142 Szk\u00f3\u0142 im. gen. Franciszka Kleeberga w Woli Gu\u0142owskiej<\/title>\n<meta name=\"robots\" content=\"index, follow, max-snippet:-1, max-image-preview:large, max-video-preview:-1\" \/>\n<link rel=\"canonical\" href=\"http:\/\/zswolagulowska.adamow.pl\/?page_id=363\" \/>\n<meta property=\"og:locale\" content=\"pl_PL\" \/>\n<meta property=\"og:type\" content=\"article\" \/>\n<meta property=\"og:title\" content=\"PROJEKTY - Zesp\u00f3\u0142 Szk\u00f3\u0142 im. gen. Franciszka Kleeberga w Woli Gu\u0142owskiej\" \/>\n<meta property=\"og:description\" content=\"Przedszkole im. Pszcz\u00f3\u0142ki Mai w Woli Gu\u0142owskiej Mapa dotacji &#8211; szczeg\u00f3\u0142owe informacje (https:\/\/mapadotacji.gov.pl\/projekty\/1686169\/) Dokumenty rekrutacyjne: Regulamin rekrutacji Za\u0142. 1a. Formularz-zg\u0142oszeniowy UCZE\u0143 Za\u0142. 2a O\u015bwiadczenie uczestnika projektu Za\u0142. 2b O\u015bwiadczenie uczestnika projektu Za\u0142. 3a. Deklaracja&#046;&#046;&#046;\" \/>\n<meta property=\"og:url\" content=\"http:\/\/zswolagulowska.adamow.pl\/?page_id=363\" \/>\n<meta property=\"og:site_name\" content=\"Zesp\u00f3\u0142 Szk\u00f3\u0142 im. gen. Franciszka Kleeberga w Woli Gu\u0142owskiej\" \/>\n<meta property=\"article:modified_time\" content=\"2025-01-06T16:19:11+00:00\" \/>\n<meta property=\"og:image\" content=\"http:\/\/zswolagulowska.adamow.pl\/wp-content\/uploads\/2025\/01\/Steamowe-przedszkole-plakat.jpg\" \/>\n<meta name=\"twitter:card\" content=\"summary_large_image\" \/>\n<meta name=\"twitter:label1\" content=\"Szacowany czas czytania\" \/>\n\t<meta name=\"twitter:data1\" content=\"5 minut\" \/>\n<script type=\"application\/ld+json\" class=\"yoast-schema-graph\">{\"@context\":\"https:\/\/schema.org\",\"@graph\":[{\"@type\":\"WebPage\",\"@id\":\"http:\/\/zswolagulowska.adamow.pl\/?page_id=363\",\"url\":\"http:\/\/zswolagulowska.adamow.pl\/?page_id=363\",\"name\":\"PROJEKTY - Zesp\u00f3\u0142 Szk\u00f3\u0142 im. gen. Franciszka Kleeberga w Woli Gu\u0142owskiej\",\"isPartOf\":{\"@id\":\"https:\/\/zswolagulowska.adamow.pl\/#website\"},\"primaryImageOfPage\":{\"@id\":\"http:\/\/zswolagulowska.adamow.pl\/?page_id=363#primaryimage\"},\"image\":{\"@id\":\"http:\/\/zswolagulowska.adamow.pl\/?page_id=363#primaryimage\"},\"thumbnailUrl\":\"http:\/\/zswolagulowska.adamow.pl\/wp-content\/uploads\/2025\/01\/Steamowe-przedszkole-plakat.jpg\",\"datePublished\":\"2024-04-02T08:06:45+00:00\",\"dateModified\":\"2025-01-06T16:19:11+00:00\",\"breadcrumb\":{\"@id\":\"http:\/\/zswolagulowska.adamow.pl\/?page_id=363#breadcrumb\"},\"inLanguage\":\"pl-PL\",\"potentialAction\":[{\"@type\":\"ReadAction\",\"target\":[\"http:\/\/zswolagulowska.adamow.pl\/?page_id=363\"]}]},{\"@type\":\"ImageObject\",\"inLanguage\":\"pl-PL\",\"@id\":\"http:\/\/zswolagulowska.adamow.pl\/?page_id=363#primaryimage\",\"url\":\"https:\/\/zswolagulowska.adamow.pl\/wp-content\/uploads\/2025\/01\/Steamowe-przedszkole-plakat.jpg\",\"contentUrl\":\"https:\/\/zswolagulowska.adamow.pl\/wp-content\/uploads\/2025\/01\/Steamowe-przedszkole-plakat.jpg\",\"width\":838,\"height\":592},{\"@type\":\"BreadcrumbList\",\"@id\":\"http:\/\/zswolagulowska.adamow.pl\/?page_id=363#breadcrumb\",\"itemListElement\":[{\"@type\":\"ListItem\",\"position\":1,\"name\":\"Home\",\"item\":\"https:\/\/zswolagulowska.adamow.pl\/\"},{\"@type\":\"ListItem\",\"position\":2,\"name\":\"PROJEKTY\"}]},{\"@type\":\"WebSite\",\"@id\":\"https:\/\/zswolagulowska.adamow.pl\/#website\",\"url\":\"https:\/\/zswolagulowska.adamow.pl\/\",\"name\":\"Zesp\u00f3\u0142 Szk\u00f3\u0142 im. gen Franciszka Kleeberga w Woli Gu\u0142owskiej\",\"description\":\"&quot;Uczymy si\u0119 nie dla szko\u0142y, lecz dla \u017cycia.&quot;\",\"publisher\":{\"@id\":\"https:\/\/zswolagulowska.adamow.pl\/#organization\"},\"potentialAction\":[{\"@type\":\"SearchAction\",\"target\":{\"@type\":\"EntryPoint\",\"urlTemplate\":\"https:\/\/zswolagulowska.adamow.pl\/?s={search_term_string}\"},\"query-input\":{\"@type\":\"PropertyValueSpecification\",\"valueRequired\":true,\"valueName\":\"search_term_string\"}}],\"inLanguage\":\"pl-PL\"},{\"@type\":\"Organization\",\"@id\":\"https:\/\/zswolagulowska.adamow.pl\/#organization\",\"name\":\"Zesp\u00f3\u0142 Szk\u00f3\u0142 im. gen Franciszka Kleeberga w Woli Gu\u0142owskiej\",\"url\":\"https:\/\/zswolagulowska.adamow.pl\/\",\"logo\":{\"@type\":\"ImageObject\",\"inLanguage\":\"pl-PL\",\"@id\":\"https:\/\/zswolagulowska.adamow.pl\/#\/schema\/logo\/image\/\",\"url\":\"https:\/\/zswolagulowska.adamow.pl\/wp-content\/uploads\/2023\/01\/cropped-cropped-cropped-logo-1-1.png\",\"contentUrl\":\"https:\/\/zswolagulowska.adamow.pl\/wp-content\/uploads\/2023\/01\/cropped-cropped-cropped-logo-1-1.png\",\"width\":420,\"height\":403,\"caption\":\"Zesp\u00f3\u0142 Szk\u00f3\u0142 im. gen Franciszka Kleeberga w Woli Gu\u0142owskiej\"},\"image\":{\"@id\":\"https:\/\/zswolagulowska.adamow.pl\/#\/schema\/logo\/image\/\"}}]}<\/script>\n<!-- \/ Yoast SEO plugin. -->","yoast_head_json":{"title":"PROJEKTY - Zesp\u00f3\u0142 Szk\u00f3\u0142 im. gen. Franciszka Kleeberga w Woli Gu\u0142owskiej","robots":{"index":"index","follow":"follow","max-snippet":"max-snippet:-1","max-image-preview":"max-image-preview:large","max-video-preview":"max-video-preview:-1"},"canonical":"http:\/\/zswolagulowska.adamow.pl\/?page_id=363","og_locale":"pl_PL","og_type":"article","og_title":"PROJEKTY - Zesp\u00f3\u0142 Szk\u00f3\u0142 im. gen. Franciszka Kleeberga w Woli Gu\u0142owskiej","og_description":"Przedszkole im. Pszcz\u00f3\u0142ki Mai w Woli Gu\u0142owskiej Mapa dotacji &#8211; szczeg\u00f3\u0142owe informacje (https:\/\/mapadotacji.gov.pl\/projekty\/1686169\/) Dokumenty rekrutacyjne: Regulamin rekrutacji Za\u0142. 1a. Formularz-zg\u0142oszeniowy UCZE\u0143 Za\u0142. 2a O\u015bwiadczenie uczestnika projektu Za\u0142. 2b O\u015bwiadczenie uczestnika projektu Za\u0142. 3a. Deklaracja&#46;&#46;&#46;","og_url":"http:\/\/zswolagulowska.adamow.pl\/?page_id=363","og_site_name":"Zesp\u00f3\u0142 Szk\u00f3\u0142 im. gen. Franciszka Kleeberga w Woli Gu\u0142owskiej","article_modified_time":"2025-01-06T16:19:11+00:00","og_image":[{"url":"http:\/\/zswolagulowska.adamow.pl\/wp-content\/uploads\/2025\/01\/Steamowe-przedszkole-plakat.jpg","type":"","width":"","height":""}],"twitter_card":"summary_large_image","twitter_misc":{"Szacowany czas czytania":"5 minut"},"schema":{"@context":"https:\/\/schema.org","@graph":[{"@type":"WebPage","@id":"http:\/\/zswolagulowska.adamow.pl\/?page_id=363","url":"http:\/\/zswolagulowska.adamow.pl\/?page_id=363","name":"PROJEKTY - Zesp\u00f3\u0142 Szk\u00f3\u0142 im. gen. Franciszka Kleeberga w Woli Gu\u0142owskiej","isPartOf":{"@id":"https:\/\/zswolagulowska.adamow.pl\/#website"},"primaryImageOfPage":{"@id":"http:\/\/zswolagulowska.adamow.pl\/?page_id=363#primaryimage"},"image":{"@id":"http:\/\/zswolagulowska.adamow.pl\/?page_id=363#primaryimage"},"thumbnailUrl":"http:\/\/zswolagulowska.adamow.pl\/wp-content\/uploads\/2025\/01\/Steamowe-przedszkole-plakat.jpg","datePublished":"2024-04-02T08:06:45+00:00","dateModified":"2025-01-06T16:19:11+00:00","breadcrumb":{"@id":"http:\/\/zswolagulowska.adamow.pl\/?page_id=363#breadcrumb"},"inLanguage":"pl-PL","potentialAction":[{"@type":"ReadAction","target":["http:\/\/zswolagulowska.adamow.pl\/?page_id=363"]}]},{"@type":"ImageObject","inLanguage":"pl-PL","@id":"http:\/\/zswolagulowska.adamow.pl\/?page_id=363#primaryimage","url":"https:\/\/zswolagulowska.adamow.pl\/wp-content\/uploads\/2025\/01\/Steamowe-przedszkole-plakat.jpg","contentUrl":"https:\/\/zswolagulowska.adamow.pl\/wp-content\/uploads\/2025\/01\/Steamowe-przedszkole-plakat.jpg","width":838,"height":592},{"@type":"BreadcrumbList","@id":"http:\/\/zswolagulowska.adamow.pl\/?page_id=363#breadcrumb","itemListElement":[{"@type":"ListItem","position":1,"name":"Home","item":"https:\/\/zswolagulowska.adamow.pl\/"},{"@type":"ListItem","position":2,"name":"PROJEKTY"}]},{"@type":"WebSite","@id":"https:\/\/zswolagulowska.adamow.pl\/#website","url":"https:\/\/zswolagulowska.adamow.pl\/","name":"Zesp\u00f3\u0142 Szk\u00f3\u0142 im. gen Franciszka Kleeberga w Woli Gu\u0142owskiej","description":"&quot;Uczymy si\u0119 nie dla szko\u0142y, lecz dla \u017cycia.&quot;","publisher":{"@id":"https:\/\/zswolagulowska.adamow.pl\/#organization"},"potentialAction":[{"@type":"SearchAction","target":{"@type":"EntryPoint","urlTemplate":"https:\/\/zswolagulowska.adamow.pl\/?s={search_term_string}"},"query-input":{"@type":"PropertyValueSpecification","valueRequired":true,"valueName":"search_term_string"}}],"inLanguage":"pl-PL"},{"@type":"Organization","@id":"https:\/\/zswolagulowska.adamow.pl\/#organization","name":"Zesp\u00f3\u0142 Szk\u00f3\u0142 im. gen Franciszka Kleeberga w Woli Gu\u0142owskiej","url":"https:\/\/zswolagulowska.adamow.pl\/","logo":{"@type":"ImageObject","inLanguage":"pl-PL","@id":"https:\/\/zswolagulowska.adamow.pl\/#\/schema\/logo\/image\/","url":"https:\/\/zswolagulowska.adamow.pl\/wp-content\/uploads\/2023\/01\/cropped-cropped-cropped-logo-1-1.png","contentUrl":"https:\/\/zswolagulowska.adamow.pl\/wp-content\/uploads\/2023\/01\/cropped-cropped-cropped-logo-1-1.png","width":420,"height":403,"caption":"Zesp\u00f3\u0142 Szk\u00f3\u0142 im. gen Franciszka Kleeberga w Woli Gu\u0142owskiej"},"image":{"@id":"https:\/\/zswolagulowska.adamow.pl\/#\/schema\/logo\/image\/"}}]}},"_links":{"self":[{"href":"https:\/\/zswolagulowska.adamow.pl\/index.php?rest_route=\/wp\/v2\/pages\/363","targetHints":{"allow":["GET"]}}],"collection":[{"href":"https:\/\/zswolagulowska.adamow.pl\/index.php?rest_route=\/wp\/v2\/pages"}],"about":[{"href":"https:\/\/zswolagulowska.adamow.pl\/index.php?rest_route=\/wp\/v2\/types\/page"}],"author":[{"embeddable":true,"href":"https:\/\/zswolagulowska.adamow.pl\/index.php?rest_route=\/wp\/v2\/users\/1"}],"replies":[{"embeddable":true,"href":"https:\/\/zswolagulowska.adamow.pl\/index.php?rest_route=%2Fwp%2Fv2%2Fcomments&post=363"}],"version-history":[{"count":5,"href":"https:\/\/zswolagulowska.adamow.pl\/index.php?rest_route=\/wp\/v2\/pages\/363\/revisions"}],"predecessor-version":[{"id":753,"href":"https:\/\/zswolagulowska.adamow.pl\/index.php?rest_route=\/wp\/v2\/pages\/363\/revisions\/753"}],"wp:attachment":[{"href":"https:\/\/zswolagulowska.adamow.pl\/index.php?rest_route=%2Fwp%2Fv2%2Fmedia&parent=363"}],"curies":[{"name":"wp","href":"https:\/\/api.w.org\/{rel}","templated":true}]}}