{"id":775,"date":"2025-01-07T08:32:23","date_gmt":"2025-01-07T07:32:23","guid":{"rendered":"https:\/\/zswolagulowska.adamow.pl\/?page_id=775"},"modified":"2025-12-22T13:34:09","modified_gmt":"2025-12-22T12:34:09","slug":"zasady-korzystania-z-telefonow-komorkowych","status":"publish","type":"page","link":"https:\/\/zswolagulowska.adamow.pl\/?page_id=775","title":{"rendered":"Zasady korzystania z telefon\u00f3w kom\u00f3rkowych"},"content":{"rendered":"<h2 style=\"text-align: center;\">Zasady korzystania z telefon\u00f3w kom\u00f3rkowych i innych urz\u0105dze\u0144<\/h2>\n<h2><a name=\"_Toc176786915\"><\/a>Rozdzia\u0142 5 Statutu Szko\u0142y Podstawowej im. gen. Franciszka Kleeberga w Woli Gu\u0142owskiej<\/h2>\n<h2><strong style=\"font-size: 16px;\"><strong>\u00a7<\/strong>119. <\/strong><span style=\"font-size: 16px;\">Zasady korzystania z\u00a0telefon\u00f3w kom\u00f3rkowych i\u00a0innych urz\u0105dze\u0144 elektronicznych na terenie szko\u0142y:<\/span><\/h2>\n<ol>\n<li>Ucze\u0144 ma prawo korzysta\u0107 na terenie szko\u0142y z\u00a0telefonu kom\u00f3rkowego i\u00a0innych urz\u0105dze\u0144 elektronicznych na zasadach okre\u015blonych w\u00a0poni\u017cszych zasadach.<\/li>\n<li>Podstaw\u0105 prawna przestrzegania warunk\u00f3w wnoszenia i\u00a0korzystania z\u00a0telefon\u00f3w kom\u00f3rkowych i\u00a0innych urz\u0105dze\u0144 elektronicznych na terenie szko\u0142y jest art. 99 ust. 4 ustawy z\u00a014 grudnia 2016 r. \u2013 Prawo o\u015bwiatowe<\/li>\n<\/ol>\n<ul>\n<li>Zapis \u201etelefon\u201d w\u00a0dalszej cz\u0119\u015bci procedury odnosi si\u0119 tak\u017ce do smartfon\u00f3w, urz\u0105dze\u0144 typu smartwatch itp.<\/li>\n<li>Zapis \u201einne urz\u0105dzenia elektroniczne\u201d odnosi si\u0119 do tablet\u00f3w, odtwarzaczy muzyki, dyktafon\u00f3w, aparat\u00f3w cyfrowych, s\u0142uchawek, \u0142adowarek itp.<\/li>\n<\/ul>\n<ol start=\"3\">\n<li>Szko\u0142a nie ponosi odpowiedzialno\u015bci za zagini\u0119cie lub zniszczenie tego rodzaju sprz\u0119tu.<\/li>\n<li>Podczas przerw mi\u0119dzylekcyjnych, zaj\u0119\u0107 edukacyjnych, opieku\u0144czych, uroczysto\u015bci szkolnych, zaj\u0119\u0107 pozalekcyjnych obowi\u0105zuje bezwzgl\u0119dny zakaz korzystania przez uczni\u00f3w z\u00a0telefon\u00f3w kom\u00f3rkowych i\u00a0innych urz\u0105dze\u0144 elektronicznych.<\/li>\n<li>Ucze\u0144 mo\u017ce posiada\u0107 telefon w szkole, ale jest zobowi\u0105zany do wy\u0142\u0105czenia lub wyciszenia telefonu (bez wibracji) i\u00a0schowania go w\u00a0torbie\/plecaku. Telefon pozostaje niewidoczny zar\u00f3wno dla ucznia, jak i\u00a0pozosta\u0142ych os\u00f3b.<\/li>\n<\/ol>\n<p>6. Obowi\u0105zuje zakaz korzystania z\u00a0telefon\u00f3w i\u00a0innych urz\u0105dze\u0144 elektronicznych w\u00a0toaletach i\u00a0przebieralniach.<\/p>\n<p>7. Ucze\u0144 mo\u017ce korzysta\u0107 z\u00a0telefonu, a tak\u017ce innych urz\u0105dze\u0144 elektronicznych w\u00a0celu wyszukania informacji niezb\u0119dnych do realizacji zada\u0144 podczas zaj\u0119\u0107, po uzyskaniu zgody nauczyciela prowadz\u0105cego dane zaj\u0119cia lub na jego wyra\u017ane polecenie.<\/p>\n<p>8. Na terenie szko\u0142y zakazuje si\u0119 uczniom filmowania, fotografowania oraz rejestrowania d\u017awi\u0119ku na jakichkolwiek no\u015bnikach cyfrowych oraz wykorzystywania wizerunku szko\u0142y, uczni\u00f3w, nauczycieli i\u00a0innych pracownik\u00f3w.<\/p>\n<p>9. W<strong>\u00a0<\/strong>szczeg\u00f3lnych przypadkach nagrywanie zaj\u0119\u0107 edukacyjnych oraz utrwalanie ich<br \/>\nw jakikolwiek spos\u00f3b mo\u017cliwe jest wy\u0142\u0105cznie po uzyskaniu zgody dyrektora szko\u0142y lub nauczyciela prowadz\u0105cego zaj\u0119cia edukacyjne.<\/p>\n<ol start=\"10\">\n<li>Podczas pobytu dziecka w\u00a0szkole kontakt z\u00a0rodzicem jest mo\u017cliwy poprzez wychowawc\u0119 i sekretariat szko\u0142y.<\/li>\n<li>Na wykonanie zdj\u0119cia, nagranie filmu potrzebna jest zgoda osoby fotografowanej, filmowanej. Osoba, kt\u00f3rej dobro osobiste zosta\u0142o zagro\u017cone, mo\u017ce \u017c\u0105da\u0107 zaniechania tego dzia\u0142ania (zaprzestania fotografowania, usuni\u0119cia wykonanych zdj\u0119\u0107), a w\u00a0przypadku, gdy dobro osobiste zosta\u0142o ju\u017c naruszone, mo\u017ce \u017c\u0105da\u0107, aby osoba, kt\u00f3ra dopu\u015bci\u0142a si\u0119 naruszenia, np. przeprosi\u0142a na forum klasy.<\/li>\n<li>Naruszenie godno\u015bci nauczyciela w\u00a0drodze publikacji w\u00a0Internecie mo\u017cna rozpatrywa\u0107 na gruncie prawa karnego \u2013 w\u00a0takim przypadku mo\u017ce by\u0107 rozwa\u017cane przest\u0119pstwo znies\u0142awienia lub zniewa\u017cenia nauczyciela. Nauczyciel podczas i\u00a0w\u00a0zwi\u0105zku z\u00a0pe\u0142nieniem obowi\u0105zk\u00f3w s\u0142u\u017cbowych korzysta z\u00a0ochrony przewidzianej dla funkcjonariuszy publicznych na zasadach okre\u015blonych w\u00a0kodeksie karnym.<\/li>\n<li>W przypadku niezastosowania si\u0119 do pr\u00f3\u015bb nauczyciela o zaprzestanie korzystania<br \/>\nz urz\u0105dzenia, ucze\u0144 musi liczy\u0107 si\u0119 z\u00a0zawiadomieniem przez nauczyciela lub wychowawc\u0119 jego rodzic\u00f3w oraz obni\u017ceniem oceny zachowania ucznia, kt\u00f3rej jednym z\u00a0kryteri\u00f3w jest stopie\u0144 respektowania przez ucznia zasad wsp\u00f3\u0142\u017cycia spo\u0142ecznego oraz obowi\u0105zk\u00f3w okre\u015blonych w\u00a0statucie szko\u0142y.<\/li>\n<li>Zasady korzystania z\u00a0telefon\u00f3w i\u00a0innych urz\u0105dze\u0144 elektronicznych podczas wyj\u015b\u0107, wycieczek edukacyjnych organizowanych przez szko\u0142\u0119.<\/li>\n<\/ol>\n<ul>\n<li>Je\u015bli istnieje mo\u017cliwo\u015b\u0107 zabrania telefonu i\/lub innego urz\u0105dzenia elektronicznego na wycieczk\u0119, wyj\u015bcie edukacyjne ucze\u0144 ma prawo korzystania z\u00a0tych urz\u0105dze\u0144 wy\u0142\u0105cznie w\u00a0zakresie niewp\u0142ywaj\u0105cym na organizacj\u0119 i\u00a0przebieg tego przedsi\u0119wzi\u0119cia.<\/li>\n<li>Podczas wyj\u015b\u0107 zorganizowanych przez szko\u0142\u0119 (teatr, kino, muzeum, zwiedzanie<br \/>\nz przewodnikiem, lekcja w\u00a0terenie, konkursy, zawody sportowe, itp.) ucze\u0144 jest zobowi\u0105zany do wy\u0142\u0105czenia\/wyciszenia telefonu (bez wibracji) i\u00a0schowania go w\u00a0torbie\/plecaku. Tylko za zgod\u0105 nauczyciela uczniowie mog\u0105 skorzysta\u0107 z\u00a0telefonu.<\/li>\n<li>W przypadku nieprzestrzegania przez ucznia powy\u017cszych procedur nauczyciel odnotowuje ten fakt w\u00a0dzienniku elektronicznym i\u00a0post\u0119puje zgodnie z\u00a0zapisami w\u00a0statucie szko\u0142y.<\/li>\n<\/ul>\n<ol start=\"15\">\n<li>Zakaz korzystania z\u00a0telefon\u00f3w kom\u00f3rkowych obowi\u0105zuje tak\u017ce nauczycieli i\u00a0innych pracownik\u00f3w szko\u0142y podczas zaj\u0119\u0107 edukacyjnych, narad i\u00a0zebra\u0144 rady pedagogicznej (nie dotyczy to sytuacji, gdy nauczyciel spodziewa si\u0119 wa\u017cnej rozmowy telefonicznej dotycz\u0105cej sprawy s\u0142u\u017cbowej).<\/li>\n<\/ol>\n","protected":false},"excerpt":{"rendered":"<p>Zasady korzystania z telefon\u00f3w kom\u00f3rkowych i innych urz\u0105dze\u0144 Rozdzia\u0142 5 Statutu Szko\u0142y Podstawowej im. gen. Franciszka Kleeberga w Woli Gu\u0142owskiej \u00a7119. Zasady korzystania z\u00a0telefon\u00f3w kom\u00f3rkowych i\u00a0innych urz\u0105dze\u0144 elektronicznych na terenie szko\u0142y: Ucze\u0144 ma prawo&#46;&#46;&#46;<\/p>\n","protected":false},"author":1,"featured_media":0,"parent":0,"menu_order":0,"comment_status":"closed","ping_status":"closed","template":"","meta":{"footnotes":""},"class_list":["post-775","page","type-page","status-publish","hentry"],"yoast_head":"<!-- This site is optimized with the Yoast SEO plugin v26.6 - https:\/\/yoast.com\/wordpress\/plugins\/seo\/ -->\n<title>Zasady korzystania z telefon\u00f3w kom\u00f3rkowych - Zesp\u00f3\u0142 Szk\u00f3\u0142 im. gen. Franciszka Kleeberga w Woli Gu\u0142owskiej<\/title>\n<meta name=\"robots\" content=\"index, follow, max-snippet:-1, max-image-preview:large, max-video-preview:-1\" \/>\n<link rel=\"canonical\" href=\"https:\/\/zswolagulowska.adamow.pl\/?page_id=775\" \/>\n<meta property=\"og:locale\" content=\"pl_PL\" \/>\n<meta property=\"og:type\" content=\"article\" \/>\n<meta property=\"og:title\" content=\"Zasady korzystania z telefon\u00f3w kom\u00f3rkowych - Zesp\u00f3\u0142 Szk\u00f3\u0142 im. gen. Franciszka Kleeberga w Woli Gu\u0142owskiej\" \/>\n<meta property=\"og:description\" content=\"Zasady korzystania z telefon\u00f3w kom\u00f3rkowych i innych urz\u0105dze\u0144 Rozdzia\u0142 5 Statutu Szko\u0142y Podstawowej im. gen. Franciszka Kleeberga w Woli Gu\u0142owskiej \u00a7119. Zasady korzystania z\u00a0telefon\u00f3w kom\u00f3rkowych i\u00a0innych urz\u0105dze\u0144 elektronicznych na terenie szko\u0142y: Ucze\u0144 ma prawo&#046;&#046;&#046;\" \/>\n<meta property=\"og:url\" content=\"https:\/\/zswolagulowska.adamow.pl\/?page_id=775\" \/>\n<meta property=\"og:site_name\" content=\"Zesp\u00f3\u0142 Szk\u00f3\u0142 im. gen. Franciszka Kleeberga w Woli Gu\u0142owskiej\" \/>\n<meta property=\"article:modified_time\" content=\"2025-12-22T12:34:09+00:00\" \/>\n<meta name=\"twitter:card\" content=\"summary_large_image\" \/>\n<meta name=\"twitter:label1\" content=\"Szacowany czas czytania\" \/>\n\t<meta name=\"twitter:data1\" content=\"4 minuty\" \/>\n<script type=\"application\/ld+json\" class=\"yoast-schema-graph\">{\"@context\":\"https:\/\/schema.org\",\"@graph\":[{\"@type\":\"WebPage\",\"@id\":\"https:\/\/zswolagulowska.adamow.pl\/?page_id=775\",\"url\":\"https:\/\/zswolagulowska.adamow.pl\/?page_id=775\",\"name\":\"Zasady korzystania z telefon\u00f3w kom\u00f3rkowych - Zesp\u00f3\u0142 Szk\u00f3\u0142 im. gen. Franciszka Kleeberga w Woli Gu\u0142owskiej\",\"isPartOf\":{\"@id\":\"https:\/\/zswolagulowska.adamow.pl\/#website\"},\"datePublished\":\"2025-01-07T07:32:23+00:00\",\"dateModified\":\"2025-12-22T12:34:09+00:00\",\"breadcrumb\":{\"@id\":\"https:\/\/zswolagulowska.adamow.pl\/?page_id=775#breadcrumb\"},\"inLanguage\":\"pl-PL\",\"potentialAction\":[{\"@type\":\"ReadAction\",\"target\":[\"https:\/\/zswolagulowska.adamow.pl\/?page_id=775\"]}]},{\"@type\":\"BreadcrumbList\",\"@id\":\"https:\/\/zswolagulowska.adamow.pl\/?page_id=775#breadcrumb\",\"itemListElement\":[{\"@type\":\"ListItem\",\"position\":1,\"name\":\"Home\",\"item\":\"https:\/\/zswolagulowska.adamow.pl\/\"},{\"@type\":\"ListItem\",\"position\":2,\"name\":\"Zasady korzystania z telefon\u00f3w kom\u00f3rkowych\"}]},{\"@type\":\"WebSite\",\"@id\":\"https:\/\/zswolagulowska.adamow.pl\/#website\",\"url\":\"https:\/\/zswolagulowska.adamow.pl\/\",\"name\":\"Zesp\u00f3\u0142 Szk\u00f3\u0142 im. gen Franciszka Kleeberga w Woli Gu\u0142owskiej\",\"description\":\"&quot;Uczymy si\u0119 nie dla szko\u0142y, lecz dla \u017cycia.&quot;\",\"publisher\":{\"@id\":\"https:\/\/zswolagulowska.adamow.pl\/#organization\"},\"potentialAction\":[{\"@type\":\"SearchAction\",\"target\":{\"@type\":\"EntryPoint\",\"urlTemplate\":\"https:\/\/zswolagulowska.adamow.pl\/?s={search_term_string}\"},\"query-input\":{\"@type\":\"PropertyValueSpecification\",\"valueRequired\":true,\"valueName\":\"search_term_string\"}}],\"inLanguage\":\"pl-PL\"},{\"@type\":\"Organization\",\"@id\":\"https:\/\/zswolagulowska.adamow.pl\/#organization\",\"name\":\"Zesp\u00f3\u0142 Szk\u00f3\u0142 im. gen Franciszka Kleeberga w Woli Gu\u0142owskiej\",\"url\":\"https:\/\/zswolagulowska.adamow.pl\/\",\"logo\":{\"@type\":\"ImageObject\",\"inLanguage\":\"pl-PL\",\"@id\":\"https:\/\/zswolagulowska.adamow.pl\/#\/schema\/logo\/image\/\",\"url\":\"https:\/\/zswolagulowska.adamow.pl\/wp-content\/uploads\/2023\/01\/cropped-cropped-cropped-logo-1-1.png\",\"contentUrl\":\"https:\/\/zswolagulowska.adamow.pl\/wp-content\/uploads\/2023\/01\/cropped-cropped-cropped-logo-1-1.png\",\"width\":420,\"height\":403,\"caption\":\"Zesp\u00f3\u0142 Szk\u00f3\u0142 im. gen Franciszka Kleeberga w Woli Gu\u0142owskiej\"},\"image\":{\"@id\":\"https:\/\/zswolagulowska.adamow.pl\/#\/schema\/logo\/image\/\"}}]}<\/script>\n<!-- \/ Yoast SEO plugin. -->","yoast_head_json":{"title":"Zasady korzystania z telefon\u00f3w kom\u00f3rkowych - Zesp\u00f3\u0142 Szk\u00f3\u0142 im. gen. Franciszka Kleeberga w Woli Gu\u0142owskiej","robots":{"index":"index","follow":"follow","max-snippet":"max-snippet:-1","max-image-preview":"max-image-preview:large","max-video-preview":"max-video-preview:-1"},"canonical":"https:\/\/zswolagulowska.adamow.pl\/?page_id=775","og_locale":"pl_PL","og_type":"article","og_title":"Zasady korzystania z telefon\u00f3w kom\u00f3rkowych - Zesp\u00f3\u0142 Szk\u00f3\u0142 im. gen. Franciszka Kleeberga w Woli Gu\u0142owskiej","og_description":"Zasady korzystania z telefon\u00f3w kom\u00f3rkowych i innych urz\u0105dze\u0144 Rozdzia\u0142 5 Statutu Szko\u0142y Podstawowej im. gen. Franciszka Kleeberga w Woli Gu\u0142owskiej \u00a7119. Zasady korzystania z\u00a0telefon\u00f3w kom\u00f3rkowych i\u00a0innych urz\u0105dze\u0144 elektronicznych na terenie szko\u0142y: Ucze\u0144 ma prawo&#46;&#46;&#46;","og_url":"https:\/\/zswolagulowska.adamow.pl\/?page_id=775","og_site_name":"Zesp\u00f3\u0142 Szk\u00f3\u0142 im. gen. Franciszka Kleeberga w Woli Gu\u0142owskiej","article_modified_time":"2025-12-22T12:34:09+00:00","twitter_card":"summary_large_image","twitter_misc":{"Szacowany czas czytania":"4 minuty"},"schema":{"@context":"https:\/\/schema.org","@graph":[{"@type":"WebPage","@id":"https:\/\/zswolagulowska.adamow.pl\/?page_id=775","url":"https:\/\/zswolagulowska.adamow.pl\/?page_id=775","name":"Zasady korzystania z telefon\u00f3w kom\u00f3rkowych - Zesp\u00f3\u0142 Szk\u00f3\u0142 im. gen. Franciszka Kleeberga w Woli Gu\u0142owskiej","isPartOf":{"@id":"https:\/\/zswolagulowska.adamow.pl\/#website"},"datePublished":"2025-01-07T07:32:23+00:00","dateModified":"2025-12-22T12:34:09+00:00","breadcrumb":{"@id":"https:\/\/zswolagulowska.adamow.pl\/?page_id=775#breadcrumb"},"inLanguage":"pl-PL","potentialAction":[{"@type":"ReadAction","target":["https:\/\/zswolagulowska.adamow.pl\/?page_id=775"]}]},{"@type":"BreadcrumbList","@id":"https:\/\/zswolagulowska.adamow.pl\/?page_id=775#breadcrumb","itemListElement":[{"@type":"ListItem","position":1,"name":"Home","item":"https:\/\/zswolagulowska.adamow.pl\/"},{"@type":"ListItem","position":2,"name":"Zasady korzystania z telefon\u00f3w kom\u00f3rkowych"}]},{"@type":"WebSite","@id":"https:\/\/zswolagulowska.adamow.pl\/#website","url":"https:\/\/zswolagulowska.adamow.pl\/","name":"Zesp\u00f3\u0142 Szk\u00f3\u0142 im. gen Franciszka Kleeberga w Woli Gu\u0142owskiej","description":"&quot;Uczymy si\u0119 nie dla szko\u0142y, lecz dla \u017cycia.&quot;","publisher":{"@id":"https:\/\/zswolagulowska.adamow.pl\/#organization"},"potentialAction":[{"@type":"SearchAction","target":{"@type":"EntryPoint","urlTemplate":"https:\/\/zswolagulowska.adamow.pl\/?s={search_term_string}"},"query-input":{"@type":"PropertyValueSpecification","valueRequired":true,"valueName":"search_term_string"}}],"inLanguage":"pl-PL"},{"@type":"Organization","@id":"https:\/\/zswolagulowska.adamow.pl\/#organization","name":"Zesp\u00f3\u0142 Szk\u00f3\u0142 im. gen Franciszka Kleeberga w Woli Gu\u0142owskiej","url":"https:\/\/zswolagulowska.adamow.pl\/","logo":{"@type":"ImageObject","inLanguage":"pl-PL","@id":"https:\/\/zswolagulowska.adamow.pl\/#\/schema\/logo\/image\/","url":"https:\/\/zswolagulowska.adamow.pl\/wp-content\/uploads\/2023\/01\/cropped-cropped-cropped-logo-1-1.png","contentUrl":"https:\/\/zswolagulowska.adamow.pl\/wp-content\/uploads\/2023\/01\/cropped-cropped-cropped-logo-1-1.png","width":420,"height":403,"caption":"Zesp\u00f3\u0142 Szk\u00f3\u0142 im. gen Franciszka Kleeberga w Woli Gu\u0142owskiej"},"image":{"@id":"https:\/\/zswolagulowska.adamow.pl\/#\/schema\/logo\/image\/"}}]}},"_links":{"self":[{"href":"https:\/\/zswolagulowska.adamow.pl\/index.php?rest_route=\/wp\/v2\/pages\/775","targetHints":{"allow":["GET"]}}],"collection":[{"href":"https:\/\/zswolagulowska.adamow.pl\/index.php?rest_route=\/wp\/v2\/pages"}],"about":[{"href":"https:\/\/zswolagulowska.adamow.pl\/index.php?rest_route=\/wp\/v2\/types\/page"}],"author":[{"embeddable":true,"href":"https:\/\/zswolagulowska.adamow.pl\/index.php?rest_route=\/wp\/v2\/users\/1"}],"replies":[{"embeddable":true,"href":"https:\/\/zswolagulowska.adamow.pl\/index.php?rest_route=%2Fwp%2Fv2%2Fcomments&post=775"}],"version-history":[{"count":3,"href":"https:\/\/zswolagulowska.adamow.pl\/index.php?rest_route=\/wp\/v2\/pages\/775\/revisions"}],"predecessor-version":[{"id":2670,"href":"https:\/\/zswolagulowska.adamow.pl\/index.php?rest_route=\/wp\/v2\/pages\/775\/revisions\/2670"}],"wp:attachment":[{"href":"https:\/\/zswolagulowska.adamow.pl\/index.php?rest_route=%2Fwp%2Fv2%2Fmedia&parent=775"}],"curies":[{"name":"wp","href":"https:\/\/api.w.org\/{rel}","templated":true}]}}