{"id":799,"date":"2025-01-08T12:16:04","date_gmt":"2025-01-08T11:16:04","guid":{"rendered":"https:\/\/zswolagulowska.adamow.pl\/?page_id=799"},"modified":"2025-09-18T20:50:31","modified_gmt":"2025-09-18T18:50:31","slug":"samorzad-uczniowski","status":"publish","type":"page","link":"https:\/\/zswolagulowska.adamow.pl\/?page_id=799","title":{"rendered":"Samorz\u0105d Uczniowski"},"content":{"rendered":"<p>17 wrze\u015bnia 2025 r. w naszej szkole odby\u0142y si\u0119 wybory do Samorz\u0105du Uczniowskiego. Uczniowie, w demokratycznym g\u0142osowaniu, wybrali swoich przedstawicieli na nowy rok szkolny.<\/p>\n<p>G\u0142osem uczni\u00f3w:<\/p>\n<ul>\n<li><b>Przewodnicz\u0105cy:<\/b>\u00a0<strong>Dominik Abramczyk<\/strong><\/li>\n<li><b>Zast\u0119pca przewodnicz\u0105cego:<\/b>\u00a0<strong>Zofia Osowiec<\/strong><\/li>\n<li><b>Skarbnik:<\/b>\u00a0<strong>Maja Abramczyk<\/strong><\/li>\n<li><b>Sekretarze:<\/b>\u00a0<strong>Katarzyna Ko\u0142odziejczyk, Paulina Szumlewicz, Zofia Wojciechowska<\/strong><\/li>\n<\/ul>\n<p><b>Opiekunami Samorz\u0105du Uczniowskiego<\/b>\u00a0zosta\u0142y: <strong>Danuta Kr\u00f3lik, Ma\u0142gorzata Bernat oraz Sylwia Markowska-Do\u0142\u0119\u017cka.<\/strong><\/p>\n<p>Funkcj\u0119\u00a0<b>Rzecznika Praw Ucznia<\/b>\u00a0obj\u0119\u0142a <strong>Anna Nowakowska.<\/strong><\/p>\n<p>Serdecznie gratulujemy wszystkim wybranym i \u017cyczymy owocnej pracy na rzecz spo\u0142eczno\u015bci szkolnej!<\/p>\n<p><img fetchpriority=\"high\" decoding=\"async\" class=\"aligncenter size-medium wp-image-1759\" src=\"http:\/\/zswolagulowska.adamow.pl\/wp-content\/uploads\/2025\/09\/IMG-20250918-WA0000-225x300.jpg\" alt=\"Wybory do samorz\u0105du uczniowskiego\" width=\"225\" height=\"300\" srcset=\"https:\/\/zswolagulowska.adamow.pl\/wp-content\/uploads\/2025\/09\/IMG-20250918-WA0000-225x300.jpg 225w, https:\/\/zswolagulowska.adamow.pl\/wp-content\/uploads\/2025\/09\/IMG-20250918-WA0000-768x1024.jpg 768w, https:\/\/zswolagulowska.adamow.pl\/wp-content\/uploads\/2025\/09\/IMG-20250918-WA0000-1152x1536.jpg 1152w, https:\/\/zswolagulowska.adamow.pl\/wp-content\/uploads\/2025\/09\/IMG-20250918-WA0000.jpg 1200w\" sizes=\"(max-width: 225px) 100vw, 225px\" \/><\/p>\n<p><img decoding=\"async\" class=\"aligncenter size-medium wp-image-1760\" src=\"http:\/\/zswolagulowska.adamow.pl\/wp-content\/uploads\/2025\/09\/IMG-20250918-WA0007-225x300.jpg\" alt=\"\" width=\"225\" height=\"300\" srcset=\"https:\/\/zswolagulowska.adamow.pl\/wp-content\/uploads\/2025\/09\/IMG-20250918-WA0007-225x300.jpg 225w, https:\/\/zswolagulowska.adamow.pl\/wp-content\/uploads\/2025\/09\/IMG-20250918-WA0007-768x1024.jpg 768w, https:\/\/zswolagulowska.adamow.pl\/wp-content\/uploads\/2025\/09\/IMG-20250918-WA0007-1152x1536.jpg 1152w, https:\/\/zswolagulowska.adamow.pl\/wp-content\/uploads\/2025\/09\/IMG-20250918-WA0007.jpg 1200w\" sizes=\"(max-width: 225px) 100vw, 225px\" \/><\/p>\n<p><img decoding=\"async\" class=\"aligncenter size-medium wp-image-1761\" src=\"http:\/\/zswolagulowska.adamow.pl\/wp-content\/uploads\/2025\/09\/IMG_20250917_080916549_HDR-300x225.jpg\" alt=\"\" width=\"300\" height=\"225\" srcset=\"https:\/\/zswolagulowska.adamow.pl\/wp-content\/uploads\/2025\/09\/IMG_20250917_080916549_HDR-300x225.jpg 300w, https:\/\/zswolagulowska.adamow.pl\/wp-content\/uploads\/2025\/09\/IMG_20250917_080916549_HDR-1024x768.jpg 1024w, https:\/\/zswolagulowska.adamow.pl\/wp-content\/uploads\/2025\/09\/IMG_20250917_080916549_HDR-768x576.jpg 768w, https:\/\/zswolagulowska.adamow.pl\/wp-content\/uploads\/2025\/09\/IMG_20250917_080916549_HDR-1536x1152.jpg 1536w, https:\/\/zswolagulowska.adamow.pl\/wp-content\/uploads\/2025\/09\/IMG_20250917_080916549_HDR-2048x1536.jpg 2048w\" sizes=\"(max-width: 300px) 100vw, 300px\" \/><\/p>\n<p><img loading=\"lazy\" decoding=\"async\" class=\"aligncenter size-medium wp-image-1762\" src=\"http:\/\/zswolagulowska.adamow.pl\/wp-content\/uploads\/2025\/09\/IMG_20250917_080952225_HDR-300x225.jpg\" alt=\"\" width=\"300\" height=\"225\" srcset=\"https:\/\/zswolagulowska.adamow.pl\/wp-content\/uploads\/2025\/09\/IMG_20250917_080952225_HDR-300x225.jpg 300w, https:\/\/zswolagulowska.adamow.pl\/wp-content\/uploads\/2025\/09\/IMG_20250917_080952225_HDR-1024x768.jpg 1024w, https:\/\/zswolagulowska.adamow.pl\/wp-content\/uploads\/2025\/09\/IMG_20250917_080952225_HDR-768x576.jpg 768w, https:\/\/zswolagulowska.adamow.pl\/wp-content\/uploads\/2025\/09\/IMG_20250917_080952225_HDR-1536x1152.jpg 1536w, https:\/\/zswolagulowska.adamow.pl\/wp-content\/uploads\/2025\/09\/IMG_20250917_080952225_HDR-2048x1536.jpg 2048w\" sizes=\"(max-width: 300px) 100vw, 300px\" \/><\/p>\n<p><img loading=\"lazy\" decoding=\"async\" class=\"aligncenter size-medium wp-image-1763\" src=\"http:\/\/zswolagulowska.adamow.pl\/wp-content\/uploads\/2025\/09\/image000001-225x300.jpg\" alt=\"\" width=\"225\" height=\"300\" srcset=\"https:\/\/zswolagulowska.adamow.pl\/wp-content\/uploads\/2025\/09\/image000001-225x300.jpg 225w, https:\/\/zswolagulowska.adamow.pl\/wp-content\/uploads\/2025\/09\/image000001.jpg 599w\" sizes=\"(max-width: 225px) 100vw, 225px\" \/><\/p>\n<p><img loading=\"lazy\" decoding=\"async\" class=\"aligncenter size-medium wp-image-1764\" src=\"http:\/\/zswolagulowska.adamow.pl\/wp-content\/uploads\/2025\/09\/image000000-1-225x300.jpg\" alt=\"\" width=\"225\" height=\"300\" srcset=\"https:\/\/zswolagulowska.adamow.pl\/wp-content\/uploads\/2025\/09\/image000000-1-225x300.jpg 225w, https:\/\/zswolagulowska.adamow.pl\/wp-content\/uploads\/2025\/09\/image000000-1.jpg 599w\" sizes=\"(max-width: 225px) 100vw, 225px\" \/><\/p>\n<p><img loading=\"lazy\" decoding=\"async\" class=\"aligncenter size-medium wp-image-1765\" src=\"http:\/\/zswolagulowska.adamow.pl\/wp-content\/uploads\/2025\/09\/received_4186756271609060-300x225.jpeg\" alt=\"\" width=\"300\" height=\"225\" srcset=\"https:\/\/zswolagulowska.adamow.pl\/wp-content\/uploads\/2025\/09\/received_4186756271609060-300x225.jpeg 300w, https:\/\/zswolagulowska.adamow.pl\/wp-content\/uploads\/2025\/09\/received_4186756271609060-1024x768.jpeg 1024w, https:\/\/zswolagulowska.adamow.pl\/wp-content\/uploads\/2025\/09\/received_4186756271609060-768x576.jpeg 768w, https:\/\/zswolagulowska.adamow.pl\/wp-content\/uploads\/2025\/09\/received_4186756271609060-1536x1152.jpeg 1536w, https:\/\/zswolagulowska.adamow.pl\/wp-content\/uploads\/2025\/09\/received_4186756271609060.jpeg 2048w\" sizes=\"(max-width: 300px) 100vw, 300px\" \/><\/p>\n","protected":false},"excerpt":{"rendered":"<p>17 wrze\u015bnia 2025 r. w naszej szkole odby\u0142y si\u0119 wybory do Samorz\u0105du Uczniowskiego. Uczniowie, w demokratycznym g\u0142osowaniu, wybrali swoich przedstawicieli na nowy rok szkolny. G\u0142osem uczni\u00f3w: Przewodnicz\u0105cy:\u00a0Dominik Abramczyk Zast\u0119pca przewodnicz\u0105cego:\u00a0Zofia Osowiec Skarbnik:\u00a0Maja Abramczyk Sekretarze:\u00a0Katarzyna&#46;&#46;&#46;<\/p>\n","protected":false},"author":1,"featured_media":0,"parent":0,"menu_order":0,"comment_status":"closed","ping_status":"closed","template":"","meta":{"footnotes":""},"class_list":["post-799","page","type-page","status-publish","hentry"],"yoast_head":"<!-- This site is optimized with the Yoast SEO plugin v26.6 - https:\/\/yoast.com\/wordpress\/plugins\/seo\/ -->\n<title>Samorz\u0105d Uczniowski - Zesp\u00f3\u0142 Szk\u00f3\u0142 im. gen. Franciszka Kleeberga w Woli Gu\u0142owskiej<\/title>\n<meta name=\"robots\" content=\"index, follow, max-snippet:-1, max-image-preview:large, max-video-preview:-1\" \/>\n<link rel=\"canonical\" href=\"http:\/\/zswolagulowska.adamow.pl\/?page_id=799\" \/>\n<meta property=\"og:locale\" content=\"pl_PL\" \/>\n<meta property=\"og:type\" content=\"article\" \/>\n<meta property=\"og:title\" content=\"Samorz\u0105d Uczniowski - Zesp\u00f3\u0142 Szk\u00f3\u0142 im. gen. Franciszka Kleeberga w Woli Gu\u0142owskiej\" \/>\n<meta property=\"og:description\" content=\"17 wrze\u015bnia 2025 r. w naszej szkole odby\u0142y si\u0119 wybory do Samorz\u0105du Uczniowskiego. Uczniowie, w demokratycznym g\u0142osowaniu, wybrali swoich przedstawicieli na nowy rok szkolny. G\u0142osem uczni\u00f3w: Przewodnicz\u0105cy:\u00a0Dominik Abramczyk Zast\u0119pca przewodnicz\u0105cego:\u00a0Zofia Osowiec Skarbnik:\u00a0Maja Abramczyk Sekretarze:\u00a0Katarzyna&#046;&#046;&#046;\" \/>\n<meta property=\"og:url\" content=\"http:\/\/zswolagulowska.adamow.pl\/?page_id=799\" \/>\n<meta property=\"og:site_name\" content=\"Zesp\u00f3\u0142 Szk\u00f3\u0142 im. gen. Franciszka Kleeberga w Woli Gu\u0142owskiej\" \/>\n<meta property=\"article:modified_time\" content=\"2025-09-18T18:50:31+00:00\" \/>\n<meta property=\"og:image\" content=\"http:\/\/zswolagulowska.adamow.pl\/wp-content\/uploads\/2025\/09\/IMG-20250918-WA0000-225x300.jpg\" \/>\n<meta name=\"twitter:card\" content=\"summary_large_image\" \/>\n<meta name=\"twitter:label1\" content=\"Szacowany czas czytania\" \/>\n\t<meta name=\"twitter:data1\" content=\"2 minuty\" \/>\n<script type=\"application\/ld+json\" class=\"yoast-schema-graph\">{\"@context\":\"https:\/\/schema.org\",\"@graph\":[{\"@type\":\"WebPage\",\"@id\":\"http:\/\/zswolagulowska.adamow.pl\/?page_id=799\",\"url\":\"http:\/\/zswolagulowska.adamow.pl\/?page_id=799\",\"name\":\"Samorz\u0105d Uczniowski - Zesp\u00f3\u0142 Szk\u00f3\u0142 im. gen. Franciszka Kleeberga w Woli Gu\u0142owskiej\",\"isPartOf\":{\"@id\":\"https:\/\/zswolagulowska.adamow.pl\/#website\"},\"primaryImageOfPage\":{\"@id\":\"http:\/\/zswolagulowska.adamow.pl\/?page_id=799#primaryimage\"},\"image\":{\"@id\":\"http:\/\/zswolagulowska.adamow.pl\/?page_id=799#primaryimage\"},\"thumbnailUrl\":\"http:\/\/zswolagulowska.adamow.pl\/wp-content\/uploads\/2025\/09\/IMG-20250918-WA0000-225x300.jpg\",\"datePublished\":\"2025-01-08T11:16:04+00:00\",\"dateModified\":\"2025-09-18T18:50:31+00:00\",\"breadcrumb\":{\"@id\":\"http:\/\/zswolagulowska.adamow.pl\/?page_id=799#breadcrumb\"},\"inLanguage\":\"pl-PL\",\"potentialAction\":[{\"@type\":\"ReadAction\",\"target\":[\"http:\/\/zswolagulowska.adamow.pl\/?page_id=799\"]}]},{\"@type\":\"ImageObject\",\"inLanguage\":\"pl-PL\",\"@id\":\"http:\/\/zswolagulowska.adamow.pl\/?page_id=799#primaryimage\",\"url\":\"https:\/\/zswolagulowska.adamow.pl\/wp-content\/uploads\/2025\/09\/IMG-20250918-WA0000.jpg\",\"contentUrl\":\"https:\/\/zswolagulowska.adamow.pl\/wp-content\/uploads\/2025\/09\/IMG-20250918-WA0000.jpg\",\"width\":1200,\"height\":1600,\"caption\":\"Wybory do samorz\u0105du uczniowskiego\"},{\"@type\":\"BreadcrumbList\",\"@id\":\"http:\/\/zswolagulowska.adamow.pl\/?page_id=799#breadcrumb\",\"itemListElement\":[{\"@type\":\"ListItem\",\"position\":1,\"name\":\"Home\",\"item\":\"https:\/\/zswolagulowska.adamow.pl\/\"},{\"@type\":\"ListItem\",\"position\":2,\"name\":\"Samorz\u0105d Uczniowski\"}]},{\"@type\":\"WebSite\",\"@id\":\"https:\/\/zswolagulowska.adamow.pl\/#website\",\"url\":\"https:\/\/zswolagulowska.adamow.pl\/\",\"name\":\"Zesp\u00f3\u0142 Szk\u00f3\u0142 im. gen Franciszka Kleeberga w Woli Gu\u0142owskiej\",\"description\":\"&quot;Uczymy si\u0119 nie dla szko\u0142y, lecz dla \u017cycia.&quot;\",\"publisher\":{\"@id\":\"https:\/\/zswolagulowska.adamow.pl\/#organization\"},\"potentialAction\":[{\"@type\":\"SearchAction\",\"target\":{\"@type\":\"EntryPoint\",\"urlTemplate\":\"https:\/\/zswolagulowska.adamow.pl\/?s={search_term_string}\"},\"query-input\":{\"@type\":\"PropertyValueSpecification\",\"valueRequired\":true,\"valueName\":\"search_term_string\"}}],\"inLanguage\":\"pl-PL\"},{\"@type\":\"Organization\",\"@id\":\"https:\/\/zswolagulowska.adamow.pl\/#organization\",\"name\":\"Zesp\u00f3\u0142 Szk\u00f3\u0142 im. gen Franciszka Kleeberga w Woli Gu\u0142owskiej\",\"url\":\"https:\/\/zswolagulowska.adamow.pl\/\",\"logo\":{\"@type\":\"ImageObject\",\"inLanguage\":\"pl-PL\",\"@id\":\"https:\/\/zswolagulowska.adamow.pl\/#\/schema\/logo\/image\/\",\"url\":\"https:\/\/zswolagulowska.adamow.pl\/wp-content\/uploads\/2023\/01\/cropped-cropped-cropped-logo-1-1.png\",\"contentUrl\":\"https:\/\/zswolagulowska.adamow.pl\/wp-content\/uploads\/2023\/01\/cropped-cropped-cropped-logo-1-1.png\",\"width\":420,\"height\":403,\"caption\":\"Zesp\u00f3\u0142 Szk\u00f3\u0142 im. gen Franciszka Kleeberga w Woli Gu\u0142owskiej\"},\"image\":{\"@id\":\"https:\/\/zswolagulowska.adamow.pl\/#\/schema\/logo\/image\/\"}}]}<\/script>\n<!-- \/ Yoast SEO plugin. -->","yoast_head_json":{"title":"Samorz\u0105d Uczniowski - Zesp\u00f3\u0142 Szk\u00f3\u0142 im. gen. Franciszka Kleeberga w Woli Gu\u0142owskiej","robots":{"index":"index","follow":"follow","max-snippet":"max-snippet:-1","max-image-preview":"max-image-preview:large","max-video-preview":"max-video-preview:-1"},"canonical":"http:\/\/zswolagulowska.adamow.pl\/?page_id=799","og_locale":"pl_PL","og_type":"article","og_title":"Samorz\u0105d Uczniowski - Zesp\u00f3\u0142 Szk\u00f3\u0142 im. gen. Franciszka Kleeberga w Woli Gu\u0142owskiej","og_description":"17 wrze\u015bnia 2025 r. w naszej szkole odby\u0142y si\u0119 wybory do Samorz\u0105du Uczniowskiego. Uczniowie, w demokratycznym g\u0142osowaniu, wybrali swoich przedstawicieli na nowy rok szkolny. G\u0142osem uczni\u00f3w: Przewodnicz\u0105cy:\u00a0Dominik Abramczyk Zast\u0119pca przewodnicz\u0105cego:\u00a0Zofia Osowiec Skarbnik:\u00a0Maja Abramczyk Sekretarze:\u00a0Katarzyna&#46;&#46;&#46;","og_url":"http:\/\/zswolagulowska.adamow.pl\/?page_id=799","og_site_name":"Zesp\u00f3\u0142 Szk\u00f3\u0142 im. gen. Franciszka Kleeberga w Woli Gu\u0142owskiej","article_modified_time":"2025-09-18T18:50:31+00:00","og_image":[{"url":"http:\/\/zswolagulowska.adamow.pl\/wp-content\/uploads\/2025\/09\/IMG-20250918-WA0000-225x300.jpg","type":"","width":"","height":""}],"twitter_card":"summary_large_image","twitter_misc":{"Szacowany czas czytania":"2 minuty"},"schema":{"@context":"https:\/\/schema.org","@graph":[{"@type":"WebPage","@id":"http:\/\/zswolagulowska.adamow.pl\/?page_id=799","url":"http:\/\/zswolagulowska.adamow.pl\/?page_id=799","name":"Samorz\u0105d Uczniowski - Zesp\u00f3\u0142 Szk\u00f3\u0142 im. gen. Franciszka Kleeberga w Woli Gu\u0142owskiej","isPartOf":{"@id":"https:\/\/zswolagulowska.adamow.pl\/#website"},"primaryImageOfPage":{"@id":"http:\/\/zswolagulowska.adamow.pl\/?page_id=799#primaryimage"},"image":{"@id":"http:\/\/zswolagulowska.adamow.pl\/?page_id=799#primaryimage"},"thumbnailUrl":"http:\/\/zswolagulowska.adamow.pl\/wp-content\/uploads\/2025\/09\/IMG-20250918-WA0000-225x300.jpg","datePublished":"2025-01-08T11:16:04+00:00","dateModified":"2025-09-18T18:50:31+00:00","breadcrumb":{"@id":"http:\/\/zswolagulowska.adamow.pl\/?page_id=799#breadcrumb"},"inLanguage":"pl-PL","potentialAction":[{"@type":"ReadAction","target":["http:\/\/zswolagulowska.adamow.pl\/?page_id=799"]}]},{"@type":"ImageObject","inLanguage":"pl-PL","@id":"http:\/\/zswolagulowska.adamow.pl\/?page_id=799#primaryimage","url":"https:\/\/zswolagulowska.adamow.pl\/wp-content\/uploads\/2025\/09\/IMG-20250918-WA0000.jpg","contentUrl":"https:\/\/zswolagulowska.adamow.pl\/wp-content\/uploads\/2025\/09\/IMG-20250918-WA0000.jpg","width":1200,"height":1600,"caption":"Wybory do samorz\u0105du uczniowskiego"},{"@type":"BreadcrumbList","@id":"http:\/\/zswolagulowska.adamow.pl\/?page_id=799#breadcrumb","itemListElement":[{"@type":"ListItem","position":1,"name":"Home","item":"https:\/\/zswolagulowska.adamow.pl\/"},{"@type":"ListItem","position":2,"name":"Samorz\u0105d Uczniowski"}]},{"@type":"WebSite","@id":"https:\/\/zswolagulowska.adamow.pl\/#website","url":"https:\/\/zswolagulowska.adamow.pl\/","name":"Zesp\u00f3\u0142 Szk\u00f3\u0142 im. gen Franciszka Kleeberga w Woli Gu\u0142owskiej","description":"&quot;Uczymy si\u0119 nie dla szko\u0142y, lecz dla \u017cycia.&quot;","publisher":{"@id":"https:\/\/zswolagulowska.adamow.pl\/#organization"},"potentialAction":[{"@type":"SearchAction","target":{"@type":"EntryPoint","urlTemplate":"https:\/\/zswolagulowska.adamow.pl\/?s={search_term_string}"},"query-input":{"@type":"PropertyValueSpecification","valueRequired":true,"valueName":"search_term_string"}}],"inLanguage":"pl-PL"},{"@type":"Organization","@id":"https:\/\/zswolagulowska.adamow.pl\/#organization","name":"Zesp\u00f3\u0142 Szk\u00f3\u0142 im. gen Franciszka Kleeberga w Woli Gu\u0142owskiej","url":"https:\/\/zswolagulowska.adamow.pl\/","logo":{"@type":"ImageObject","inLanguage":"pl-PL","@id":"https:\/\/zswolagulowska.adamow.pl\/#\/schema\/logo\/image\/","url":"https:\/\/zswolagulowska.adamow.pl\/wp-content\/uploads\/2023\/01\/cropped-cropped-cropped-logo-1-1.png","contentUrl":"https:\/\/zswolagulowska.adamow.pl\/wp-content\/uploads\/2023\/01\/cropped-cropped-cropped-logo-1-1.png","width":420,"height":403,"caption":"Zesp\u00f3\u0142 Szk\u00f3\u0142 im. gen Franciszka Kleeberga w Woli Gu\u0142owskiej"},"image":{"@id":"https:\/\/zswolagulowska.adamow.pl\/#\/schema\/logo\/image\/"}}]}},"_links":{"self":[{"href":"https:\/\/zswolagulowska.adamow.pl\/index.php?rest_route=\/wp\/v2\/pages\/799","targetHints":{"allow":["GET"]}}],"collection":[{"href":"https:\/\/zswolagulowska.adamow.pl\/index.php?rest_route=\/wp\/v2\/pages"}],"about":[{"href":"https:\/\/zswolagulowska.adamow.pl\/index.php?rest_route=\/wp\/v2\/types\/page"}],"author":[{"embeddable":true,"href":"https:\/\/zswolagulowska.adamow.pl\/index.php?rest_route=\/wp\/v2\/users\/1"}],"replies":[{"embeddable":true,"href":"https:\/\/zswolagulowska.adamow.pl\/index.php?rest_route=%2Fwp%2Fv2%2Fcomments&post=799"}],"version-history":[{"count":4,"href":"https:\/\/zswolagulowska.adamow.pl\/index.php?rest_route=\/wp\/v2\/pages\/799\/revisions"}],"predecessor-version":[{"id":1769,"href":"https:\/\/zswolagulowska.adamow.pl\/index.php?rest_route=\/wp\/v2\/pages\/799\/revisions\/1769"}],"wp:attachment":[{"href":"https:\/\/zswolagulowska.adamow.pl\/index.php?rest_route=%2Fwp%2Fv2%2Fmedia&parent=799"}],"curies":[{"name":"wp","href":"https:\/\/api.w.org\/{rel}","templated":true}]}}