{"id":807,"date":"2025-01-08T12:38:47","date_gmt":"2025-01-08T11:38:47","guid":{"rendered":"https:\/\/zswolagulowska.adamow.pl\/?page_id=807"},"modified":"2025-01-08T12:41:33","modified_gmt":"2025-01-08T11:41:33","slug":"biblioteka","status":"publish","type":"page","link":"https:\/\/zswolagulowska.adamow.pl\/?page_id=807","title":{"rendered":"Biblioteka"},"content":{"rendered":"<h4 style=\"text-align: center;\">Biblioteka szkolna<\/h4>\n<p>Biblioteka szkolna odgrywa niezwykle istotn\u0105 rol\u0119 w procesie edukacji, s\u0142u\u017cy realizacji program\u00f3w nauczania i wychowania, edukacji kulturalnej i informacyjnej dzieci i m\u0142odzie\u017cy oraz kszta\u0142ceniu i doskonaleniu nauczycieli. Jest miejscem, w kt\u00f3rym uczniowie maj\u0105 dost\u0119p do r\u00f3\u017cnorodnych materia\u0142\u00f3w, rozwijaj\u0105 swoje umiej\u0119tno\u015bci czytelnicze, zg\u0142\u0119biaj\u0105 i poszerzaj\u0105 wiedz\u0119 na r\u00f3\u017cne tematy.<\/p>\n<p>Uczniowie maj\u0105 mo\u017cliwo\u015b\u0107 skorzystania z r\u00f3\u017cnych podr\u0119cznik\u00f3w, encyklopedii, s\u0142ownik\u00f3w i innych materia\u0142\u00f3w, kt\u00f3re mog\u0105 im pom\u00f3c w zrozumieniu omawianych temat\u00f3w. Bibliotekarz r\u00f3wnie\u017c s\u0142u\u017cy pomoc\u0105 w znalezieniu odpowiednich \u017ar\u00f3de\u0142 informacji i udziela wsparcia w poszukiwaniu materia\u0142\u00f3w potrzebnych do realizacji projekt\u00f3w czy referat\u00f3w.<\/p>\n<p>Do zada\u0144 biblioteki szkolnej nale\u017c\u0105 w szczeg\u00f3lno\u015bci:<\/p>\n<p>1) udost\u0119pnianie ksi\u0105\u017cek, innych \u017ar\u00f3de\u0142 informacji i materia\u0142\u00f3w bibliotecznych;<\/p>\n<p>2) tworzenie warunk\u00f3w do poszukiwania, porz\u0105dkowania i wykorzystywania informacji z r\u00f3\u017cnych \u017ar\u00f3de\u0142 oraz efektywnego pos\u0142ugiwania si\u0119 technologi\u0105 informacyjn\u0105;<\/p>\n<p>3) rozbudzanie i rozwijanie indywidualnych zainteresowa\u0144 uczni\u00f3w;<\/p>\n<p>4) wyrabianie i pog\u0142\u0119bianie u uczni\u00f3w nawyku czytania i uczenia si\u0119;<\/p>\n<p>5) organizowanie r\u00f3\u017cnorodnych dzia\u0142a\u0144 rozwijaj\u0105cych wra\u017cliwo\u015b\u0107 kulturow\u0105 i spo\u0142eczn\u0105;<\/p>\n<p>6) gromadzenie podr\u0119cznik\u00f3w, materia\u0142\u00f3w edukacyjnych, materia\u0142\u00f3w \u0107wiczeniowych i innych materia\u0142\u00f3w bibliotecznych;<\/p>\n<p>7) konserwacja i selekcja ksi\u0119gozbior\u00f3w.<\/p>\n<p>&nbsp;<\/p>\n<p style=\"text-align: center;\"><strong>Godziny pracy biblioteki:<\/strong><\/p>\n<p style=\"text-align: center;\"><strong>Wtorek-7.30-11.45<\/strong><\/p>\n<p style=\"text-align: center;\"><strong>\u015aroda-7.30-12.30<\/strong><\/p>\n<p style=\"text-align: center;\"><strong>Czwartek- 7.30-12.30, 12.45-13.30<\/strong><\/p>\n<p>&nbsp;<\/p>\n<p>&nbsp;<\/p>\n<p><strong>Polecam do przeczytania:<\/strong><\/p>\n<p>Dla najm\u0142odszych ,,M\u0105dre bajki\u201d- Agnieszki Antosiewicz to zbi\u00f3r ciekawych opowiada\u0144, kt\u00f3re przekazuj\u0105 wa\u017cne prawdy i ucz\u0105 czego\u015b warto\u015bciowego. Bajki napisane przyst\u0119pnym, zrozumia\u0142ym j\u0119zykiem, pi\u0119knie zilustrowane.<\/p>\n<p>Dla nieco starszych ,,Najpi\u0119kniejsze ba\u015bnie Grimm i Perrault\u201d- to zbi\u00f3r ponadczasowych opowie\u015bci, kt\u00f3re nigdy si\u0119 nie nudz\u0105, a p\u0142yn\u0105cy z nich mora\u0142 jest zawsze aktualny. Seri\u0119 ksi\u0105\u017cek ,,Opowiem ci mamo\u201d &#8211; ,,Co robi\u0105 psy\u201d, ,,Co robi\u0105 koty\u2019\u2019, ,,Co robi\u0105 samoloty\u201d&#8230;<\/p>\n<p>Dla nastolatk\u00f3w ,,Trzynastka na karku\u201d Katarzyny Majgier, ,,O ch\u0142opcu, kt\u00f3ry szuka\u0142 domu\u201d Ireny Jurgielewiczowej, ,,Niechciana\u201d Barbary Kosmowskiej, ,,Nastolatki pod mikroskopem\u201d Jana Weilera- to ksi\u0105\u017cki o kole\u017ce\u0144stwie, przyja\u017ani, pierwszej mi\u0142o\u015bci, goryczy samotno\u015bci, smaku przera\u017cenia. O poznawaniu siebie i potrzebie podj\u0119cia najtrudniejszej decyzji, kt\u00f3ra nie pyta , ile masz lat&#8230;<\/p>\n<p><strong>Zapraszam do biblioteki, na pewno ka\u017cdy znajdzie w niej co\u015b dla siebie!<\/strong><\/p>\n<p><strong>\u017bycz\u0119 mi\u0142ej lektury!<\/strong><\/p>\n","protected":false},"excerpt":{"rendered":"<p>Biblioteka szkolna Biblioteka szkolna odgrywa niezwykle istotn\u0105 rol\u0119 w procesie edukacji, s\u0142u\u017cy realizacji program\u00f3w nauczania i wychowania, edukacji kulturalnej i informacyjnej dzieci i m\u0142odzie\u017cy oraz kszta\u0142ceniu i doskonaleniu nauczycieli. Jest miejscem, w kt\u00f3rym uczniowie&#46;&#46;&#46;<\/p>\n","protected":false},"author":1,"featured_media":0,"parent":0,"menu_order":0,"comment_status":"closed","ping_status":"closed","template":"","meta":{"footnotes":""},"class_list":["post-807","page","type-page","status-publish","hentry"],"yoast_head":"<!-- This site is optimized with the Yoast SEO plugin v26.6 - https:\/\/yoast.com\/wordpress\/plugins\/seo\/ -->\n<title>Biblioteka - Zesp\u00f3\u0142 Szk\u00f3\u0142 im. gen. Franciszka Kleeberga w Woli Gu\u0142owskiej<\/title>\n<meta name=\"robots\" content=\"index, follow, max-snippet:-1, max-image-preview:large, max-video-preview:-1\" \/>\n<link rel=\"canonical\" href=\"https:\/\/zswolagulowska.adamow.pl\/?page_id=807\" \/>\n<meta property=\"og:locale\" content=\"pl_PL\" \/>\n<meta property=\"og:type\" content=\"article\" \/>\n<meta property=\"og:title\" content=\"Biblioteka - Zesp\u00f3\u0142 Szk\u00f3\u0142 im. gen. Franciszka Kleeberga w Woli Gu\u0142owskiej\" \/>\n<meta property=\"og:description\" content=\"Biblioteka szkolna Biblioteka szkolna odgrywa niezwykle istotn\u0105 rol\u0119 w procesie edukacji, s\u0142u\u017cy realizacji program\u00f3w nauczania i wychowania, edukacji kulturalnej i informacyjnej dzieci i m\u0142odzie\u017cy oraz kszta\u0142ceniu i doskonaleniu nauczycieli. Jest miejscem, w kt\u00f3rym uczniowie&#046;&#046;&#046;\" \/>\n<meta property=\"og:url\" content=\"https:\/\/zswolagulowska.adamow.pl\/?page_id=807\" \/>\n<meta property=\"og:site_name\" content=\"Zesp\u00f3\u0142 Szk\u00f3\u0142 im. gen. Franciszka Kleeberga w Woli Gu\u0142owskiej\" \/>\n<meta property=\"article:modified_time\" content=\"2025-01-08T11:41:33+00:00\" \/>\n<meta name=\"twitter:card\" content=\"summary_large_image\" \/>\n<meta name=\"twitter:label1\" content=\"Szacowany czas czytania\" \/>\n\t<meta name=\"twitter:data1\" content=\"2 minuty\" \/>\n<script type=\"application\/ld+json\" class=\"yoast-schema-graph\">{\"@context\":\"https:\/\/schema.org\",\"@graph\":[{\"@type\":\"WebPage\",\"@id\":\"https:\/\/zswolagulowska.adamow.pl\/?page_id=807\",\"url\":\"https:\/\/zswolagulowska.adamow.pl\/?page_id=807\",\"name\":\"Biblioteka - Zesp\u00f3\u0142 Szk\u00f3\u0142 im. gen. Franciszka Kleeberga w Woli Gu\u0142owskiej\",\"isPartOf\":{\"@id\":\"https:\/\/zswolagulowska.adamow.pl\/#website\"},\"datePublished\":\"2025-01-08T11:38:47+00:00\",\"dateModified\":\"2025-01-08T11:41:33+00:00\",\"breadcrumb\":{\"@id\":\"https:\/\/zswolagulowska.adamow.pl\/?page_id=807#breadcrumb\"},\"inLanguage\":\"pl-PL\",\"potentialAction\":[{\"@type\":\"ReadAction\",\"target\":[\"https:\/\/zswolagulowska.adamow.pl\/?page_id=807\"]}]},{\"@type\":\"BreadcrumbList\",\"@id\":\"https:\/\/zswolagulowska.adamow.pl\/?page_id=807#breadcrumb\",\"itemListElement\":[{\"@type\":\"ListItem\",\"position\":1,\"name\":\"Home\",\"item\":\"https:\/\/zswolagulowska.adamow.pl\/\"},{\"@type\":\"ListItem\",\"position\":2,\"name\":\"Biblioteka\"}]},{\"@type\":\"WebSite\",\"@id\":\"https:\/\/zswolagulowska.adamow.pl\/#website\",\"url\":\"https:\/\/zswolagulowska.adamow.pl\/\",\"name\":\"Zesp\u00f3\u0142 Szk\u00f3\u0142 im. gen Franciszka Kleeberga w Woli Gu\u0142owskiej\",\"description\":\"&quot;Uczymy si\u0119 nie dla szko\u0142y, lecz dla \u017cycia.&quot;\",\"publisher\":{\"@id\":\"https:\/\/zswolagulowska.adamow.pl\/#organization\"},\"potentialAction\":[{\"@type\":\"SearchAction\",\"target\":{\"@type\":\"EntryPoint\",\"urlTemplate\":\"https:\/\/zswolagulowska.adamow.pl\/?s={search_term_string}\"},\"query-input\":{\"@type\":\"PropertyValueSpecification\",\"valueRequired\":true,\"valueName\":\"search_term_string\"}}],\"inLanguage\":\"pl-PL\"},{\"@type\":\"Organization\",\"@id\":\"https:\/\/zswolagulowska.adamow.pl\/#organization\",\"name\":\"Zesp\u00f3\u0142 Szk\u00f3\u0142 im. gen Franciszka Kleeberga w Woli Gu\u0142owskiej\",\"url\":\"https:\/\/zswolagulowska.adamow.pl\/\",\"logo\":{\"@type\":\"ImageObject\",\"inLanguage\":\"pl-PL\",\"@id\":\"https:\/\/zswolagulowska.adamow.pl\/#\/schema\/logo\/image\/\",\"url\":\"https:\/\/zswolagulowska.adamow.pl\/wp-content\/uploads\/2023\/01\/cropped-cropped-cropped-logo-1-1.png\",\"contentUrl\":\"https:\/\/zswolagulowska.adamow.pl\/wp-content\/uploads\/2023\/01\/cropped-cropped-cropped-logo-1-1.png\",\"width\":420,\"height\":403,\"caption\":\"Zesp\u00f3\u0142 Szk\u00f3\u0142 im. gen Franciszka Kleeberga w Woli Gu\u0142owskiej\"},\"image\":{\"@id\":\"https:\/\/zswolagulowska.adamow.pl\/#\/schema\/logo\/image\/\"}}]}<\/script>\n<!-- \/ Yoast SEO plugin. -->","yoast_head_json":{"title":"Biblioteka - Zesp\u00f3\u0142 Szk\u00f3\u0142 im. gen. Franciszka Kleeberga w Woli Gu\u0142owskiej","robots":{"index":"index","follow":"follow","max-snippet":"max-snippet:-1","max-image-preview":"max-image-preview:large","max-video-preview":"max-video-preview:-1"},"canonical":"https:\/\/zswolagulowska.adamow.pl\/?page_id=807","og_locale":"pl_PL","og_type":"article","og_title":"Biblioteka - Zesp\u00f3\u0142 Szk\u00f3\u0142 im. gen. Franciszka Kleeberga w Woli Gu\u0142owskiej","og_description":"Biblioteka szkolna Biblioteka szkolna odgrywa niezwykle istotn\u0105 rol\u0119 w procesie edukacji, s\u0142u\u017cy realizacji program\u00f3w nauczania i wychowania, edukacji kulturalnej i informacyjnej dzieci i m\u0142odzie\u017cy oraz kszta\u0142ceniu i doskonaleniu nauczycieli. Jest miejscem, w kt\u00f3rym uczniowie&#46;&#46;&#46;","og_url":"https:\/\/zswolagulowska.adamow.pl\/?page_id=807","og_site_name":"Zesp\u00f3\u0142 Szk\u00f3\u0142 im. gen. Franciszka Kleeberga w Woli Gu\u0142owskiej","article_modified_time":"2025-01-08T11:41:33+00:00","twitter_card":"summary_large_image","twitter_misc":{"Szacowany czas czytania":"2 minuty"},"schema":{"@context":"https:\/\/schema.org","@graph":[{"@type":"WebPage","@id":"https:\/\/zswolagulowska.adamow.pl\/?page_id=807","url":"https:\/\/zswolagulowska.adamow.pl\/?page_id=807","name":"Biblioteka - Zesp\u00f3\u0142 Szk\u00f3\u0142 im. gen. Franciszka Kleeberga w Woli Gu\u0142owskiej","isPartOf":{"@id":"https:\/\/zswolagulowska.adamow.pl\/#website"},"datePublished":"2025-01-08T11:38:47+00:00","dateModified":"2025-01-08T11:41:33+00:00","breadcrumb":{"@id":"https:\/\/zswolagulowska.adamow.pl\/?page_id=807#breadcrumb"},"inLanguage":"pl-PL","potentialAction":[{"@type":"ReadAction","target":["https:\/\/zswolagulowska.adamow.pl\/?page_id=807"]}]},{"@type":"BreadcrumbList","@id":"https:\/\/zswolagulowska.adamow.pl\/?page_id=807#breadcrumb","itemListElement":[{"@type":"ListItem","position":1,"name":"Home","item":"https:\/\/zswolagulowska.adamow.pl\/"},{"@type":"ListItem","position":2,"name":"Biblioteka"}]},{"@type":"WebSite","@id":"https:\/\/zswolagulowska.adamow.pl\/#website","url":"https:\/\/zswolagulowska.adamow.pl\/","name":"Zesp\u00f3\u0142 Szk\u00f3\u0142 im. gen Franciszka Kleeberga w Woli Gu\u0142owskiej","description":"&quot;Uczymy si\u0119 nie dla szko\u0142y, lecz dla \u017cycia.&quot;","publisher":{"@id":"https:\/\/zswolagulowska.adamow.pl\/#organization"},"potentialAction":[{"@type":"SearchAction","target":{"@type":"EntryPoint","urlTemplate":"https:\/\/zswolagulowska.adamow.pl\/?s={search_term_string}"},"query-input":{"@type":"PropertyValueSpecification","valueRequired":true,"valueName":"search_term_string"}}],"inLanguage":"pl-PL"},{"@type":"Organization","@id":"https:\/\/zswolagulowska.adamow.pl\/#organization","name":"Zesp\u00f3\u0142 Szk\u00f3\u0142 im. gen Franciszka Kleeberga w Woli Gu\u0142owskiej","url":"https:\/\/zswolagulowska.adamow.pl\/","logo":{"@type":"ImageObject","inLanguage":"pl-PL","@id":"https:\/\/zswolagulowska.adamow.pl\/#\/schema\/logo\/image\/","url":"https:\/\/zswolagulowska.adamow.pl\/wp-content\/uploads\/2023\/01\/cropped-cropped-cropped-logo-1-1.png","contentUrl":"https:\/\/zswolagulowska.adamow.pl\/wp-content\/uploads\/2023\/01\/cropped-cropped-cropped-logo-1-1.png","width":420,"height":403,"caption":"Zesp\u00f3\u0142 Szk\u00f3\u0142 im. gen Franciszka Kleeberga w Woli Gu\u0142owskiej"},"image":{"@id":"https:\/\/zswolagulowska.adamow.pl\/#\/schema\/logo\/image\/"}}]}},"_links":{"self":[{"href":"https:\/\/zswolagulowska.adamow.pl\/index.php?rest_route=\/wp\/v2\/pages\/807","targetHints":{"allow":["GET"]}}],"collection":[{"href":"https:\/\/zswolagulowska.adamow.pl\/index.php?rest_route=\/wp\/v2\/pages"}],"about":[{"href":"https:\/\/zswolagulowska.adamow.pl\/index.php?rest_route=\/wp\/v2\/types\/page"}],"author":[{"embeddable":true,"href":"https:\/\/zswolagulowska.adamow.pl\/index.php?rest_route=\/wp\/v2\/users\/1"}],"replies":[{"embeddable":true,"href":"https:\/\/zswolagulowska.adamow.pl\/index.php?rest_route=%2Fwp%2Fv2%2Fcomments&post=807"}],"version-history":[{"count":2,"href":"https:\/\/zswolagulowska.adamow.pl\/index.php?rest_route=\/wp\/v2\/pages\/807\/revisions"}],"predecessor-version":[{"id":810,"href":"https:\/\/zswolagulowska.adamow.pl\/index.php?rest_route=\/wp\/v2\/pages\/807\/revisions\/810"}],"wp:attachment":[{"href":"https:\/\/zswolagulowska.adamow.pl\/index.php?rest_route=%2Fwp%2Fv2%2Fmedia&parent=807"}],"curies":[{"name":"wp","href":"https:\/\/api.w.org\/{rel}","templated":true}]}}