{"id":812,"date":"2025-01-14T11:49:51","date_gmt":"2025-01-14T10:49:51","guid":{"rendered":"https:\/\/zswolagulowska.adamow.pl\/?page_id=812"},"modified":"2025-03-04T14:14:05","modified_gmt":"2025-03-04T13:14:05","slug":"rzecznik-praw-ucznia","status":"publish","type":"page","link":"https:\/\/zswolagulowska.adamow.pl\/?page_id=812","title":{"rendered":"Rzecznik Praw Ucznia"},"content":{"rendered":"<p><strong>RZECZNIK PRAW UCZNIA\u00a0\u00a0\u00a0\u00a0\u00a0\u00a0\u00a0\u00a0\u00a0\u00a0\u00a0\u00a0\u00a0 <\/strong><\/p>\n<p>Funkcj\u0119 Rzecznika Praw Ucznia w roku szkolnym 2024\/2025 pe\u0142ni p. Katarzyna Osowiec<\/p>\n<p><strong>RZECZNIK PRAW UCZNIA<\/strong><\/p>\n<ul>\n<li>To nauczyciel obdarzony zaufaniem i wybrany przez spo\u0142eczno\u015b\u0107 uczniowsk\u0105.<\/li>\n<li>To osoba, do kt\u00f3rej mo\u017cesz si\u0119 zwr\u00f3ci\u0107 w ka\u017cdej problematycznej sprawie i poprosi\u0107 o pomoc.<\/li>\n<li>To nauczyciel, kt\u00f3rego rola polega na przestrzeganiu praw i obowi\u0105zk\u00f3w ucznia.<\/li>\n<li>Jest mediatorem w sytuacjach spornych, trudnych i nietypowych na p\u0142aszczy\u017anie ucze\u0144\u2013nauczyciel, nauczyciel\u2013ucze\u0144, ucze\u0144-ucze\u0144.<\/li>\n<\/ul>\n<p><strong>\u00a0<\/strong><\/p>\n<p><strong>JAK SKONTAKTOWA\u0106 SI\u0118 Z RZECZNIKIEM? <\/strong><\/p>\n<ul>\n<li>Najlepiej spotka\u0107 si\u0119 z nim osobi\u015bcie, bo w bezpo\u015bredniej rozmowie naj\u0142atwiej jest wszystko wyja\u015bni\u0107.<\/li>\n<li>Rzecznik Praw Uczni\u00f3w pe\u0142ni dy\u017cur w ka\u017cdy poniedzia\u0142ek w bibliotece szkolnej w godzinach od 11.30 -12.30.<\/li>\n<li>Mo\u017cna r\u00f3wnie\u017c skontaktowa\u0107 si\u0119 z nim poprzez ,,Skrzynk\u0119 zaufania szkolnego Rzecznika Praw Uczni\u00f3w\u2019\u2019, kt\u00f3ra znajduje si\u0119 na korytarzu szkolnym i jest dost\u0119pna ca\u0142y czas.<\/li>\n<\/ul>\n<p>&nbsp;<\/p>\n<p><strong>W JAKICH SYTUACJACH NALE\u017bY ZWR\u00d3CI\u0106 SI\u0118 DO RZECZNIKA PRAW UCZNIA?<\/strong><\/p>\n<p>Dzia\u0142ania Rzecznika zmierzaj\u0105 do ochrony dziecka. Ucze\u0144 mo\u017ce zwr\u00f3ci\u0107 si\u0119 do niego w celu uzyskania porady b\u0105d\u017a wyja\u015bnienia, a tak\u017ce z pro\u015bb\u0105 o pomoc w sprawach problemowych, spornych i nietypowych dotycz\u0105cych\u00a0 samego ucznia, grupy uczni\u00f3w lub klasy.<\/p>\n<p><strong>\u00a0<\/strong><\/p>\n<p><strong>JAKI JEST TRYB POST\u0118POWANIA W SYTUACJACH PROBLEMOWYCH?<\/strong><\/p>\n<p>Ucze\u0144 mo\u017ce poprosi\u0107 o pomoc Rzecznika Praw Ucznia, kt\u00f3ry, po dok\u0142adnym zapoznaniu si\u0119 z problemem i opiniami zainteresowanych stron, b\u0119dzie d\u0105\u017cy\u0142 do rozwi\u0105zania problemowej sytuacji. Rzecznik b\u0119dzie pe\u0142ni\u0142 funkcj\u0119 mediacyjn\u0105 mi\u0119dzy stronami w konflikcie, a spory b\u0119d\u0105 rozwi\u0105zywane na zasadzie negocjacji, porozumienia i wzajemnego poszanowania. W przypadku braku rozstrzygni\u0119cia kwestii spornej w danej sprawie, ostateczn\u0105 decyzj\u0119 podejmie Dyrektor Szko\u0142y.<\/p>\n<p>&nbsp;<\/p>\n<p><strong>O CZYM JESZCZE UCZE\u0143 POWINIEN WIEDZIE\u0106?<\/strong><\/p>\n<p>Wszystkie informacje uzyskane przez Rzecznika stanowi\u0105 tajemnic\u0119 s\u0142u\u017cbow\u0105. Podstaw\u0105 dzia\u0142ania Rzecznika Praw Ucznia jest Statut Szko\u0142y, a w uzasadnionych przypadkach Konwencja Praw Dziecka.<\/p>\n<p>&nbsp;<\/p>\n","protected":false},"excerpt":{"rendered":"<p>RZECZNIK PRAW UCZNIA\u00a0\u00a0\u00a0\u00a0\u00a0\u00a0\u00a0\u00a0\u00a0\u00a0\u00a0\u00a0\u00a0 Funkcj\u0119 Rzecznika Praw Ucznia w roku szkolnym 2024\/2025 pe\u0142ni p. Katarzyna Osowiec RZECZNIK PRAW UCZNIA To nauczyciel obdarzony zaufaniem i wybrany przez spo\u0142eczno\u015b\u0107 uczniowsk\u0105. To osoba, do kt\u00f3rej mo\u017cesz si\u0119 zwr\u00f3ci\u0107&#46;&#46;&#46;<\/p>\n","protected":false},"author":1,"featured_media":0,"parent":0,"menu_order":0,"comment_status":"closed","ping_status":"closed","template":"","meta":{"footnotes":""},"class_list":["post-812","page","type-page","status-publish","hentry"],"yoast_head":"<!-- This site is optimized with the Yoast SEO plugin v26.6 - https:\/\/yoast.com\/wordpress\/plugins\/seo\/ -->\n<title>Rzecznik Praw Ucznia - Zesp\u00f3\u0142 Szk\u00f3\u0142 im. gen. Franciszka Kleeberga w Woli Gu\u0142owskiej<\/title>\n<meta name=\"robots\" content=\"index, follow, max-snippet:-1, max-image-preview:large, max-video-preview:-1\" \/>\n<link rel=\"canonical\" href=\"http:\/\/zswolagulowska.adamow.pl\/?page_id=812\" \/>\n<meta property=\"og:locale\" content=\"pl_PL\" \/>\n<meta property=\"og:type\" content=\"article\" \/>\n<meta property=\"og:title\" content=\"Rzecznik Praw Ucznia - Zesp\u00f3\u0142 Szk\u00f3\u0142 im. gen. Franciszka Kleeberga w Woli Gu\u0142owskiej\" \/>\n<meta property=\"og:description\" content=\"RZECZNIK PRAW UCZNIA\u00a0\u00a0\u00a0\u00a0\u00a0\u00a0\u00a0\u00a0\u00a0\u00a0\u00a0\u00a0\u00a0 Funkcj\u0119 Rzecznika Praw Ucznia w roku szkolnym 2024\/2025 pe\u0142ni p. Katarzyna Osowiec RZECZNIK PRAW UCZNIA To nauczyciel obdarzony zaufaniem i wybrany przez spo\u0142eczno\u015b\u0107 uczniowsk\u0105. To osoba, do kt\u00f3rej mo\u017cesz si\u0119 zwr\u00f3ci\u0107&#046;&#046;&#046;\" \/>\n<meta property=\"og:url\" content=\"http:\/\/zswolagulowska.adamow.pl\/?page_id=812\" \/>\n<meta property=\"og:site_name\" content=\"Zesp\u00f3\u0142 Szk\u00f3\u0142 im. gen. Franciszka Kleeberga w Woli Gu\u0142owskiej\" \/>\n<meta property=\"article:modified_time\" content=\"2025-03-04T13:14:05+00:00\" \/>\n<meta name=\"twitter:card\" content=\"summary_large_image\" \/>\n<meta name=\"twitter:label1\" content=\"Szacowany czas czytania\" \/>\n\t<meta name=\"twitter:data1\" content=\"2 minuty\" \/>\n<script type=\"application\/ld+json\" class=\"yoast-schema-graph\">{\"@context\":\"https:\/\/schema.org\",\"@graph\":[{\"@type\":\"WebPage\",\"@id\":\"http:\/\/zswolagulowska.adamow.pl\/?page_id=812\",\"url\":\"http:\/\/zswolagulowska.adamow.pl\/?page_id=812\",\"name\":\"Rzecznik Praw Ucznia - Zesp\u00f3\u0142 Szk\u00f3\u0142 im. gen. Franciszka Kleeberga w Woli Gu\u0142owskiej\",\"isPartOf\":{\"@id\":\"https:\/\/zswolagulowska.adamow.pl\/#website\"},\"datePublished\":\"2025-01-14T10:49:51+00:00\",\"dateModified\":\"2025-03-04T13:14:05+00:00\",\"breadcrumb\":{\"@id\":\"http:\/\/zswolagulowska.adamow.pl\/?page_id=812#breadcrumb\"},\"inLanguage\":\"pl-PL\",\"potentialAction\":[{\"@type\":\"ReadAction\",\"target\":[\"http:\/\/zswolagulowska.adamow.pl\/?page_id=812\"]}]},{\"@type\":\"BreadcrumbList\",\"@id\":\"http:\/\/zswolagulowska.adamow.pl\/?page_id=812#breadcrumb\",\"itemListElement\":[{\"@type\":\"ListItem\",\"position\":1,\"name\":\"Home\",\"item\":\"https:\/\/zswolagulowska.adamow.pl\/\"},{\"@type\":\"ListItem\",\"position\":2,\"name\":\"Rzecznik Praw Ucznia\"}]},{\"@type\":\"WebSite\",\"@id\":\"https:\/\/zswolagulowska.adamow.pl\/#website\",\"url\":\"https:\/\/zswolagulowska.adamow.pl\/\",\"name\":\"Zesp\u00f3\u0142 Szk\u00f3\u0142 im. gen Franciszka Kleeberga w Woli Gu\u0142owskiej\",\"description\":\"&quot;Uczymy si\u0119 nie dla szko\u0142y, lecz dla \u017cycia.&quot;\",\"publisher\":{\"@id\":\"https:\/\/zswolagulowska.adamow.pl\/#organization\"},\"potentialAction\":[{\"@type\":\"SearchAction\",\"target\":{\"@type\":\"EntryPoint\",\"urlTemplate\":\"https:\/\/zswolagulowska.adamow.pl\/?s={search_term_string}\"},\"query-input\":{\"@type\":\"PropertyValueSpecification\",\"valueRequired\":true,\"valueName\":\"search_term_string\"}}],\"inLanguage\":\"pl-PL\"},{\"@type\":\"Organization\",\"@id\":\"https:\/\/zswolagulowska.adamow.pl\/#organization\",\"name\":\"Zesp\u00f3\u0142 Szk\u00f3\u0142 im. gen Franciszka Kleeberga w Woli Gu\u0142owskiej\",\"url\":\"https:\/\/zswolagulowska.adamow.pl\/\",\"logo\":{\"@type\":\"ImageObject\",\"inLanguage\":\"pl-PL\",\"@id\":\"https:\/\/zswolagulowska.adamow.pl\/#\/schema\/logo\/image\/\",\"url\":\"https:\/\/zswolagulowska.adamow.pl\/wp-content\/uploads\/2023\/01\/cropped-cropped-cropped-logo-1-1.png\",\"contentUrl\":\"https:\/\/zswolagulowska.adamow.pl\/wp-content\/uploads\/2023\/01\/cropped-cropped-cropped-logo-1-1.png\",\"width\":420,\"height\":403,\"caption\":\"Zesp\u00f3\u0142 Szk\u00f3\u0142 im. gen Franciszka Kleeberga w Woli Gu\u0142owskiej\"},\"image\":{\"@id\":\"https:\/\/zswolagulowska.adamow.pl\/#\/schema\/logo\/image\/\"}}]}<\/script>\n<!-- \/ Yoast SEO plugin. -->","yoast_head_json":{"title":"Rzecznik Praw Ucznia - Zesp\u00f3\u0142 Szk\u00f3\u0142 im. gen. Franciszka Kleeberga w Woli Gu\u0142owskiej","robots":{"index":"index","follow":"follow","max-snippet":"max-snippet:-1","max-image-preview":"max-image-preview:large","max-video-preview":"max-video-preview:-1"},"canonical":"http:\/\/zswolagulowska.adamow.pl\/?page_id=812","og_locale":"pl_PL","og_type":"article","og_title":"Rzecznik Praw Ucznia - Zesp\u00f3\u0142 Szk\u00f3\u0142 im. gen. Franciszka Kleeberga w Woli Gu\u0142owskiej","og_description":"RZECZNIK PRAW UCZNIA\u00a0\u00a0\u00a0\u00a0\u00a0\u00a0\u00a0\u00a0\u00a0\u00a0\u00a0\u00a0\u00a0 Funkcj\u0119 Rzecznika Praw Ucznia w roku szkolnym 2024\/2025 pe\u0142ni p. Katarzyna Osowiec RZECZNIK PRAW UCZNIA To nauczyciel obdarzony zaufaniem i wybrany przez spo\u0142eczno\u015b\u0107 uczniowsk\u0105. To osoba, do kt\u00f3rej mo\u017cesz si\u0119 zwr\u00f3ci\u0107&#46;&#46;&#46;","og_url":"http:\/\/zswolagulowska.adamow.pl\/?page_id=812","og_site_name":"Zesp\u00f3\u0142 Szk\u00f3\u0142 im. gen. Franciszka Kleeberga w Woli Gu\u0142owskiej","article_modified_time":"2025-03-04T13:14:05+00:00","twitter_card":"summary_large_image","twitter_misc":{"Szacowany czas czytania":"2 minuty"},"schema":{"@context":"https:\/\/schema.org","@graph":[{"@type":"WebPage","@id":"http:\/\/zswolagulowska.adamow.pl\/?page_id=812","url":"http:\/\/zswolagulowska.adamow.pl\/?page_id=812","name":"Rzecznik Praw Ucznia - Zesp\u00f3\u0142 Szk\u00f3\u0142 im. gen. Franciszka Kleeberga w Woli Gu\u0142owskiej","isPartOf":{"@id":"https:\/\/zswolagulowska.adamow.pl\/#website"},"datePublished":"2025-01-14T10:49:51+00:00","dateModified":"2025-03-04T13:14:05+00:00","breadcrumb":{"@id":"http:\/\/zswolagulowska.adamow.pl\/?page_id=812#breadcrumb"},"inLanguage":"pl-PL","potentialAction":[{"@type":"ReadAction","target":["http:\/\/zswolagulowska.adamow.pl\/?page_id=812"]}]},{"@type":"BreadcrumbList","@id":"http:\/\/zswolagulowska.adamow.pl\/?page_id=812#breadcrumb","itemListElement":[{"@type":"ListItem","position":1,"name":"Home","item":"https:\/\/zswolagulowska.adamow.pl\/"},{"@type":"ListItem","position":2,"name":"Rzecznik Praw Ucznia"}]},{"@type":"WebSite","@id":"https:\/\/zswolagulowska.adamow.pl\/#website","url":"https:\/\/zswolagulowska.adamow.pl\/","name":"Zesp\u00f3\u0142 Szk\u00f3\u0142 im. gen Franciszka Kleeberga w Woli Gu\u0142owskiej","description":"&quot;Uczymy si\u0119 nie dla szko\u0142y, lecz dla \u017cycia.&quot;","publisher":{"@id":"https:\/\/zswolagulowska.adamow.pl\/#organization"},"potentialAction":[{"@type":"SearchAction","target":{"@type":"EntryPoint","urlTemplate":"https:\/\/zswolagulowska.adamow.pl\/?s={search_term_string}"},"query-input":{"@type":"PropertyValueSpecification","valueRequired":true,"valueName":"search_term_string"}}],"inLanguage":"pl-PL"},{"@type":"Organization","@id":"https:\/\/zswolagulowska.adamow.pl\/#organization","name":"Zesp\u00f3\u0142 Szk\u00f3\u0142 im. gen Franciszka Kleeberga w Woli Gu\u0142owskiej","url":"https:\/\/zswolagulowska.adamow.pl\/","logo":{"@type":"ImageObject","inLanguage":"pl-PL","@id":"https:\/\/zswolagulowska.adamow.pl\/#\/schema\/logo\/image\/","url":"https:\/\/zswolagulowska.adamow.pl\/wp-content\/uploads\/2023\/01\/cropped-cropped-cropped-logo-1-1.png","contentUrl":"https:\/\/zswolagulowska.adamow.pl\/wp-content\/uploads\/2023\/01\/cropped-cropped-cropped-logo-1-1.png","width":420,"height":403,"caption":"Zesp\u00f3\u0142 Szk\u00f3\u0142 im. gen Franciszka Kleeberga w Woli Gu\u0142owskiej"},"image":{"@id":"https:\/\/zswolagulowska.adamow.pl\/#\/schema\/logo\/image\/"}}]}},"_links":{"self":[{"href":"https:\/\/zswolagulowska.adamow.pl\/index.php?rest_route=\/wp\/v2\/pages\/812","targetHints":{"allow":["GET"]}}],"collection":[{"href":"https:\/\/zswolagulowska.adamow.pl\/index.php?rest_route=\/wp\/v2\/pages"}],"about":[{"href":"https:\/\/zswolagulowska.adamow.pl\/index.php?rest_route=\/wp\/v2\/types\/page"}],"author":[{"embeddable":true,"href":"https:\/\/zswolagulowska.adamow.pl\/index.php?rest_route=\/wp\/v2\/users\/1"}],"replies":[{"embeddable":true,"href":"https:\/\/zswolagulowska.adamow.pl\/index.php?rest_route=%2Fwp%2Fv2%2Fcomments&post=812"}],"version-history":[{"count":3,"href":"https:\/\/zswolagulowska.adamow.pl\/index.php?rest_route=\/wp\/v2\/pages\/812\/revisions"}],"predecessor-version":[{"id":978,"href":"https:\/\/zswolagulowska.adamow.pl\/index.php?rest_route=\/wp\/v2\/pages\/812\/revisions\/978"}],"wp:attachment":[{"href":"https:\/\/zswolagulowska.adamow.pl\/index.php?rest_route=%2Fwp%2Fv2%2Fmedia&parent=812"}],"curies":[{"name":"wp","href":"https:\/\/api.w.org\/{rel}","templated":true}]}}